{"id":225237,"date":"2026-05-13T09:41:49","date_gmt":"2026-05-13T09:41:49","guid":{"rendered":"https:\/\/moto-oprema.com\/?post_type=product&#038;p=225237"},"modified":"2026-05-13T09:49:32","modified_gmt":"2026-05-13T09:49:32","slug":"scorpion-exo-930-evo-ardens-mat-bijela-crna-crvena-kopija","status":"publish","type":"product","link":"https:\/\/moto-oprema.com\/hr\/Artikel\/scorpion-exo-930-evo-ardens-mat-bijela-crna-crvena-kopija\/","title":{"rendered":"SCORPION EXO-930 EVO ARDENS METALIK CRNA CRVENA"},"content":{"rendered":"<p>Scorpion EXO 930 Evo kaciga na preklop s odvojivim \u0161titnikom za bradu<\/p>\n<p>Na zahtjev mnogih korisnika, svestranost kacige EXO-900 Transformer o\u017eivljena je u potpuno novoj kacigi EXO-930. Sve to zahvaljuju\u0107i jedinstvenom, potpuno uklonjivom dizajnu brade, koji vam omogu\u0107uje transformaciju ECE \u00abP\u00bb konfiguracije u iskustvo vo\u017enje na otvorenom zahvaljuju\u0107i modularnoj funkciji. Ovo iskustvo vo\u017enje na otvorenom tada se mo\u017ee u potpunosti u\u017eivati \u200b\u200bi biti potpuno siguran zahvaljuju\u0107i ECE \u00abJ\u00bb homologaciji.  <\/p>\n<p>Konstrukcija:<\/p>\n<ul>\n<li>(P\/J) homologacija<\/li>\n<li>Kwikwick\u00ae unutarnja podstava: mekana, hipoalergena, uklonjiva i periva<\/li>\n<li>Kwikfit\u2122: pogodno za osobe koje nose nao\u010dale<\/li>\n<li>SpeedView\u2122: unutarnji \u0161titnik za sunce koji se isklju\u010duje i trenutno ubla\u017eava stres kod promjenjivih svjetlosnih uvjeta<\/li>\n<li>Ellip-Tec: koristi silu opruge za pritiskanje vizira uz brtvu kako bi se osiguralo maksimalno brtvljenje i omogu\u0107uje zamjenu vizira bez alata u sekundama<\/li>\n<li>Pobolj\u0161ani dio za bradu: Ovaj dio za bradu se zatvara ti\u0161e, tako da vi\u0161e ne\u0107ete \u010duti glasan klik.<\/li>\n<li>Automatska mikrometrijska kop\u010da za bradu za brzo otvaranje i precizno pode\u0161avanje<\/li>\n<li>Kompatibilno s EXO-COM-om<\/li>\n<\/ul>\n<p>Tehni\u010dke specifikacije:<\/p>\n<p>2 veli\u010dine \u0161koljke<\/p>\n<p>Materijal: polikarbonat<\/p>\n<p>Zatvaranje: mikrometrijska kop\u010da s polugom<\/p>\n<p>Standard: ECE 22.06<\/p>\n<p>&nbsp;<\/p>\n<p>&nbsp;<\/p>\n","protected":false},"excerpt":{"rendered":"","protected":false},"featured_media":225039,"comment_status":"open","ping_status":"closed","template":"","meta":{"_acf_changed":false},"brand":[3429],"gender":[2172],"product_brand":[],"product_cat":[1358,1356,2753],"product_tag":[],"class_list":{"0":"post-225237","1":"product","2":"type-product","3":"status-publish","4":"has-post-thumbnail","6":"brand-skorpion","7":"gender-unisex-hr","8":"product_cat-kacige","9":"product_cat-motociklisticka-oprema","10":"product_cat-sklopivi","11":"pa_velikost-st-l-hr","12":"pa_velikost-st-m-hr","13":"pa_velikost-st-s-hr","14":"pa_velikost-st-xl-hr","15":"pa_velikost-st-xs-hr","16":"pa_velikost-st-xxl-hr","17":"pa_velikost-st-xxxl-hr","19":"first","20":"instock","21":"taxable","22":"shipping-taxable","23":"purchasable","24":"product-type-variable"},"acf":[],"_links":{"self":[{"href":"https:\/\/moto-oprema.com\/hr\/wp-json\/wp\/v2\/product\/225237","targetHints":{"allow":["GET"]}}],"collection":[{"href":"https:\/\/moto-oprema.com\/hr\/wp-json\/wp\/v2\/product"}],"about":[{"href":"https:\/\/moto-oprema.com\/hr\/wp-json\/wp\/v2\/types\/product"}],"replies":[{"embeddable":true,"href":"https:\/\/moto-oprema.com\/hr\/wp-json\/wp\/v2\/comments?post=225237"}],"wp:featuredmedia":[{"embeddable":true,"href":"https:\/\/moto-oprema.com\/hr\/wp-json\/wp\/v2\/media\/225039"}],"wp:attachment":[{"href":"https:\/\/moto-oprema.com\/hr\/wp-json\/wp\/v2\/media?parent=225237"}],"wp:term":[{"taxonomy":"brand","embeddable":true,"href":"https:\/\/moto-oprema.com\/hr\/wp-json\/wp\/v2\/brand?post=225237"},{"taxonomy":"gender","embeddable":true,"href":"https:\/\/moto-oprema.com\/hr\/wp-json\/wp\/v2\/gender?post=225237"},{"taxonomy":"product_brand","embeddable":true,"href":"https:\/\/moto-oprema.com\/hr\/wp-json\/wp\/v2\/product_brand?post=225237"},{"taxonomy":"product_cat","embeddable":true,"href":"https:\/\/moto-oprema.com\/hr\/wp-json\/wp\/v2\/product_cat?post=225237"},{"taxonomy":"product_tag","embeddable":true,"href":"https:\/\/moto-oprema.com\/hr\/wp-json\/wp\/v2\/product_tag?post=225237"}],"curies":[{"name":"wp","href":"https:\/\/api.w.org\/{rel}","templated":true}]}}