{"id":224396,"date":"2026-05-12T10:04:27","date_gmt":"2026-05-12T10:04:27","guid":{"rendered":"https:\/\/moto-oprema.com\/?post_type=product&#038;p=224396"},"modified":"2026-05-12T10:10:45","modified_gmt":"2026-05-12T10:10:45","slug":"scorpion-exo-tech-evo-traveler-crna-crvena-kopija","status":"publish","type":"product","link":"https:\/\/moto-oprema.com\/hr\/Artikel\/scorpion-exo-tech-evo-traveler-crna-crvena-kopija\/","title":{"rendered":"SCORPION EXO-TECH EVO TRAVELER CRNI BAKAR"},"content":{"rendered":"<p>Scorpion Exo-Tech Evo modularna preklopna kaciga<\/p>\n<p>EXO-TECH Evo ne \u017eeli biti samo jo\u0161 jedna modularna kaciga na preklop, ve\u0107 \u017eeli ponovno promijeniti pravila igre svojim potpunim izgledom kacige koja pokriva cijelo lice. \u0160iroko vidno polje sa \u0161irokim Pinlock vizirom, lagana kaciga, jednostavan mehanizam za otvaranje brade i ventilacija jednim dodirom. Ova kaciga nudi dobar omjer cijene i kvalitete kako bi zadovoljila razli\u010dite zahtjeve tr\u017ei\u0161ta. Primijetit \u0107ete razliku kada je nosite i osjetit \u0107ete je kada je vozite.   <\/p>\n<p>Konstrukcija:<\/p>\n<p>P\/J homologacija<br \/>\n SpeedView\u2122: unutarnja uvla\u010diva sjenila za sunce koja trenutno ubla\u017eava bol o\u010diju u promjenjivim svjetlosnim uvjetima<br \/>\n Kwikwick II &amp; III\u2122: Tkanina koja regulira temperaturu odr\u017eava vas hladnima i suhima po toplom vremenu, a toplima po hladnom vremenu. Unutarnja podstava se lako skida i periva.<br \/>\n Spremno za Pinlock\u00ae: Pinlock\u00ae zaslon sprje\u010dava zamagljivanje odr\u017eavanjem stalnog zra\u010dnog koridora izme\u0111u sebe i vizira, \u010dak i ako se temperaturna razlika izme\u0111u unutarnje i vanjske strane pove\u0107a.<br \/>\n Kwikfit\u2122: pogodno za osobe koje nose nao\u010dale<br \/>\n Automatska mikrometrijska kop\u010da za bradu za brzo otvaranje i precizno pode\u0161avanje<br \/>\n Kompatibilno s EXO-COM-om <\/p>\n<p>Tehni\u010dke specifikacije:<\/p>\n<p>Materijal: termoplastika \/ polikarbonat<br \/>\n Zatvaranje: kop\u010da s ru\u010dkom<br \/>\n Standard: ECE 22.06<\/p>\n<p>Sadr\u017eaj paketa:<\/p>\n<p>1 x Scorpion Exo-Tech Evo modularna kaciga<br \/>\n 1 x Pinlock le\u0107a<\/p>\n<p>Veli\u010dine:<\/p>\n<p>Veli\u010dina kacige \/ opseg glave:<\/p>\n<ul>\n<li>XS: 53 cm &#8211; 54 cm<\/li>\n<li>S: 55 cm &#8211; 56 cm<\/li>\n<li>M: 57 cm &#8211; 58 cm<\/li>\n<li>D: 59 cm &#8211; 60 cm<\/li>\n<li>XL: 61 cm &#8211; 62 cm<\/li>\n<li>XXL: 63 cm &#8211; 64 cm<\/li>\n<\/ul>\n<p>&nbsp;<\/p>\n","protected":false},"excerpt":{"rendered":"","protected":false},"featured_media":224268,"comment_status":"open","ping_status":"closed","template":"","meta":{"_acf_changed":false},"brand":[3429],"gender":[2172],"product_brand":[],"product_cat":[1358,1356,2753],"product_tag":[],"class_list":{"0":"post-224396","1":"product","2":"type-product","3":"status-publish","4":"has-post-thumbnail","6":"brand-skorpion","7":"gender-unisex-hr","8":"product_cat-kacige","9":"product_cat-motociklisticka-oprema","10":"product_cat-sklopivi","11":"pa_velikost-st-l-hr","12":"pa_velikost-st-m-hr","13":"pa_velikost-st-s-hr","14":"pa_velikost-st-xl-hr","15":"pa_velikost-st-xs-hr","16":"pa_velikost-st-xxl-hr","18":"first","19":"instock","20":"taxable","21":"shipping-taxable","22":"purchasable","23":"product-type-variable"},"acf":[],"_links":{"self":[{"href":"https:\/\/moto-oprema.com\/hr\/wp-json\/wp\/v2\/product\/224396","targetHints":{"allow":["GET"]}}],"collection":[{"href":"https:\/\/moto-oprema.com\/hr\/wp-json\/wp\/v2\/product"}],"about":[{"href":"https:\/\/moto-oprema.com\/hr\/wp-json\/wp\/v2\/types\/product"}],"replies":[{"embeddable":true,"href":"https:\/\/moto-oprema.com\/hr\/wp-json\/wp\/v2\/comments?post=224396"}],"wp:featuredmedia":[{"embeddable":true,"href":"https:\/\/moto-oprema.com\/hr\/wp-json\/wp\/v2\/media\/224268"}],"wp:attachment":[{"href":"https:\/\/moto-oprema.com\/hr\/wp-json\/wp\/v2\/media?parent=224396"}],"wp:term":[{"taxonomy":"brand","embeddable":true,"href":"https:\/\/moto-oprema.com\/hr\/wp-json\/wp\/v2\/brand?post=224396"},{"taxonomy":"gender","embeddable":true,"href":"https:\/\/moto-oprema.com\/hr\/wp-json\/wp\/v2\/gender?post=224396"},{"taxonomy":"product_brand","embeddable":true,"href":"https:\/\/moto-oprema.com\/hr\/wp-json\/wp\/v2\/product_brand?post=224396"},{"taxonomy":"product_cat","embeddable":true,"href":"https:\/\/moto-oprema.com\/hr\/wp-json\/wp\/v2\/product_cat?post=224396"},{"taxonomy":"product_tag","embeddable":true,"href":"https:\/\/moto-oprema.com\/hr\/wp-json\/wp\/v2\/product_tag?post=224396"}],"curies":[{"name":"wp","href":"https:\/\/api.w.org\/{rel}","templated":true}]}}