{"id":224008,"date":"2026-05-12T08:25:34","date_gmt":"2026-05-12T08:25:34","guid":{"rendered":"https:\/\/moto-oprema.com\/?post_type=product&#038;p=224008"},"modified":"2026-05-12T08:36:11","modified_gmt":"2026-05-12T08:36:11","slug":"alpinestars-gp-force-2-v2-jednodijelno-odijelo-crno-plavo-crveno-fluo-kopija","status":"publish","type":"product","link":"https:\/\/moto-oprema.com\/hr\/Artikel\/alpinestars-gp-force-2-v2-jednodijelno-odijelo-crno-plavo-crveno-fluo-kopija\/","title":{"rendered":"ALPINESTARS GP FORCE 2 V2 JEDNODIJELNO ODIJELO BIJELO CRNO CRVENO FLUO"},"content":{"rendered":"<p>Alpinestars GP Force V2 \u2013 jednodijelno odijelo dizajnirano za performanse na stazi i dinami\u010dnu sportsku vo\u017enju, nudi za\u0161titu nalik utrkama s iznimnom udobno\u0161\u0107u i ventilacijom. Odijelo je izra\u0111eno od dvoslojne kravlje ko\u017ee, oja\u010dano DFS Lite za\u0161titnicima i potpuno je kompatibilno sa sustavima zra\u010dnih jastuka Tech-Air\u00ae 7X, Tech-Air\u00ae 10 Race i Tech-Air\u00ae 5. Strate\u0161ki postavljeni perforirani paneli i HRSF rastezljive zone pru\u017eaju vrhunsku pokretljivost i optimiziran protok zraka za agresivnu vo\u017enju.  <\/p>\n<p>Zna\u010dajke:<\/p>\n<ul>\n<li>Kompatibilnost sustava zra\u010dnih jastuka Tech-Air\u00ae 7X: Dizajniran za besprijekornu integraciju s Alpinestarsovom tehnologijom elektroni\u010dkih zra\u010dnih jastuka, pru\u017eaju\u0107i maksimalnu za\u0161titu na trka\u0107oj stazi<\/li>\n<li>Dvoslojna gove\u0111a ko\u017ea: kriti\u010dne zone udara oja\u010dane su DFS Lite (Dynamic Friction Shield) materijalom na ramenima i koljenima za vrhunsku otpornost na habanje<\/li>\n<li>Perforirana ventilacija: Strate\u0161ke perforacije na prsima, le\u0111ima, rukavima i nogavicama maksimiziraju protok zraka tijekom intenzivne vo\u017enje<\/li>\n<li>HRSF rastezljive plo\u010de: visokootporna rastezljiva tkanina na rukama, lopaticama i nogama omogu\u0107uje neograni\u010deno kretanje u specifi\u010dnom trka\u0107em polo\u017eaju<\/li>\n<li>Aerodinami\u010dni brzinski greben: optimiziran za kori\u0161tenje s kacigom Supertech R10 za smanjenje otpora zraka i pobolj\u0161anje stabilnosti pri velikim brzinama<\/li>\n<li>Sportski kroj: ko\u017eni umeci u harmonika uzorku na donjem dijelu le\u0111a, ramenima i koljenima pru\u017eaju potrebnu rastezljivost za agresivnu vo\u017enju<\/li>\n<\/ul>\n<p>Za\u0161tita:<\/p>\n<ul>\n<li>CE \u0161titnici za ramena Nucleon Flex Plus razine 1 i \u0161titnici za bokove Nucleon Bio-Flex za u\u010dinkovitu za\u0161titu od udara<\/li>\n<li>DFS Lite (Dynamic Friction Shield) vanjski kliza\u010di na ramenima i koljenima za vrhunsku otpornost na habanje i upravljanje trenjem<\/li>\n<li>Dvoslojno oja\u010danje od kravlje ko\u017ee na kriti\u010dnim mjestima udara za maksimalnu otpornost na kidanje i habanje<\/li>\n<li>Kompatibilno sa sustavom zra\u010dnih jastuka Tech-Air\u00ae 7x; tako\u0111er prikladno za sustav zra\u010dnih jastuka Tech-Air\u00ae 10 Race i sustav zra\u010dnih jastuka Tech-Air\u00ae 5<\/li>\n<li>Potpuno CE certificirana motociklisti\u010dka odje\u0107a u skladu s CE standardima \u2013 Kategorija II prEN17092 \u2013 Klasa AA<\/li>\n<\/ul>\n<p>Konstrukcija:<\/p>\n<ul>\n<li>Izrada od mekane kravlje ko\u017ee s dvostrukim slojevima na kriti\u010dnim mjestima habanja<\/li>\n<li>DFS Lite (Dynamic Friction Shield) umetci za oja\u010danje na ramenima i koljenima<\/li>\n<li>Perforirani ko\u017eni umeci na prsima, le\u0111ima, rukavima i nogavicama<\/li>\n<li>HRSF (visoko otporna rastezljiva tkanina) umeci ispod pazuha, na lopaticama, stra\u017enjem dijelu nogu i u me\u0111uno\u017eju<\/li>\n<li>Ko\u017eni paneli s uzorkom harmonike na donjem dijelu le\u0111a, ramenima i koljenima<\/li>\n<li>Aerodinami\u010dki izbo\u010deni dijelovi ugra\u0111eni u stra\u017enju plo\u010du<\/li>\n<li>Zatvaranje \u010di\u010dkom na vratu s om\u010dom i zatvaranjem na zape\u0161\u0107ima<\/li>\n<li>Pristupne plo\u010de s patentnim zatvara\u010dem na podlakticama<\/li>\n<li>Podstava ovratnika od sinteti\u010dke bru\u0161ene ko\u017ee<\/li>\n<li>GP Plus izmjenjivi aerodinami\u010dni kliza\u010di za koljena sa sustavom pri\u010dvr\u0161\u0107ivanja<\/li>\n<\/ul>\n","protected":false},"excerpt":{"rendered":"<p>Boja: Crna &#8211; Plava &#8211; Crvena<\/p>\n","protected":false},"featured_media":223816,"comment_status":"open","ping_status":"closed","template":"","meta":{"_acf_changed":false},"brand":[2748],"gender":[2167],"product_brand":[],"product_cat":[2879,2859,1356],"product_tag":[],"class_list":{"0":"post-224008","1":"product","2":"type-product","3":"status-publish","4":"has-post-thumbnail","6":"brand-alpinestars-hr","7":"gender-moski-en","8":"product_cat-jednodijelni-kombinezoni","9":"product_cat-kombinezoni-hr","10":"product_cat-motociklisticka-oprema","11":"pa_size-48-hr","12":"pa_size-50-hr","13":"pa_size-52-hr","14":"pa_size-54-hr","15":"pa_size-56-hr","16":"pa_size-58-hr","17":"pa_size-60-hr","19":"first","20":"onbackorder","21":"sale","22":"taxable","23":"shipping-taxable","24":"purchasable","25":"product-type-variable"},"acf":[],"_links":{"self":[{"href":"https:\/\/moto-oprema.com\/hr\/wp-json\/wp\/v2\/product\/224008","targetHints":{"allow":["GET"]}}],"collection":[{"href":"https:\/\/moto-oprema.com\/hr\/wp-json\/wp\/v2\/product"}],"about":[{"href":"https:\/\/moto-oprema.com\/hr\/wp-json\/wp\/v2\/types\/product"}],"replies":[{"embeddable":true,"href":"https:\/\/moto-oprema.com\/hr\/wp-json\/wp\/v2\/comments?post=224008"}],"wp:featuredmedia":[{"embeddable":true,"href":"https:\/\/moto-oprema.com\/hr\/wp-json\/wp\/v2\/media\/223816"}],"wp:attachment":[{"href":"https:\/\/moto-oprema.com\/hr\/wp-json\/wp\/v2\/media?parent=224008"}],"wp:term":[{"taxonomy":"brand","embeddable":true,"href":"https:\/\/moto-oprema.com\/hr\/wp-json\/wp\/v2\/brand?post=224008"},{"taxonomy":"gender","embeddable":true,"href":"https:\/\/moto-oprema.com\/hr\/wp-json\/wp\/v2\/gender?post=224008"},{"taxonomy":"product_brand","embeddable":true,"href":"https:\/\/moto-oprema.com\/hr\/wp-json\/wp\/v2\/product_brand?post=224008"},{"taxonomy":"product_cat","embeddable":true,"href":"https:\/\/moto-oprema.com\/hr\/wp-json\/wp\/v2\/product_cat?post=224008"},{"taxonomy":"product_tag","embeddable":true,"href":"https:\/\/moto-oprema.com\/hr\/wp-json\/wp\/v2\/product_tag?post=224008"}],"curies":[{"name":"wp","href":"https:\/\/api.w.org\/{rel}","templated":true}]}}