{"id":223563,"date":"2026-05-12T07:02:49","date_gmt":"2026-05-12T07:02:49","guid":{"rendered":"https:\/\/moto-oprema.com\/?post_type=product&#038;p=223563"},"modified":"2026-05-12T07:12:22","modified_gmt":"2026-05-12T07:12:22","slug":"hjc-rpha12-venom-3-kaciga-kopija","status":"publish","type":"product","link":"https:\/\/moto-oprema.com\/hr\/Artikel\/hjc-rpha12-venom-3-kaciga-kopija\/","title":{"rendered":"HJC RPHA12 ANTI VENOM 2 KACIGA MC8"},"content":{"rendered":"<p>HJC predstavlja RPHA 12 ANTI-VENOM II MARVEL. Anti-Venom je Marvelov antijunak nastao kada su se ostaci simbiota unutar Eddieja Brocka spojili s mo\u0107i Mr. Negativea. Posjeduju\u0107i pro\u010di\u0161\u0107avaju\u0107e iscjeliteljske mo\u0107i koje eliminiraju bolesti i toksine, Anti-Venom tako\u0111er posjeduje ogromnu mo\u0107 neutraliziranja drugih simbiota, utjelovljuju\u0107i jedinstveni identitet &#8220;Iscjelitelja&#8221;.  <\/p>\n<p>Ovaj grafi\u010dki dizajn usredoto\u010den je na Anti-Venomovu prepoznatljivu obrnutu bijelu paletu, istaknutu smjelim i slikarskim potezima kistom koji obuhva\u0107aju organsku i eksplozivnu energiju lika. Uz tradicionalni crno-bijeli kontrast, smjeli ljubi\u010dasti i \u017euti detalji samouvjereno su dodani kako bi se naglasila tajanstvena i tajanstvena prisutnost simbiota. Sirova, ru\u010dno nanesena tekstura nadopunjuje povr\u0161inu, daju\u0107i RPHA 12 jedinstvenu estetiku i sna\u017ean vizualni dojam.  <\/p>\n<p>Premium Integrated Matrix \/ PIM EVO: Materijali za oja\u010danje, uklju\u010duju\u0107i hibrid ugljik-aramid i prirodna vlakna, pru\u017eaju bolje performanse u smislu otpornosti na udarce, ve\u0107e udobnosti i lako\u0107e kacige.<br \/>\nVIZIR HJ-42 s Pinlock Ready za\u0161titom: Pru\u017ea 99% UV za\u0161titu, premaz otporan na ogrebotine; \u010cegrtaljka s dvosmjernim klinom osigurava glatko kretanje \u010degrtaljke i bolji hvat.<br \/>\nAerodinami\u010dna struktura \u0161koljke za iznimne performanse pri najve\u0107im brzinama.<br \/>\nKomplet za hitne slu\u010dajeve (jastu\u010di\u0107i za obraze) za sigurno i brzo uklanjanje u hitnim situacijama.<br \/>\nVe\u0107i otvor za o\u010di omogu\u0107uje voza\u010du bolji periferni vid.<br \/>\nNapredna antibakterijska unutra\u0161njost osigurava pove\u0107anu prozra\u010dnost i brzo su\u0161enje.<br \/>\nUnutarnja \u0161koljka i jastu\u010di\u0107i za obraze su uklonjivi i perivi.<br \/>\nStandardno je opremljen 2D prozirnim i tamnim vizirom, bravom, \u0161titnikom za bradu i deflektorom zraka.<br \/>\n4 veli\u010dine \u0161koljke: XS, S, ML, XL-2XL.<\/p>\n","protected":false},"excerpt":{"rendered":"<p>HJC RPHA 12 kaciga za cijelo lice Boja: Dekor MC1SF &#8211; VENOM<\/p>\n","protected":false},"featured_media":223591,"comment_status":"open","ping_status":"closed","template":"","meta":{"_acf_changed":false},"brand":[2130],"gender":[2172],"product_brand":[],"product_cat":[1358,1356,1359],"product_tag":[],"class_list":{"0":"post-223563","1":"product","2":"type-product","3":"status-publish","4":"has-post-thumbnail","6":"brand-hjc-hr","7":"gender-unisex-hr","8":"product_cat-kacige","9":"product_cat-motociklisticka-oprema","10":"product_cat-sastavni","11":"pa_size-l-hr","12":"pa_size-m-hr","13":"pa_size-s-hr","14":"pa_size-xl-hr","15":"pa_size-xs-hr","16":"pa_size-xxl-hr","17":"pa_size-xxs-hr","19":"first","20":"onbackorder","21":"sale","22":"taxable","23":"shipping-taxable","24":"purchasable","25":"product-type-variable"},"acf":[],"_links":{"self":[{"href":"https:\/\/moto-oprema.com\/hr\/wp-json\/wp\/v2\/product\/223563","targetHints":{"allow":["GET"]}}],"collection":[{"href":"https:\/\/moto-oprema.com\/hr\/wp-json\/wp\/v2\/product"}],"about":[{"href":"https:\/\/moto-oprema.com\/hr\/wp-json\/wp\/v2\/types\/product"}],"replies":[{"embeddable":true,"href":"https:\/\/moto-oprema.com\/hr\/wp-json\/wp\/v2\/comments?post=223563"}],"wp:featuredmedia":[{"embeddable":true,"href":"https:\/\/moto-oprema.com\/hr\/wp-json\/wp\/v2\/media\/223591"}],"wp:attachment":[{"href":"https:\/\/moto-oprema.com\/hr\/wp-json\/wp\/v2\/media?parent=223563"}],"wp:term":[{"taxonomy":"brand","embeddable":true,"href":"https:\/\/moto-oprema.com\/hr\/wp-json\/wp\/v2\/brand?post=223563"},{"taxonomy":"gender","embeddable":true,"href":"https:\/\/moto-oprema.com\/hr\/wp-json\/wp\/v2\/gender?post=223563"},{"taxonomy":"product_brand","embeddable":true,"href":"https:\/\/moto-oprema.com\/hr\/wp-json\/wp\/v2\/product_brand?post=223563"},{"taxonomy":"product_cat","embeddable":true,"href":"https:\/\/moto-oprema.com\/hr\/wp-json\/wp\/v2\/product_cat?post=223563"},{"taxonomy":"product_tag","embeddable":true,"href":"https:\/\/moto-oprema.com\/hr\/wp-json\/wp\/v2\/product_tag?post=223563"}],"curies":[{"name":"wp","href":"https:\/\/api.w.org\/{rel}","templated":true}]}}