{"id":223319,"date":"2026-05-12T06:15:58","date_gmt":"2026-05-12T06:15:58","guid":{"rendered":"https:\/\/moto-oprema.com\/?post_type=product&#038;p=223319"},"modified":"2026-05-12T06:41:12","modified_gmt":"2026-05-12T06:41:12","slug":"hjc-rpha12-red-bull-austin-gp-ii-kaciga-kopija","status":"publish","type":"product","link":"https:\/\/moto-oprema.com\/hr\/Artikel\/hjc-rpha12-red-bull-austin-gp-ii-kaciga-kopija\/","title":{"rendered":"HJC RPHA12 RED BULL MISANO 2 MC21 KACIGA"},"content":{"rendered":"<p>HJC RPHA 12 Red Bull Misano 2 kaciga<\/p>\n<p>HJC RPHA 12 Red Bull Misano II je vi\u0161e od obi\u010dne za\u0161titne kacige \u2013 to je posveta strasti prema motosportu i prepoznatljivom stilu Red Bull Racinga. Svojim prepoznatljivim dizajnom, inspiriranim dinamikom MotoGP\u2122-a i bojama legendarnog brenda energetskih pi\u0107a, odmah privla\u010di pa\u017enju na svakoj cesti i trka\u0107oj stazi. Smjela plava boja, dinami\u010dna grafika i ikoni\u010dni Red Bull logo \u010dine ovu kacigu pravim magnetom za navija\u010de koji \u017eele kombinirati brzinu, performanse i stil \u017eivota. S tehni\u010dkog gledi\u0161ta, RPHA 12 impresionira svojom naprednom konstrukcijom \u0161koljke Premium Integrated Matrix EVO (PIM EVO) izra\u0111enom od karbon-aramidnih i prirodnih vlakana. Ova kombinacija osigurava izuzetno laganu, ali vrlo stabilnu strukturu. Aerodinami\u010dni oblik s integriranim stra\u017enjim spojlerom smanjuje otpor zraka i uzgon, osiguravaju\u0107i maksimalnu stabilnost \u010dak i pri velikim brzinama. Zakrivljeni HJ-42 vizir s dvosmjernim sustavom zatvaranja ne samo da osigurava jasno vidno polje i savr\u0161eno brtvljenje, ve\u0107 i nagla\u0161ava trka\u0107i DNK ove kacige. Uklonjiva, prozra\u010dna unutarnja podstava, zamjenjivi jastu\u010di\u0107i za obraze i optimizirani sustav ventilacije pru\u017eaju jo\u0161 ve\u0107u udobnost. Ova kaciga u skladu je s trenutnim standardom ECE 22.06 i kombinira beskompromisnu sigurnost s jednim od najikoni\u010dnijih dizajna u svijetu motociklizma. Idealna je za voza\u010de koji \u017eele tehnologiju, stil i strast prema motosportu kombinirati u jednoj kacigi.         <\/p>\n<p>Zna\u010dajke:<\/p>\n<ul>\n<li>Premium integrirana matrica \/ PIM EVO.<\/li>\n<li>Vanjska \u0161koljka od karbonskih vlakana pru\u017ea lak\u0161u i udobniju \u0161koljku s boljom otporno\u0161\u0107u na udarce.<\/li>\n<li>VIZIR HJ-42 s Pinlock Ready za\u0161titom: Pru\u017ea 99% UV za\u0161titu, premaz otporan na ogrebotine; \u010cegrtaljka s dvosmjernim klinom osigurava glatko kretanje \u010degrtaljke i bolji hvat.<\/li>\n<li>Aerodinami\u010dna struktura \u0161koljke za iznimne performanse pri najve\u0107im brzinama.<\/li>\n<li>Komplet za hitne slu\u010dajeve (jastu\u010di\u0107i za obraze) za sigurno i brzo uklanjanje u hitnim situacijama.<\/li>\n<li>Ve\u0107i otvor za o\u010di omogu\u0107uje voza\u010du bolji periferni vid.<\/li>\n<li>Napredna antibakterijska unutra\u0161njost osigurava pove\u0107anu prozra\u010dnost i brzo su\u0161enje.<\/li>\n<li>Unutarnja \u0161koljka i jastu\u010di\u0107i za obraze su uklonjivi i perivi.<\/li>\n<li>Standardno je opremljen 2D prozirnim i tamnim dimnim VIZIROM, Pinlockom,<\/li>\n<li>Zavjesa za bradu i deflektor za disanje.<\/li>\n<li>4 veli\u010dine \u0161koljke: XS, S, ML, XL-2XL.<\/li>\n<\/ul>\n<p>&nbsp;<\/p>\n","protected":false},"excerpt":{"rendered":"<p>HJC RPHA 12 kaciga za cijelo lice Boja: Red Bull Austin II<\/p>\n","protected":false},"featured_media":223349,"comment_status":"open","ping_status":"closed","template":"","meta":{"_acf_changed":false},"brand":[2130],"gender":[2172],"product_brand":[],"product_cat":[1358,1356,1359],"product_tag":[],"class_list":{"0":"post-223319","1":"product","2":"type-product","3":"status-publish","4":"has-post-thumbnail","6":"brand-hjc-hr","7":"gender-unisex-hr","8":"product_cat-kacige","9":"product_cat-motociklisticka-oprema","10":"product_cat-sastavni","11":"pa_size-l-hr","12":"pa_size-m-hr","13":"pa_size-s-hr","14":"pa_size-xl-hr","15":"pa_size-xs-hr","16":"pa_size-xxl-hr","17":"pa_size-xxs-hr","19":"first","20":"instock","21":"sale","22":"taxable","23":"shipping-taxable","24":"purchasable","25":"product-type-variable"},"acf":[],"_links":{"self":[{"href":"https:\/\/moto-oprema.com\/hr\/wp-json\/wp\/v2\/product\/223319","targetHints":{"allow":["GET"]}}],"collection":[{"href":"https:\/\/moto-oprema.com\/hr\/wp-json\/wp\/v2\/product"}],"about":[{"href":"https:\/\/moto-oprema.com\/hr\/wp-json\/wp\/v2\/types\/product"}],"replies":[{"embeddable":true,"href":"https:\/\/moto-oprema.com\/hr\/wp-json\/wp\/v2\/comments?post=223319"}],"wp:featuredmedia":[{"embeddable":true,"href":"https:\/\/moto-oprema.com\/hr\/wp-json\/wp\/v2\/media\/223349"}],"wp:attachment":[{"href":"https:\/\/moto-oprema.com\/hr\/wp-json\/wp\/v2\/media?parent=223319"}],"wp:term":[{"taxonomy":"brand","embeddable":true,"href":"https:\/\/moto-oprema.com\/hr\/wp-json\/wp\/v2\/brand?post=223319"},{"taxonomy":"gender","embeddable":true,"href":"https:\/\/moto-oprema.com\/hr\/wp-json\/wp\/v2\/gender?post=223319"},{"taxonomy":"product_brand","embeddable":true,"href":"https:\/\/moto-oprema.com\/hr\/wp-json\/wp\/v2\/product_brand?post=223319"},{"taxonomy":"product_cat","embeddable":true,"href":"https:\/\/moto-oprema.com\/hr\/wp-json\/wp\/v2\/product_cat?post=223319"},{"taxonomy":"product_tag","embeddable":true,"href":"https:\/\/moto-oprema.com\/hr\/wp-json\/wp\/v2\/product_tag?post=223319"}],"curies":[{"name":"wp","href":"https:\/\/api.w.org\/{rel}","templated":true}]}}