{"id":223043,"date":"2026-05-11T10:01:07","date_gmt":"2026-05-11T10:01:07","guid":{"rendered":"https:\/\/moto-oprema.com\/?post_type=product&#038;p=223043"},"modified":"2026-05-11T10:05:43","modified_gmt":"2026-05-11T10:05:43","slug":"alpinestars-sp-9-rukavice-crne-kopija","status":"publish","type":"product","link":"https:\/\/moto-oprema.com\/hr\/Artikel\/alpinestars-sp-9-rukavice-crne-kopija\/","title":{"rendered":"ALPINESTARS SP-9 RUKAVICE CRNE BIJELE CRVENE"},"content":{"rendered":"<p>Dizajnirane za utrke i sportsku vo\u017enju, Alpinestars SP-9 rukavice kombiniraju za\u0161titu iz MotoGP-a sa svestranom funkcionalno\u0161\u0107u za vo\u017enju po cesti. Izra\u0111ene od punozrnate kozje ko\u017ee otporne na habanje, imaju napredni TPU SP-R \u0161titnik za zglobove koji ima CE Level 1 KP certifikat za dokazanu za\u0161titu od udaraca. Unaprijed oblikovani ergonomski dizajn s patentiranim mostom za prste, perforiranom ventilacijom i vrhovima prstiju kompatibilnim s zaslonom osjetljivim na dodir pru\u017eaju preciznu kontrolu i cjelodnevnu udobnost.  <\/p>\n<p>Zna\u010dajke:<\/p>\n<ul>\n<li>Podijeljeni TPU SP-R \u0161titnik za prste \u2013 TPU za\u0161tita dokazana u MotoGP-u odr\u017eava fleksibilnost prstiju i uklanja pritisne to\u010dke tijekom agresivnog ko\u010denja<\/li>\n<li>Perforirana kozja ko\u017ea \u2013 vrhunska otpornost na habanje s optimiziranim protokom zraka za sportsku vo\u017enju u svim godi\u0161njim dobima<\/li>\n<li>Anatomski umetci za hvatanje \u2013 strate\u0161ki postavljena oja\u010danja na dlanu i palcu smanjuju umor ruke tijekom dugih vo\u017enji<\/li>\n<li>Unaprijed oblikovani uzorak na prstima \u2013 smanjuje gu\u017evanje materijala za trenutnu udobnost bez razdoblja razgazivanja<\/li>\n<li>Vrhovi prstiju kompatibilni sa zaslonom osjetljivim na dodir \u2013 upravljajte GPS-om i pametnim telefonom bez skidanja rukavica<\/li>\n<\/ul>\n<p>Za\u0161tita:<\/p>\n<ul>\n<li>CE KP certifikat razine 1 za dokazanu za\u0161titu od udara<\/li>\n<li>SP-R TPU kliza\u010d na dlanu s oja\u010danjima od aramidnih vlakana za otpornost na habanje na kriti\u010dnim podru\u010djima udara<\/li>\n<li>Oja\u010dani premazi na dlanu i bo\u010dnim stranama ruke \u0161tite podru\u010dja visokog rizika tijekom klizanja<\/li>\n<li>Oja\u010danja za prste otporna na udarce s aramidnim vlaknima na mostu prstiju za pobolj\u0161anu za\u0161titu od udara<\/li>\n<li>Pjenasta podloga razli\u010dite debljine i EVA podloga na zglobovima, prstima, kliza\u010du dlana i man\u017eeti za apsorpciju udaraca<\/li>\n<li>Most za prste Street sprje\u010dava odvajanje i i\u0161\u010da\u0161enje malog i prstenjaka u sudarima<\/li>\n<li>Duga man\u017eeta s dvostrukim sustavom zatvaranja pru\u017ea pro\u0161irenu pokrivenost zape\u0161\u0107a<\/li>\n<\/ul>\n<p>Konstrukcija<\/p>\n<ul>\n<li>Glavni dio izra\u0111en od punozrnate kozje ko\u017ee<\/li>\n<li>Sinteti\u010dka ko\u017ea na odabranim dijelovima<\/li>\n<li>Elasti\u010dna tkanina na zglobovima prstiju i interdigitalnim podru\u010djima<\/li>\n<li>Dvoslojna elasti\u010dna membrana na dlanu u podru\u010dju baze palca<\/li>\n<li>Elasti\u010dni dijelovi u uzorku harmonike na ka\u017eiprstu i srednjem prstu<\/li>\n<li>Perforirana konstrukcija na nadlanici<\/li>\n<li>Unaprijed oblikovani anatomski uzorak prstiju<\/li>\n<li>Profilirani umetak za hvatanje utisnut u podru\u010dje dlana i palca<\/li>\n<\/ul>\n","protected":false},"excerpt":{"rendered":"<p>Rukavice Alpinestars SP-8 V3 izra\u0111ene su od ko\u017ee koja je izuzetno otporna na habanje. Model Air&#8230;<\/p>\n","protected":false},"featured_media":222869,"comment_status":"open","ping_status":"closed","template":"","meta":{"_acf_changed":false},"brand":[2748],"gender":[2167],"product_brand":[],"product_cat":[2835,1356,2816],"product_tag":[],"class_list":{"0":"post-223043","1":"product","2":"type-product","3":"status-publish","4":"has-post-thumbnail","6":"brand-alpinestars-hr","7":"gender-moski-en","8":"product_cat-kozne-rukavice","9":"product_cat-motociklisticka-oprema","10":"product_cat-rukavice","11":"pa_velikost-rokovice-l-hr","12":"pa_velikost-rokovice-m-hr","13":"pa_velikost-rokovice-s-hr","14":"pa_velikost-rokovice-xl-hr","15":"pa_velikost-rokovice-xxl-hr","16":"pa_velikost-rokovice-xxxl-hr","18":"first","19":"outofstock","20":"sale","21":"taxable","22":"shipping-taxable","23":"purchasable","24":"product-type-variable"},"acf":[],"_links":{"self":[{"href":"https:\/\/moto-oprema.com\/hr\/wp-json\/wp\/v2\/product\/223043","targetHints":{"allow":["GET"]}}],"collection":[{"href":"https:\/\/moto-oprema.com\/hr\/wp-json\/wp\/v2\/product"}],"about":[{"href":"https:\/\/moto-oprema.com\/hr\/wp-json\/wp\/v2\/types\/product"}],"replies":[{"embeddable":true,"href":"https:\/\/moto-oprema.com\/hr\/wp-json\/wp\/v2\/comments?post=223043"}],"wp:featuredmedia":[{"embeddable":true,"href":"https:\/\/moto-oprema.com\/hr\/wp-json\/wp\/v2\/media\/222869"}],"wp:attachment":[{"href":"https:\/\/moto-oprema.com\/hr\/wp-json\/wp\/v2\/media?parent=223043"}],"wp:term":[{"taxonomy":"brand","embeddable":true,"href":"https:\/\/moto-oprema.com\/hr\/wp-json\/wp\/v2\/brand?post=223043"},{"taxonomy":"gender","embeddable":true,"href":"https:\/\/moto-oprema.com\/hr\/wp-json\/wp\/v2\/gender?post=223043"},{"taxonomy":"product_brand","embeddable":true,"href":"https:\/\/moto-oprema.com\/hr\/wp-json\/wp\/v2\/product_brand?post=223043"},{"taxonomy":"product_cat","embeddable":true,"href":"https:\/\/moto-oprema.com\/hr\/wp-json\/wp\/v2\/product_cat?post=223043"},{"taxonomy":"product_tag","embeddable":true,"href":"https:\/\/moto-oprema.com\/hr\/wp-json\/wp\/v2\/product_tag?post=223043"}],"curies":[{"name":"wp","href":"https:\/\/api.w.org\/{rel}","templated":true}]}}