{"id":222573,"date":"2026-05-11T08:35:53","date_gmt":"2026-05-11T08:35:53","guid":{"rendered":"https:\/\/moto-oprema.com\/?post_type=product&#038;p=222573"},"modified":"2026-05-11T08:41:46","modified_gmt":"2026-05-11T08:41:46","slug":"oneal-sierra-rs-echo-v-26-crna-fluorescentno-zuta-kopija","status":"publish","type":"product","link":"https:\/\/moto-oprema.com\/hr\/Artikel\/oneal-sierra-rs-echo-v-26-crna-fluorescentno-zuta-kopija\/","title":{"rendered":"O&#8217;NEAL SIERRA RS ECHO V.26 CRNA CRVENA"},"content":{"rendered":"<p>Otkrijte novu O&#8217;NEAL Sierra RS V.26 \u2013 svestranu kacigu za zahtjevne voza\u010de.<\/p>\n<p>Ova kaciga kombinira najvi\u0161e sigurnosne standarde s udobnim pristajanjem i najsuvremenijim zna\u010dajkama. S dvije vanjske i tri unutarnje ljuske izra\u0111ene od EPS-a, nudi optimalnu za\u0161titu i individualno pode\u0161avanje. Visokokvalitetna vanjska ljuska izra\u0111ena od ABS-a osigurava dug vijek trajanja, dok dobro osmi\u0161ljena ventilacija sa zatvaraju\u0107im otvorima i unutarnjim kanalima osigurava ugodnu klimu.  <\/p>\n<p>Sierra RS je spremna za Quin Smart Safety Sensor i ima inovativni EQRS sustav s om\u010dama za hitne slu\u010dajeve za brzo uklanjanje podstavljenih jastu\u010di\u0107a za obraze. Microlock remen za bradu osigurava sigurno prianjanje. Podstavljena, uklonjiva unutarnja podstava upija znoj i periva je za udobno pristajanje.  <\/p>\n<p>Za modernu komunikaciju, kaciga je spremna za Bluetooth, s unaprijed oblikovanim izrezima za dodatne zvu\u010dnike u podru\u010dju u\u0161iju (Bluetooth ure\u0111aj nije uklju\u010den). Vizir Pinlock\u00ae MaxVision osigurava jasan pogled, a nadopunjuje ga integrirani \u0161titnik za sunce za sve vremenske uvjete. Sierra RS zadovoljava novu normu ECE 22.06, osiguravaju\u0107i najvi\u0161e sigurnosne standarde.  <\/p>\n<p>Materijal: vanjska \u0161koljka izra\u0111ena od 74% ABS-a i 26% EPS-a; punjenje od 100% PU pjene; \u200b\u200bunutarnja podstava od 85% poliestera i 15% spandeksa.<\/p>\n","protected":false},"excerpt":{"rendered":"<p>Enduro touring kaciga O&#8217;neal Sierra v.24<\/p>\n","protected":false},"featured_media":222603,"comment_status":"open","ping_status":"closed","template":"","meta":{"_acf_changed":false},"brand":[2849],"gender":[2172],"product_brand":[],"product_cat":[1358,1356],"product_tag":[],"class_list":{"0":"post-222573","1":"product","2":"type-product","3":"status-publish","4":"has-post-thumbnail","6":"brand-oneal-hr","7":"gender-unisex-hr","8":"product_cat-kacige","9":"product_cat-motociklisticka-oprema","10":"pa_size-2xl-hr","11":"pa_size-l-hr","12":"pa_size-m-hr","13":"pa_size-s-hr","14":"pa_size-xl-hr","15":"pa_size-xs-hr","17":"first","18":"instock","19":"sale","20":"taxable","21":"shipping-taxable","22":"purchasable","23":"product-type-variable"},"acf":[],"_links":{"self":[{"href":"https:\/\/moto-oprema.com\/hr\/wp-json\/wp\/v2\/product\/222573","targetHints":{"allow":["GET"]}}],"collection":[{"href":"https:\/\/moto-oprema.com\/hr\/wp-json\/wp\/v2\/product"}],"about":[{"href":"https:\/\/moto-oprema.com\/hr\/wp-json\/wp\/v2\/types\/product"}],"replies":[{"embeddable":true,"href":"https:\/\/moto-oprema.com\/hr\/wp-json\/wp\/v2\/comments?post=222573"}],"wp:featuredmedia":[{"embeddable":true,"href":"https:\/\/moto-oprema.com\/hr\/wp-json\/wp\/v2\/media\/222603"}],"wp:attachment":[{"href":"https:\/\/moto-oprema.com\/hr\/wp-json\/wp\/v2\/media?parent=222573"}],"wp:term":[{"taxonomy":"brand","embeddable":true,"href":"https:\/\/moto-oprema.com\/hr\/wp-json\/wp\/v2\/brand?post=222573"},{"taxonomy":"gender","embeddable":true,"href":"https:\/\/moto-oprema.com\/hr\/wp-json\/wp\/v2\/gender?post=222573"},{"taxonomy":"product_brand","embeddable":true,"href":"https:\/\/moto-oprema.com\/hr\/wp-json\/wp\/v2\/product_brand?post=222573"},{"taxonomy":"product_cat","embeddable":true,"href":"https:\/\/moto-oprema.com\/hr\/wp-json\/wp\/v2\/product_cat?post=222573"},{"taxonomy":"product_tag","embeddable":true,"href":"https:\/\/moto-oprema.com\/hr\/wp-json\/wp\/v2\/product_tag?post=222573"}],"curies":[{"name":"wp","href":"https:\/\/api.w.org\/{rel}","templated":true}]}}