{"id":221893,"date":"2026-04-23T10:54:05","date_gmt":"2026-04-23T10:54:05","guid":{"rendered":"https:\/\/moto-oprema.com\/?post_type=product&#038;p=221893"},"modified":"2026-04-23T10:59:27","modified_gmt":"2026-04-23T10:59:27","slug":"alpinestars-sp-r-pro-rukavice-crne-zute-kopija","status":"publish","type":"product","link":"https:\/\/moto-oprema.com\/hr\/Artikel\/alpinestars-sp-r-pro-rukavice-crne-zute-kopija\/","title":{"rendered":"ALPINESTARS SP-R PRO RUKAVICE CRNO BIJELO CRVENO"},"content":{"rendered":"<p>Dizajnirane za sportske i uli\u010dne voza\u010de, Alpinestars SP-R Pro rukavice pru\u017eaju za\u0161titu MotoGP-a optimiziranu za supernake i hypermotard motocikle. Izra\u0111ene od punozrnate kozje ko\u017ee s prepoznatljivom split TPU za\u0161titom zglobova serije SP-R, certificirane su CE Level 1 i imaju strate\u0161ki postavljena perforirana podru\u010dja za pobolj\u0161anu cirkulaciju zraka. Anatomski oblikovani umeci za hvatanje i fleksibilni harmonika umeci pru\u017eaju preciznu kontrolu, vrhunsku udobnost i izdr\u017eljivost dokazanu na utrkama.  <\/p>\n<p>Klju\u010dne zna\u010dajke<\/p>\n<ul>\n<li>Za\u0161tita zglobova izvedena iz MotoGP-a \u2013 maksimizira pokretljivost prstiju i uklanja pritiske prilikom ko\u010denja i skretanja<\/li>\n<li>Patentirani most izme\u0111u prstiju \u2013 sprje\u010dava prekomjerno \u0161irenje prstiju pri udarcu, pru\u017eaju\u0107i bolju za\u0161titu ruke<\/li>\n<li>Anatomski oblikovani umetci za hvatanje \u2013 optimiziraju preciznost upravljanja i odziv poluge na kontaktnim podru\u010djima dlana i palca<\/li>\n<li>Perforirana konstrukcija od kozje ko\u017ee \u2013 pru\u017ea iznimnu otpornost na habanje i pobolj\u0161anu prozra\u010dnost<\/li>\n<li>Za\u0161tita zglobova s \u200b\u200bCE certifikatom razine 1 \u2013 pru\u017ea za\u0161titu od udaraca dokazanu na utrkama s TPR oja\u010danjima za prste<\/li>\n<\/ul>\n<p>za\u0161tita<\/p>\n<ul>\n<li>Za\u0161tita zglobova prstiju s certifikatom CE razine 1 za otpornost na udarce<\/li>\n<li>SP-R razdvojeni TPU prsti, izvedeni iz MotoGP-a, \u0161tite od udaraca uz odr\u017eavanje fleksibilnosti prstiju<\/li>\n<li>TPR oja\u010danja za prste pru\u017eaju otpornost na habanje na kriti\u010dnim podru\u010djima<\/li>\n<li>Punozrnata kozja ko\u017ea pru\u017ea vrhunsku za\u0161titu od habanja za dlan i prste<\/li>\n<li>Patentirani most izme\u0111u prstiju sprje\u010dava ozljede uzrokovane prekomjernim istezanjem prstiju<\/li>\n<li>Oja\u010dani dijelovi dlana i palca \u0161tite podru\u010dja s visokim kontaktom<\/li>\n<\/ul>\n<p>Materijali:<\/p>\n<ul>\n<li>Konstrukcija vrha od punozrnate kozje ko\u017ee za izdr\u017eljivost prilikom habanja<\/li>\n<li>Lagana tekstilna baza za smanjenje te\u017eine<\/li>\n<li>Perforirani paneli od sinteti\u010dke bru\u0161ene ko\u017ee na stra\u017enjoj strani<\/li>\n<li>Dlan od sinteti\u010dke ko\u017ee s oja\u010danim podru\u010djima hvata za ve\u0107u izdr\u017eljivost<\/li>\n<li>Umetak od bru\u0161ene ko\u017ee na unutarnjoj strani palca za otpornost na habanje<\/li>\n<li>TPU (termoplasti\u010dni poliuretan) SP-R podijeljeni \u0161titnik za prste<\/li>\n<li>TPR (termoplasti\u010dna guma) oja\u010danja za prste<\/li>\n<li>Integrirani rastezljivi paneli na prstima<\/li>\n<li>Elasti\u010dna traka za zglob<\/li>\n<\/ul>\n<p>&nbsp;<\/p>\n","protected":false},"excerpt":{"rendered":"<p>Dizajnirane za sportske i uli\u010dne voza\u010de, Alpinestars SP-R Pro rukavice pru\u017eaju za\u0161titu MotoGP-a optimiziranu za supernake&#8230;<\/p>\n","protected":false},"featured_media":221837,"comment_status":"open","ping_status":"closed","template":"","meta":{"_acf_changed":false},"brand":[2748],"gender":[2167],"product_brand":[],"product_cat":[2835,1356,2816],"product_tag":[],"class_list":{"0":"post-221893","1":"product","2":"type-product","3":"status-publish","4":"has-post-thumbnail","6":"brand-alpinestars-hr","7":"gender-moski-en","8":"product_cat-kozne-rukavice","9":"product_cat-motociklisticka-oprema","10":"product_cat-rukavice","11":"pa_velikost-rokovice-l-hr","12":"pa_velikost-rokovice-m-hr","13":"pa_velikost-rokovice-s-hr","14":"pa_velikost-rokovice-xl-hr","15":"pa_velikost-rokovice-xxl-hr","16":"pa_velikost-rokovice-xxxl-hr","18":"first","19":"instock","20":"sale","21":"taxable","22":"shipping-taxable","23":"purchasable","24":"product-type-variable"},"acf":[],"_links":{"self":[{"href":"https:\/\/moto-oprema.com\/hr\/wp-json\/wp\/v2\/product\/221893","targetHints":{"allow":["GET"]}}],"collection":[{"href":"https:\/\/moto-oprema.com\/hr\/wp-json\/wp\/v2\/product"}],"about":[{"href":"https:\/\/moto-oprema.com\/hr\/wp-json\/wp\/v2\/types\/product"}],"replies":[{"embeddable":true,"href":"https:\/\/moto-oprema.com\/hr\/wp-json\/wp\/v2\/comments?post=221893"}],"wp:featuredmedia":[{"embeddable":true,"href":"https:\/\/moto-oprema.com\/hr\/wp-json\/wp\/v2\/media\/221837"}],"wp:attachment":[{"href":"https:\/\/moto-oprema.com\/hr\/wp-json\/wp\/v2\/media?parent=221893"}],"wp:term":[{"taxonomy":"brand","embeddable":true,"href":"https:\/\/moto-oprema.com\/hr\/wp-json\/wp\/v2\/brand?post=221893"},{"taxonomy":"gender","embeddable":true,"href":"https:\/\/moto-oprema.com\/hr\/wp-json\/wp\/v2\/gender?post=221893"},{"taxonomy":"product_brand","embeddable":true,"href":"https:\/\/moto-oprema.com\/hr\/wp-json\/wp\/v2\/product_brand?post=221893"},{"taxonomy":"product_cat","embeddable":true,"href":"https:\/\/moto-oprema.com\/hr\/wp-json\/wp\/v2\/product_cat?post=221893"},{"taxonomy":"product_tag","embeddable":true,"href":"https:\/\/moto-oprema.com\/hr\/wp-json\/wp\/v2\/product_tag?post=221893"}],"curies":[{"name":"wp","href":"https:\/\/api.w.org\/{rel}","templated":true}]}}