{"id":221319,"date":"2026-04-20T09:51:25","date_gmt":"2026-04-20T09:51:25","guid":{"rendered":"https:\/\/moto-oprema.com\/?post_type=product&#038;p=221319"},"modified":"2026-04-20T10:12:30","modified_gmt":"2026-04-20T10:12:30","slug":"leatt-mx-kaciga-moto-2-5-v26-roza-kopija","status":"publish","type":"product","link":"https:\/\/moto-oprema.com\/hr\/Artikel\/leatt-mx-kaciga-moto-2-5-v26-roza-kopija\/","title":{"rendered":"KACIGA LEATT MX MOTO 2.5 V26 SIVA"},"content":{"rendered":"<p>Kaciga LEATT Moto 2.5 odli\u010dan je izbor za voza\u010de koji tra\u017ee provjerenu za\u0161titu po niskoj cijeni. Dizajnirana za nove voza\u010de ili one koji se vra\u0107aju motociklizmu, nudi pouzdanu za\u0161titu od udaraca, laganu udobnost i ventilaciju kako biste ostali hladni na stazi. Potkrijepljena je istom sigurnosnom tehnologijom koja je pouzdana u cijeloj Leatt ponudi &#8211; uklju\u010duju\u0107i 360\u00b0 Turbine tehnologiju koja \u0161titi od linearnih i rotacijskih udaraca &#8211; s ECE i DOT certifikatima koji sve to zaokru\u017euju.  <\/p>\n<p>LJUSKA:<\/p>\n<p>\u0160koljka od polimernog kompozita brizganjem u tri veli\u010dine<\/p>\n<p>3-U-1 SIGURNOSNI SUSTAV:<\/p>\n<p>U kombinaciji s pjenom otpornom na udarce, 360\u00b0 Turbine Technology nudi jedinstveni 3-u-1 sigurnosni sustav koji \u0161titi od udaraca niske i velike brzine te rotacijskih sila.<\/p>\n<p>UDARNA PJENA:<\/p>\n<ul>\n<li>2 gusto\u0107e pjene za smanjenje udara koje smanjuju sile na glavu i mozak<\/li>\n<li>TURBINE: Tehnologija turbina od 360\u00b0<\/li>\n<li>Za\u0161tita od rotacije: optimalno dizajnirani turbinski diskovi omogu\u0107uju kacigi da se lagano pomi\u010de iznad glave tijekom sudara, poma\u017eu\u0107i u smanjenju vr\u0161nog ubrzanja na glavu i mozak.<\/li>\n<li>Za\u0161tita od niskih udara: Poseban materijal koji apsorbira energiju u turbinama apsorbira energije niskih udara povezane s potresima mozga.<\/li>\n<\/ul>\n<p>VENTILACIJA:<\/p>\n<ul>\n<li>Ventilacijski kanali za hla\u0111enje glave<\/li>\n<\/ul>\n<p>UNUTARNJA PODSTAVA:<\/p>\n<ul>\n<li>Unutarnja podstava je periva i prozra\u010dna.<\/li>\n<\/ul>\n<p>ZATVARANJE:<\/p>\n<ul>\n<li>DD-prsten<\/li>\n<\/ul>\n<p>VIZIR:<\/p>\n<ul>\n<li>Vizir ima funkciju otkidanja kako bi se smanjio pritisak na glavu i vrat u slu\u010daju nesre\u0107e.<\/li>\n<\/ul>\n<p>&nbsp;<\/p>\n","protected":false},"excerpt":{"rendered":"<p>Kaciga LEATT Moto 2.5 odli\u010dan je izbor za voza\u010de koji tra\u017ee provjerenu za\u0161titu po niskoj cijeni&#8230;.<\/p>\n","protected":false},"featured_media":221344,"comment_status":"open","ping_status":"closed","template":"","meta":{"_acf_changed":false},"brand":[2744],"gender":[2172],"product_brand":[],"product_cat":[2764,2733],"product_tag":[],"class_list":{"0":"post-221319","1":"product","2":"type-product","3":"status-publish","4":"has-post-thumbnail","6":"brand-leatt-hr","7":"gender-unisex-hr","8":"product_cat-mx-kacige","9":"product_cat-oprema-za-motokros","10":"pa_size-l-hr","11":"pa_size-m-hr","12":"pa_size-s-hr","13":"pa_size-xl-hr","14":"pa_size-xs-hr","16":"first","17":"instock","18":"sale","19":"taxable","20":"shipping-taxable","21":"purchasable","22":"product-type-variable"},"acf":[],"_links":{"self":[{"href":"https:\/\/moto-oprema.com\/hr\/wp-json\/wp\/v2\/product\/221319","targetHints":{"allow":["GET"]}}],"collection":[{"href":"https:\/\/moto-oprema.com\/hr\/wp-json\/wp\/v2\/product"}],"about":[{"href":"https:\/\/moto-oprema.com\/hr\/wp-json\/wp\/v2\/types\/product"}],"replies":[{"embeddable":true,"href":"https:\/\/moto-oprema.com\/hr\/wp-json\/wp\/v2\/comments?post=221319"}],"wp:featuredmedia":[{"embeddable":true,"href":"https:\/\/moto-oprema.com\/hr\/wp-json\/wp\/v2\/media\/221344"}],"wp:attachment":[{"href":"https:\/\/moto-oprema.com\/hr\/wp-json\/wp\/v2\/media?parent=221319"}],"wp:term":[{"taxonomy":"brand","embeddable":true,"href":"https:\/\/moto-oprema.com\/hr\/wp-json\/wp\/v2\/brand?post=221319"},{"taxonomy":"gender","embeddable":true,"href":"https:\/\/moto-oprema.com\/hr\/wp-json\/wp\/v2\/gender?post=221319"},{"taxonomy":"product_brand","embeddable":true,"href":"https:\/\/moto-oprema.com\/hr\/wp-json\/wp\/v2\/product_brand?post=221319"},{"taxonomy":"product_cat","embeddable":true,"href":"https:\/\/moto-oprema.com\/hr\/wp-json\/wp\/v2\/product_cat?post=221319"},{"taxonomy":"product_tag","embeddable":true,"href":"https:\/\/moto-oprema.com\/hr\/wp-json\/wp\/v2\/product_tag?post=221319"}],"curies":[{"name":"wp","href":"https:\/\/api.w.org\/{rel}","templated":true}]}}