{"id":221035,"date":"2026-04-14T08:17:37","date_gmt":"2026-04-14T08:17:37","guid":{"rendered":"https:\/\/moto-oprema.com\/?post_type=product&#038;p=221035"},"modified":"2026-04-14T08:29:57","modified_gmt":"2026-04-14T08:29:57","slug":"alpinestars-tech-3-crvena-plava-zuta-kopija","status":"publish","type":"product","link":"https:\/\/moto-oprema.com\/hr\/Artikel\/alpinestars-tech-3-crvena-plava-zuta-kopija\/","title":{"rendered":"ALPINESTARS TECH 3 BIJELA CRVENA TAMNOPLAVA"},"content":{"rendered":"<div id=\"tab-product-description-original\" class=\"ui-tabs-panel ui-widget-content ui-corner-bottom\">\n<div class=\"description\">\n<p><strong>Alpinestars Tech 3 MX \u010dizme<\/strong><\/p>\n<p><span class=\"VIiyi\" lang=\"sl\"><span class=\"JLqJ4b ChMk0b\">Najnoviji proboj u Techovoj premium ponudi motokros i off-road \u010dizama je anatomski dizajnirana \u010dizma koja nudi za\u0161titu i udobnost, integriraju\u0107i dokazane performanse Tech 3 tehnologije.<\/span> <span class=\"JLqJ4b ChMk0b\">S izdr\u017eljivom, ali elasti\u010dnom strukturom, kao i brojnim za\u0161titnim zna\u010dajkama iznutra i izvana.<\/span><\/span><\/p>\n<p>Konstrukcija<\/p>\n<ul>\n<li>Gornji dio je izra\u0111en od laganog mikrovlakana, \u0161to mu pru\u017ea fleksibilnost, izdr\u017eljivost i otpornost na habanje.<\/li>\n<li>Prsti su izra\u0111eni od sinteti\u010dkog materijala, \u0161to ih \u010dini otpornima na habanje.<\/li>\n<li>Lagani umeci od mikrovlakana sprijeda i straga pru\u017eaju pove\u0107anu udobnost i fleksibilnost na klju\u010dnim podru\u010djima.<\/li>\n<li>\n<\/li>\n<\/ul>\n<p>Klju\u010dne zna\u010dajke<\/p>\n<ul>\n<li>Produ\u017eena PU-sinteti\u010dka man\u017eeta sprje\u010dava ulazak prekomjerne koli\u010dine vode i prljav\u0161tine.<\/li>\n<li>Injektirana TPU plo\u010da za potkoljenicu spojena s TPU medijalnom za\u0161titnom plo\u010dom; gornji sustav pri\u010dvr\u0161\u0107ivanja s \u010di\u010dkom i TPR jezi\u010dkom za \u0161iroko pode\u0161avanje i potporu potkoljenice.<\/li>\n<li>TPU medijalni \u0161titnik dizajniran je s tehni\u010dkom teksturom za bolje prianjanje.<\/li>\n<li>Biomehani\u010dki medijalni sustav omogu\u0107uje fleksiju prema naprijed i natrag te pru\u017ea potporu i za\u0161titu gle\u017enja.<\/li>\n<li>Ergonomske trake s tri TPU kop\u010de omogu\u0107uju glatko savijanje prema naprijed od medijalnog \u0161titnika do bo\u010dne strane bez ograni\u010davanja opsega pokreta.<\/li>\n<li>Novi sustav zatvaranja uklju\u010duje 3 polimerne kop\u010de s inovativnim sustavom zatvaranja.<\/li>\n<li>Ovaj sustav zatvaranja uklju\u010duje mikropodesivu kop\u010du s memorijom i sustav brzog otpu\u0161tanja\/zaklju\u010davanja s dizajnom koji se sam poravnava za jednostavno i precizno zatvaranje. Sve kop\u010de su zamjenjive. <\/li>\n<li>Inovativna jednodijelna \u0161koljka potplata od dvostrukog spoja, ubrizgana TPU-om, oja\u010dana metalnom plo\u010dom potplata unutar ko-ubrizganog oja\u010danja za prste.<\/li>\n<li>Mekana pjena okru\u017euje gle\u017enjeve i ovratnik, pru\u017eaju\u0107i udobnost i apsorpciju udaraca.<\/li>\n<li>Potpuna tekstilna unutarnja podstava za ve\u0107u udobnost i bolje odvo\u0111enje vlage.<\/li>\n<li>Zamjenjivi EVA ulo\u017eak s tekstilnom podstavom na vrhu pru\u017ea potporu svodu stopala i udobnost.<\/li>\n<li>Ekskluzivni Alpinestars gumeni potplat s visokim prianjanjem pru\u017ea prianjanje i trakciju na raznim povr\u0161inama te je dizajniran za kontrolu i osje\u0107aj na pedalama motocikla. Potplat je zamjenjiv. <\/li>\n<\/ul>\n<p>Za\u0161tita<\/p>\n<ul>\n<li>\u010cizma TECH 3 ima CE certifikat prema normi EN 13634:2010.<\/li>\n<li>Oblikovana TPU plo\u010da za potkoljenicu, gornji medijalni TPU \u0161titnik, vanjski lateralni TPU \u0161titnik za gle\u017eanj i TPU oslonac za petu pru\u017eaju potporu i otpornost na udarce.<\/li>\n<li>Stra\u017enji TPR ulo\u017eak, postavljen preko TPU \u0161titnika za ma\u010d, pru\u017ea za\u0161titu i udobnost pri savijanju stra\u017enjeg dijela.<\/li>\n<\/ul>\n<p>&nbsp;<\/p>\n<\/div>\n<\/div>\n","protected":false},"excerpt":{"rendered":"","protected":false},"featured_media":221075,"comment_status":"open","ping_status":"closed","template":"","meta":{"_acf_changed":false},"brand":[2748],"gender":[2168],"product_brand":[],"product_cat":[2900,2733],"product_tag":[],"class_list":{"0":"post-221035","1":"product","2":"type-product","3":"status-publish","4":"has-post-thumbnail","6":"brand-alpinestars-hr","7":"gender-moski-de","8":"product_cat-motokros-cizme","9":"product_cat-oprema-za-motokros","10":"pa_size-10445-hr","11":"pa_size-11455-hr","12":"pa_size-1247-hr","13":"pa_size-1348-hr","14":"pa_size-14495-hr","15":"pa_size-1551-hr","16":"pa_size-538-hr","17":"pa_size-639-hr","18":"pa_size-7405-hr","19":"pa_size-842-hr","20":"pa_size-943-hr","22":"first","23":"instock","24":"sale","25":"taxable","26":"shipping-taxable","27":"purchasable","28":"product-type-variable"},"acf":[],"_links":{"self":[{"href":"https:\/\/moto-oprema.com\/hr\/wp-json\/wp\/v2\/product\/221035","targetHints":{"allow":["GET"]}}],"collection":[{"href":"https:\/\/moto-oprema.com\/hr\/wp-json\/wp\/v2\/product"}],"about":[{"href":"https:\/\/moto-oprema.com\/hr\/wp-json\/wp\/v2\/types\/product"}],"replies":[{"embeddable":true,"href":"https:\/\/moto-oprema.com\/hr\/wp-json\/wp\/v2\/comments?post=221035"}],"wp:featuredmedia":[{"embeddable":true,"href":"https:\/\/moto-oprema.com\/hr\/wp-json\/wp\/v2\/media\/221075"}],"wp:attachment":[{"href":"https:\/\/moto-oprema.com\/hr\/wp-json\/wp\/v2\/media?parent=221035"}],"wp:term":[{"taxonomy":"brand","embeddable":true,"href":"https:\/\/moto-oprema.com\/hr\/wp-json\/wp\/v2\/brand?post=221035"},{"taxonomy":"gender","embeddable":true,"href":"https:\/\/moto-oprema.com\/hr\/wp-json\/wp\/v2\/gender?post=221035"},{"taxonomy":"product_brand","embeddable":true,"href":"https:\/\/moto-oprema.com\/hr\/wp-json\/wp\/v2\/product_brand?post=221035"},{"taxonomy":"product_cat","embeddable":true,"href":"https:\/\/moto-oprema.com\/hr\/wp-json\/wp\/v2\/product_cat?post=221035"},{"taxonomy":"product_tag","embeddable":true,"href":"https:\/\/moto-oprema.com\/hr\/wp-json\/wp\/v2\/product_tag?post=221035"}],"curies":[{"name":"wp","href":"https:\/\/api.w.org\/{rel}","templated":true}]}}