{"id":220125,"date":"2026-04-07T08:59:16","date_gmt":"2026-04-07T08:59:16","guid":{"rendered":"https:\/\/moto-oprema.com\/?post_type=product&#038;p=220125"},"modified":"2026-04-07T09:08:54","modified_gmt":"2026-04-07T09:08:54","slug":"alpinestars-t-gp-r-v4-jakna-crna-kopija","status":"publish","type":"product","link":"https:\/\/moto-oprema.com\/hr\/Artikel\/alpinestars-t-gp-r-v4-jakna-crna-kopija\/","title":{"rendered":"ALPINESTARS T-GP AIR JAKNA CRNA"},"content":{"rendered":"<p>Dizajnirana za sportske i trka\u0107e voza\u010de, Alpinestars T-GP Air jakna je lagana tekstilna jakna optimizirana za maksimalnu prozra\u010dnost i za\u0161titu u toplim vremenskim uvjetima dokazanu na utrkama. Ima aerodinami\u010dnu \u0161koljku Supertech R10 prema specifikacijama za utrke i CE Level 2 certificiranu Nucleon Flex Pro za\u0161titu za vrhunsku stabilnost pri velikim brzinama i otpornost na udarce. Ova Tech-Air\u00ae kompatibilna jakna kombinira laserski perforirane panele s 3D mre\u017eom za vrhunsku ventilaciju i uklju\u010duje Racing GP DFS vanjske kliza\u010de za za\u0161titu od habanja dokazanu na utrkama.  <\/p>\n<p>Klju\u010dne zna\u010dajke<\/p>\n<ul>\n<li>Aerodinami\u010dni greben: Trka\u0107i greben Supertech R10 integrira se s kacigom Supertech R10 kako bi se smanjio otpor zraka i pobolj\u0161ala stabilnost pri velikim brzinama.<\/li>\n<li>Ventilacijski sustav: Laserski perforirane plo\u010de i 3D tehni\u010dka mre\u017ea maksimiziraju protok zraka za hla\u0111enje i udobnost tijekom vo\u017enje u toplim vremenskim uvjetima.<\/li>\n<li>Racing GP DFS: Za\u0161titnici dvostruke gusto\u0107e (Dynamic Friction Shields) na ramenima i laktovima pru\u017eaju vrhunsku za\u0161titu od udaraca i klizanja.<\/li>\n<li>Sportski kroj: Produ\u017eeni stra\u017enji dio i kroj inspiriran utrkama pobolj\u0161avaju za\u0161titu od vjetra i smanjuju umor voza\u010da u \u010du\u010de\u0107em polo\u017eaju.<\/li>\n<li>Automatsko zaklju\u010davanje za zape\u0161\u0107e: Sustav patentnih zatvara\u010da preuzet iz utrka sprje\u010dava slu\u010dajno otvaranje i osigurava besprijekornu integraciju s Alpinestars rukavicama.<\/li>\n<\/ul>\n<p>Za\u0161tita<\/p>\n<ul>\n<li>Nucleon Flex Pro oprema s certifikatom CE razine 2 na ramenima i laktovima za vrhunsku za\u0161titu od udara<\/li>\n<li>Vanjski kliza\u010di dvostruke gusto\u0107e Racing GP DFS (Dynamic Friction Shield) pru\u017eaju otpornost na habanje dokazanu u utrkama<\/li>\n<li>Kompatibilnost Tech-Air\u00ae sustava: Dizajniran za integraciju sa sustavom zra\u010dnih jastuka Tech-Air\u00ae 7X, sustavom zra\u010dnih jastuka Tech-Air\u00ae 5 i sustavom zra\u010dnih jastuka Tech-Air\u00ae 3<\/li>\n<li>Potpuno CE certificirana motociklisti\u010dka odje\u0107a u skladu s CE standardima &#8211; Kategorija II prEN17092 &#8211; Klasa A<\/li>\n<\/ul>\n<p>&nbsp;<\/p>\n","protected":false},"excerpt":{"rendered":"<p>&nbsp; &nbsp;<\/p>\n","protected":false},"featured_media":220151,"comment_status":"open","ping_status":"closed","template":"","meta":{"_acf_changed":false},"brand":[2748],"gender":[2167],"product_brand":[],"product_cat":[2759,1356,2761],"product_tag":[],"class_list":{"0":"post-220125","1":"product","2":"type-product","3":"status-publish","4":"has-post-thumbnail","6":"brand-alpinestars-hr","7":"gender-moski-en","8":"product_cat-jakne-hr","9":"product_cat-motociklisticka-oprema","10":"product_cat-tekstilne-jakne-hr","11":"pa_size-l-hr","12":"pa_size-m-hr","13":"pa_size-s-hr","14":"pa_size-xl-hr","15":"pa_size-xxl-hr","16":"pa_size-xxxl-hr","18":"first","19":"instock","20":"sale","21":"taxable","22":"shipping-taxable","23":"purchasable","24":"product-type-variable"},"acf":[],"_links":{"self":[{"href":"https:\/\/moto-oprema.com\/hr\/wp-json\/wp\/v2\/product\/220125","targetHints":{"allow":["GET"]}}],"collection":[{"href":"https:\/\/moto-oprema.com\/hr\/wp-json\/wp\/v2\/product"}],"about":[{"href":"https:\/\/moto-oprema.com\/hr\/wp-json\/wp\/v2\/types\/product"}],"replies":[{"embeddable":true,"href":"https:\/\/moto-oprema.com\/hr\/wp-json\/wp\/v2\/comments?post=220125"}],"wp:featuredmedia":[{"embeddable":true,"href":"https:\/\/moto-oprema.com\/hr\/wp-json\/wp\/v2\/media\/220151"}],"wp:attachment":[{"href":"https:\/\/moto-oprema.com\/hr\/wp-json\/wp\/v2\/media?parent=220125"}],"wp:term":[{"taxonomy":"brand","embeddable":true,"href":"https:\/\/moto-oprema.com\/hr\/wp-json\/wp\/v2\/brand?post=220125"},{"taxonomy":"gender","embeddable":true,"href":"https:\/\/moto-oprema.com\/hr\/wp-json\/wp\/v2\/gender?post=220125"},{"taxonomy":"product_brand","embeddable":true,"href":"https:\/\/moto-oprema.com\/hr\/wp-json\/wp\/v2\/product_brand?post=220125"},{"taxonomy":"product_cat","embeddable":true,"href":"https:\/\/moto-oprema.com\/hr\/wp-json\/wp\/v2\/product_cat?post=220125"},{"taxonomy":"product_tag","embeddable":true,"href":"https:\/\/moto-oprema.com\/hr\/wp-json\/wp\/v2\/product_tag?post=220125"}],"curies":[{"name":"wp","href":"https:\/\/api.w.org\/{rel}","templated":true}]}}