{"id":219699,"date":"2026-04-03T08:06:55","date_gmt":"2026-04-03T08:06:55","guid":{"rendered":"https:\/\/moto-oprema.com\/?post_type=product&#038;p=219699"},"modified":"2026-04-03T08:24:45","modified_gmt":"2026-04-03T08:24:45","slug":"xpd-moto-brze-cipele-crno-sive-kopija","status":"publish","type":"product","link":"https:\/\/moto-oprema.com\/hr\/Artikel\/xpd-moto-brze-cipele-crno-sive-kopija\/","title":{"rendered":"XPD MOTO BRZE CIPELE H2OUT CRNE"},"content":{"rendered":"<p>XPD Moto Fast H2OUT \u010dizme<\/p>\n<p>Krenite na cestu s vrhunskom kontrolom i sigurno\u0161\u0107u koju mogu ponuditi samo MOTO FAST H2OUT\u00ae tvrtke Xpd. Izra\u0111ene od visokokvalitetne ko\u017ee i Michelin\u00ae potplata dvostruke gusto\u0107e za iznimno prianjanje, ove motociklisti\u010dke \u010dizma dizajnirane su za prave entuzijaste koji ne pristaju na kompromise. HSS sustav potpore pru\u017ea neusporedivu stabilnost, dok mikro-podesivi sustav zatvaranja sajle i rotora omogu\u0107uje precizno i \u200b\u200bbrzo pode\u0161avanje.  <\/p>\n<p>Zahvaljuju\u0107i vodootpornoj i prozra\u010dnoj H2OUT\u00ae membrani, mo\u017eete se bez brige suo\u010diti sa svim vremenskim uvjetima. Oblikovani TPU \u0161titnik za gle\u017eanj i oja\u010dani prsti i peta dodaju dodatnu razinu sigurnosti, dok memorijska pjena i ergonomski Ortholite\u00ae ulo\u017eak osiguravaju maksimalnu udobnost. Stra\u017enji reflektiraju\u0107i umetak osigurava vidljivost tijekom no\u0107nih vo\u017enji.  <\/p>\n<p>Vanjski:<\/p>\n<ul>\n<li>Gornji dio od ko\u017ee.<\/li>\n<li>Potplat od vulkanizirane gume Michelin\u00ae dvostruke gusto\u0107e za izvrsno prianjanje.<\/li>\n<li>Plasti\u010dni HSS (Heel Support System) za dodatnu potporu pete.<\/li>\n<li>Za\u0161titnik za ko\u017enu opremu.<\/li>\n<li>Podstavljeni vrat za dodatnu udobnost.<\/li>\n<li>Mikro-podesivi sustav zatvaranja s kabelom i rotorom.<\/li>\n<li>Reflektiraju\u0107i print na stra\u017enjoj petlji za povla\u010denje.<\/li>\n<\/ul>\n<p>&nbsp;<\/p>\n<p>Unutra\u0161njost:<\/p>\n<ul>\n<li>Vodootporna i prozra\u010dna H2OUT\u00ae tubularna membrana.<\/li>\n<li>\u0160titnici za gle\u017enjeve od TPU plastike.<\/li>\n<li>Oja\u010dani prednji i stra\u017enji dio.<\/li>\n<li>Mekano polimerno punjenje s memorijskom pjenom.<\/li>\n<li>Mekani, oblikovani i ergonomski dizajnirani DFA (Differentiated Flexibility Area) najlonski ulo\u017eak.<\/li>\n<li>Zamjenjivi, ergonomski dizajnirani, dugotrajni, prozra\u010dni i lagani Ortholite\u00ae ulo\u017eak.<\/li>\n<\/ul>\n<p>&nbsp;<\/p>\n","protected":false},"excerpt":{"rendered":"<p>XPD Moto Fast H2OUT \u010dizme Krenite na cestu s vrhunskom kontrolom i sigurno\u0161\u0107u koju mogu ponuditi&#8230;<\/p>\n","protected":false},"featured_media":219745,"comment_status":"open","ping_status":"closed","template":"","meta":{"_acf_changed":false},"brand":[2812],"gender":[2168],"product_brand":[],"product_cat":[2770,1356,2769],"product_tag":[],"class_list":{"0":"post-219699","1":"product","2":"type-product","3":"status-publish","4":"has-post-thumbnail","6":"brand-xpd-hr","7":"gender-moski-de","8":"product_cat-gradska-obuca","9":"product_cat-motociklisticka-oprema","10":"product_cat-obuca","11":"pa_velikost-skornji-36-hr","12":"pa_velikost-skornji-37-hr","13":"pa_velikost-skornji-38-hr","14":"pa_velikost-skornji-39-hr","15":"pa_velikost-skornji-40-hr","16":"pa_velikost-skornji-41-hr","17":"pa_velikost-skornji-42-hr","18":"pa_velikost-skornji-43-hr","19":"pa_velikost-skornji-44-hr","20":"pa_velikost-skornji-45-hr","21":"pa_velikost-skornji-46-hr","22":"pa_velikost-skornji-47-hr","24":"first","25":"instock","26":"sale","27":"taxable","28":"shipping-taxable","29":"purchasable","30":"product-type-variable"},"acf":[],"_links":{"self":[{"href":"https:\/\/moto-oprema.com\/hr\/wp-json\/wp\/v2\/product\/219699","targetHints":{"allow":["GET"]}}],"collection":[{"href":"https:\/\/moto-oprema.com\/hr\/wp-json\/wp\/v2\/product"}],"about":[{"href":"https:\/\/moto-oprema.com\/hr\/wp-json\/wp\/v2\/types\/product"}],"replies":[{"embeddable":true,"href":"https:\/\/moto-oprema.com\/hr\/wp-json\/wp\/v2\/comments?post=219699"}],"wp:featuredmedia":[{"embeddable":true,"href":"https:\/\/moto-oprema.com\/hr\/wp-json\/wp\/v2\/media\/219745"}],"wp:attachment":[{"href":"https:\/\/moto-oprema.com\/hr\/wp-json\/wp\/v2\/media?parent=219699"}],"wp:term":[{"taxonomy":"brand","embeddable":true,"href":"https:\/\/moto-oprema.com\/hr\/wp-json\/wp\/v2\/brand?post=219699"},{"taxonomy":"gender","embeddable":true,"href":"https:\/\/moto-oprema.com\/hr\/wp-json\/wp\/v2\/gender?post=219699"},{"taxonomy":"product_brand","embeddable":true,"href":"https:\/\/moto-oprema.com\/hr\/wp-json\/wp\/v2\/product_brand?post=219699"},{"taxonomy":"product_cat","embeddable":true,"href":"https:\/\/moto-oprema.com\/hr\/wp-json\/wp\/v2\/product_cat?post=219699"},{"taxonomy":"product_tag","embeddable":true,"href":"https:\/\/moto-oprema.com\/hr\/wp-json\/wp\/v2\/product_tag?post=219699"}],"curies":[{"name":"wp","href":"https:\/\/api.w.org\/{rel}","templated":true}]}}