{"id":219541,"date":"2026-04-03T07:18:35","date_gmt":"2026-04-03T07:18:35","guid":{"rendered":"https:\/\/moto-oprema.com\/?post_type=product&#038;p=219541"},"modified":"2026-04-03T09:18:24","modified_gmt":"2026-04-03T09:18:24","slug":"xpd-x-nashville-h2out-cipele-smede-kopija","status":"publish","type":"product","link":"https:\/\/moto-oprema.com\/hr\/Artikel\/xpd-x-nashville-h2out-cipele-smede-kopija\/","title":{"rendered":"XPD X-NASHVILLE H2OUT CIPELE CRNE"},"content":{"rendered":"<p>XPD X-Nashville H2Out motociklisti\u010dke \u010dizme<\/p>\n<p>Motociklisti\u010dke \u010dizme X-NASHVILLE H2OUT\u00ae kombiniraju \u0161arm vintage stila s robusnim materijalima. Ove su \u010dizme dizajnirane za no\u0161enje bilo gdje i bilo kada u svoj svojoj ljepoti. Gornji\u0161te izra\u0111eno od punozrnate, nauljene ko\u017ee u kombinaciji s unutarnjom cjevastom membranom osigurava potpunu vodootpornost bez ugro\u017eavanja prozra\u010dnosti. Motociklisti\u010dki stil kombiniran je sa sveobuhvatnom sigurno\u0161\u0107u: ko\u017ena za\u0161tita ru\u010dice mjenja\u010da, oja\u010dani prednji i stra\u017enji dio te TPU za\u0161tita gle\u017enja osiguravaju potpunu sigurnost za va\u0161a stopala.   <\/p>\n<p>Konstrukcija:<\/p>\n<ul>\n<li>Gornji dio od nauljene ko\u017ee punog zrna<\/li>\n<li>Personalizirani, prianjaju\u0107i potplat od vulkanizirane gume Caf\u00e9 Racer\/Urban s ko\u017enim rubom<\/li>\n<li>Ko\u017eni za\u0161titnik za opremu<\/li>\n<li>Stra\u017enji ko\u017eni element za dodatnu fleksibilnost i udobnost<\/li>\n<li>Podstavljeni ovratnik za dodatnu udobnost<\/li>\n<li>Ko\u017ena om\u010da na stra\u017enjoj strani<\/li>\n<li>Zatvaranje \u010di\u010dkom, patentnim zatvara\u010dem i voskanim vezicama s metalnim krajevima<\/li>\n<\/ul>\n<p>Tehni\u010dke specifikacije:<\/p>\n<ul>\n<li>Za\u0161titna obu\u0107a za motocikliste (EN 13634:2017)<\/li>\n<li>Vodootporna i prozra\u010dna H2OUT\u00ae tubularna membrana<\/li>\n<li>Ovratnik od pune ko\u017ee;<\/li>\n<li>Za\u0161tita za gle\u017enjeve izra\u0111ena od TPU plastike;<\/li>\n<li>Oja\u010dano podru\u010dje prstiju i pete;<\/li>\n<li>Mekano polimerno punjenje s memorijskom pjenom;<\/li>\n<li>Mekani, oblikovani i ergonomski prilago\u0111eni DFA (Differentiated Flexibility Area) ulo\u017eak;<\/li>\n<li>Air Tech Sensitive Fit i antimikrobni, zamjenjivi EVA ulo\u017eak s ulo\u0161kom od pune ko\u017ee<\/li>\n<\/ul>\n<p>&nbsp;<\/p>\n","protected":false},"excerpt":{"rendered":"","protected":false},"featured_media":219585,"comment_status":"open","ping_status":"closed","template":"","meta":{"_acf_changed":false},"brand":[2812],"gender":[2168],"product_brand":[],"product_cat":[1356,2769,2813],"product_tag":[],"class_list":{"0":"post-219541","1":"product","2":"type-product","3":"status-publish","4":"has-post-thumbnail","6":"brand-xpd-hr","7":"gender-moski-de","8":"product_cat-motociklisticka-oprema","9":"product_cat-obuca","10":"product_cat-obuca-za-planinarenje","11":"pa_velikost-skornji-38-hr","12":"pa_velikost-skornji-39-hr","13":"pa_velikost-skornji-40-hr","14":"pa_velikost-skornji-41-hr","15":"pa_velikost-skornji-42-hr","16":"pa_velikost-skornji-43-hr","17":"pa_velikost-skornji-44-hr","18":"pa_velikost-skornji-45-hr","19":"pa_velikost-skornji-46-hr","20":"pa_velikost-skornji-47-hr","21":"pa_velikost-skornji-48-hr","22":"pa_velikost-skornji-49-hr","24":"first","25":"instock","26":"sale","27":"taxable","28":"shipping-taxable","29":"purchasable","30":"product-type-variable"},"acf":[],"_links":{"self":[{"href":"https:\/\/moto-oprema.com\/hr\/wp-json\/wp\/v2\/product\/219541","targetHints":{"allow":["GET"]}}],"collection":[{"href":"https:\/\/moto-oprema.com\/hr\/wp-json\/wp\/v2\/product"}],"about":[{"href":"https:\/\/moto-oprema.com\/hr\/wp-json\/wp\/v2\/types\/product"}],"replies":[{"embeddable":true,"href":"https:\/\/moto-oprema.com\/hr\/wp-json\/wp\/v2\/comments?post=219541"}],"wp:featuredmedia":[{"embeddable":true,"href":"https:\/\/moto-oprema.com\/hr\/wp-json\/wp\/v2\/media\/219585"}],"wp:attachment":[{"href":"https:\/\/moto-oprema.com\/hr\/wp-json\/wp\/v2\/media?parent=219541"}],"wp:term":[{"taxonomy":"brand","embeddable":true,"href":"https:\/\/moto-oprema.com\/hr\/wp-json\/wp\/v2\/brand?post=219541"},{"taxonomy":"gender","embeddable":true,"href":"https:\/\/moto-oprema.com\/hr\/wp-json\/wp\/v2\/gender?post=219541"},{"taxonomy":"product_brand","embeddable":true,"href":"https:\/\/moto-oprema.com\/hr\/wp-json\/wp\/v2\/product_brand?post=219541"},{"taxonomy":"product_cat","embeddable":true,"href":"https:\/\/moto-oprema.com\/hr\/wp-json\/wp\/v2\/product_cat?post=219541"},{"taxonomy":"product_tag","embeddable":true,"href":"https:\/\/moto-oprema.com\/hr\/wp-json\/wp\/v2\/product_tag?post=219541"}],"curies":[{"name":"wp","href":"https:\/\/api.w.org\/{rel}","templated":true}]}}