{"id":218824,"date":"2026-04-01T08:19:23","date_gmt":"2026-04-01T08:19:23","guid":{"rendered":"https:\/\/moto-oprema.com\/?post_type=product&#038;p=218824"},"modified":"2026-04-01T09:02:10","modified_gmt":"2026-04-01T09:02:10","slug":"xpd-x-adventure-h2out-cizme-crne-kopija","status":"publish","type":"product","link":"https:\/\/moto-oprema.com\/hr\/Artikel\/xpd-x-adventure-h2out-cizme-crne-kopija\/","title":{"rendered":"XPD X-ADV TOURMAX H2OUT \u010cIZME CRNE"},"content":{"rendered":"<p>X-Adv Tourmax H2OUT\u00ae<\/p>\n<p>Motociklisti\u010dke \u010dizme srednje duljine koje pru\u017eaju izdr\u017eljivost i udobnost za bicikliste za touring i avanturisti\u010dke bicikliste.<\/p>\n<p>VANJSKI:<\/p>\n<ul>\n<li>Gornji dio od mikrovlakana obra\u0111en za vodootpornost i visoku otpornost na habanje<\/li>\n<li>Avanturisti\u010dki, ultra lagani, fleksibilni potplat od vulkanizirane gume dvostruke gusto\u0107e s izvrsnim prianjanjem<\/li>\n<li>Ultra lagani EVA me\u0111upotplat za bolje ubla\u017eavanje<\/li>\n<li>Za\u0161tita opreme i plasti\u010dne kop\u010de<\/li>\n<li>Mekani Lycra\u00ae umeci na prednjoj i stra\u017enjoj strani ovratnika za dodatnu udobnost<\/li>\n<li>Podesivi sustav pri\u010dvr\u0161\u0107ivanja s dvostrukom gornjom \u010di\u010dak trakom i prilago\u0111enim i zamjenjivim magnezijskim kop\u010dama<\/li>\n<li>Stra\u017enji reflektiraju\u0107i umetak<\/li>\n<\/ul>\n<p>&nbsp;<\/p>\n<p>UNUTRA\u0160NJOST:<\/p>\n<ul>\n<li>Vodootporna i prozra\u010dna H2OUT\u00ae tubularna membrana<\/li>\n<li>Zra\u010dni mre\u017easti ovratnik za dodatnu prozra\u010dnost<\/li>\n<li>Za\u0161tita za gle\u017enjeve od TPU plastike<\/li>\n<li>Oja\u010dani prednji i stra\u017enji dio<\/li>\n<li>Mekana polimerna podloga s memorijskom pjenom<\/li>\n<li>Mekani, oblikovani i ergonomski dizajnirani DFA (Differentiated Flexibility Area) najlonski ulo\u017eak<\/li>\n<li>Zamjenjivi, ergonomski dizajnirani, dugotrajni jastu\u010di\u0107i, prozra\u010dni i lagani Ortholite\u00ae ulo\u017eak<\/li>\n<\/ul>\n<p>VANJSKI POTPLAT:<\/p>\n<ul>\n<li>Oja\u010dani dio za stabilniji i sigurniji polo\u017eaj stopala prilikom silaska s motocikla<\/li>\n<li>Potplat s podignutim izbo\u010dinama dizajniran za optimalno prianjanje pri hodanju uzbrdo<\/li>\n<li>Poseban dio s oja\u010danom gumenom smjesom i niskim profilom pete za pobolj\u0161anu stabilnost i lak\u0161e kretanje na pedalu<\/li>\n<li>Potplat s podignutim izbo\u010dinama dizajniran za optimalno ko\u010denje pri hodanju nizbrdo<\/li>\n<li>Asimetri\u010dni dio sa posebnim dizajnom za pobolj\u0161anu stabilnost pete tijekom hodanja<\/li>\n<li>Visokoprofilna vi\u0161enamjenska gumena medijalna kapica za za\u0161titu medijalnog podru\u010dja prstiju i pove\u0107anje osje\u0107aja i osjetljivosti na ru\u010dicama ko\u010dnice i mjenja\u010da<\/li>\n<li>Ultra lagani EVA me\u0111upotplat za bolje ubla\u017eavanje<\/li>\n<\/ul>\n<p>&nbsp;<\/p>\n","protected":false},"excerpt":{"rendered":"","protected":false},"featured_media":218854,"comment_status":"open","ping_status":"closed","template":"","meta":{"_acf_changed":false},"brand":[2812],"gender":[],"product_brand":[],"product_cat":[1356,2769,2813],"product_tag":[],"class_list":{"0":"post-218824","1":"product","2":"type-product","3":"status-publish","4":"has-post-thumbnail","6":"brand-xpd-hr","7":"product_cat-motociklisticka-oprema","8":"product_cat-obuca","9":"product_cat-obuca-za-planinarenje","10":"pa_velikost-skornji-38-hr","11":"pa_velikost-skornji-39-hr","12":"pa_velikost-skornji-40-hr","13":"pa_velikost-skornji-41-hr","14":"pa_velikost-skornji-42-hr","15":"pa_velikost-skornji-43-hr","16":"pa_velikost-skornji-44-hr","17":"pa_velikost-skornji-45-hr","18":"pa_velikost-skornji-46-hr","19":"pa_velikost-skornji-47-hr","20":"pa_velikost-skornji-48-hr","21":"pa_velikost-skornji-49-hr","23":"first","24":"instock","25":"sale","26":"taxable","27":"shipping-taxable","28":"purchasable","29":"product-type-variable"},"acf":[],"_links":{"self":[{"href":"https:\/\/moto-oprema.com\/hr\/wp-json\/wp\/v2\/product\/218824","targetHints":{"allow":["GET"]}}],"collection":[{"href":"https:\/\/moto-oprema.com\/hr\/wp-json\/wp\/v2\/product"}],"about":[{"href":"https:\/\/moto-oprema.com\/hr\/wp-json\/wp\/v2\/types\/product"}],"replies":[{"embeddable":true,"href":"https:\/\/moto-oprema.com\/hr\/wp-json\/wp\/v2\/comments?post=218824"}],"wp:featuredmedia":[{"embeddable":true,"href":"https:\/\/moto-oprema.com\/hr\/wp-json\/wp\/v2\/media\/218854"}],"wp:attachment":[{"href":"https:\/\/moto-oprema.com\/hr\/wp-json\/wp\/v2\/media?parent=218824"}],"wp:term":[{"taxonomy":"brand","embeddable":true,"href":"https:\/\/moto-oprema.com\/hr\/wp-json\/wp\/v2\/brand?post=218824"},{"taxonomy":"gender","embeddable":true,"href":"https:\/\/moto-oprema.com\/hr\/wp-json\/wp\/v2\/gender?post=218824"},{"taxonomy":"product_brand","embeddable":true,"href":"https:\/\/moto-oprema.com\/hr\/wp-json\/wp\/v2\/product_brand?post=218824"},{"taxonomy":"product_cat","embeddable":true,"href":"https:\/\/moto-oprema.com\/hr\/wp-json\/wp\/v2\/product_cat?post=218824"},{"taxonomy":"product_tag","embeddable":true,"href":"https:\/\/moto-oprema.com\/hr\/wp-json\/wp\/v2\/product_tag?post=218824"}],"curies":[{"name":"wp","href":"https:\/\/api.w.org\/{rel}","templated":true}]}}