{"id":218656,"date":"2026-04-01T07:57:21","date_gmt":"2026-04-01T07:57:21","guid":{"rendered":"https:\/\/moto-oprema.com\/?post_type=product&#038;p=218656"},"modified":"2026-04-01T08:11:24","modified_gmt":"2026-04-01T08:11:24","slug":"xpd-moto-way-h2out-cipele-crne-kopija","status":"publish","type":"product","link":"https:\/\/moto-oprema.com\/hr\/Artikel\/xpd-moto-way-h2out-cipele-crne-kopija\/","title":{"rendered":"XPD MOTO-1 TENISICE PLAVO SIVE CRNE"},"content":{"rendered":"<p>Xpd Moto-1 motociklisti\u010dke tenisice: prozra\u010dne, sportske i izdr\u017eljive za\u0161titne cipele za vo\u017enju. Certificirano prema CE EN 13634:2017: otpornost gornjeg dijela na habanje razina 1 i otpornost gornjeg dijela na rezanje razina 1. <\/p>\n<p>Dizajnirane za voza\u010de koji \u017eele urbani stil bez kompromisa u pogledu sigurnosti ili udobnosti; idealne su za sportsku vo\u017enju i svakodnevno putovanje na posao, kombiniraju\u0107i izgled tenisice s performansama tehni\u010dkih motociklisti\u010dkih \u010dizama.<\/p>\n<p>S gornji\u0161tem od ko\u017ee i tehni\u010dkog tekstila te bo\u010dnim mre\u017eastim umetcima za maksimalnu prozra\u010dnost, cipele Moto-1 nude izvrsnu udobnost za duge sate na biciklu ili \u010deste vo\u017enje gradom. Ulo\u017eak Ortholite\u00ae pru\u017ea dugotrajno ubla\u017eavanje i odr\u017eava va\u0161a stopala svje\u017eima, bez obzira vozite li se gradom ili se kre\u0107ete du\u017eim rutama. Potplat od vulkanizirane gume Michelin\u00ae dvostruke gusto\u0107e nudi iznimno prianjanje na svim povr\u0161inama, \u010dak i na mokrim.  <\/p>\n<p>Sigurnost je jedna od najja\u010dih karakteristika ovih motociklisti\u010dkih tenisica. Imaju CE certifikat prema normi EN 13634:2017 i osiguravaju da je gornji\u0161te otporno na ogrebotine i posjekotine, dok unutarnja oja\u010danja u gle\u017enju, prstima i peti pru\u017eaju u\u010dinkovitu za\u0161titu od udaraca, \u0161to je bitno za svakog voza\u010da na dva kota\u010da. HSS (Heel Support System), podstavljeni ovratnik i ko\u017ena obloga ru\u010dice mjenja\u010da pobolj\u0161avaju stabilnost, izdr\u017eljivost i udobnost vo\u017enje.  <\/p>\n<p>Jezik sa zatvara\u010dem od \u010di\u010dka dr\u017ei vezice sigurno na mjestu tijekom intenzivnije vo\u017enje.<\/p>\n<p>Tra\u017eite za\u0161titu od ki\u0161e? Pogledajte Moto-1 H2OUT verziju za vodootpornu za\u0161titu. <\/p>\n<p>Tehni\u010dke zna\u010dajke:<\/p>\n<p>Vanjski:<\/p>\n<ul>\n<li>Gornji dio od tekstila i ko\u017ee s bo\u010dnim mre\u017eastim umetcima<\/li>\n<li>Potplat od vulkanizirane gume Michelin\u00ae dvostruke gusto\u0107e za izvrsno prianjanje<\/li>\n<li>Plasti\u010dni HSS (Heel Support System) za dodatnu potporu pete<\/li>\n<li>Ko\u017eni za\u0161titnik za opremu<\/li>\n<li>Podstavljeni vrat za dodatnu udobnost<\/li>\n<li>Stra\u017enja om\u010da za lak\u0161e obla\u010denje<\/li>\n<li>Zakop\u010davanje vezicama<\/li>\n<li>D\u017eep za jezik sa zatvaranjem na \u010di\u010dak.<\/li>\n<\/ul>\n<p>Unutra\u0161njost:<\/p>\n<ul>\n<li>Mre\u017easta podstava za pove\u0107anu prozra\u010dnost<\/li>\n<li>Za\u0161titnici za gle\u017enjeve od TPU-lijevane plastike<\/li>\n<li>Oja\u010dani prednji i stra\u017enji dio<\/li>\n<li>Mekana polimerna podloga s memorijskom pjenom<\/li>\n<li>Dizajnirano i dizajnirano meko DFA (diferencirano podru\u010dje fleksibilnosti)<\/li>\n<li>ergonomski oblikovani najlonski umetak<\/li>\n<li>Dugotrajno ubla\u017eavanje, prozra\u010dnost i lako\u0107a<\/li>\n<li>Ortholite\u00ae ulo\u017eak posebno dizajniran za motociklisti\u010dke tenisice.<\/li>\n<\/ul>\n<p>&nbsp;<\/p>\n","protected":false},"excerpt":{"rendered":"<p>Xpd Moto-1 motociklisti\u010dke tenisice: prozra\u010dne, sportske i izdr\u017eljive za\u0161titne cipele za vo\u017enju. Certificirano prema CE EN&#8230;<\/p>\n","protected":false},"featured_media":218684,"comment_status":"open","ping_status":"closed","template":"","meta":{"_acf_changed":false},"brand":[2812],"gender":[],"product_brand":[],"product_cat":[2770,1356,2769],"product_tag":[],"class_list":{"0":"post-218656","1":"product","2":"type-product","3":"status-publish","4":"has-post-thumbnail","6":"brand-xpd-hr","7":"product_cat-gradska-obuca","8":"product_cat-motociklisticka-oprema","9":"product_cat-obuca","10":"pa_velikost-skornji-36-hr","11":"pa_velikost-skornji-37-hr","12":"pa_velikost-skornji-38-hr","13":"pa_velikost-skornji-39-hr","14":"pa_velikost-skornji-40-hr","15":"pa_velikost-skornji-41-hr","16":"pa_velikost-skornji-42-hr","17":"pa_velikost-skornji-43-hr","18":"pa_velikost-skornji-44-hr","19":"pa_velikost-skornji-45-hr","20":"pa_velikost-skornji-46-hr","21":"pa_velikost-skornji-47-hr","22":"pa_velikost-skornji-48-hr","24":"first","25":"instock","26":"sale","27":"taxable","28":"shipping-taxable","29":"purchasable","30":"product-type-variable"},"acf":[],"_links":{"self":[{"href":"https:\/\/moto-oprema.com\/hr\/wp-json\/wp\/v2\/product\/218656","targetHints":{"allow":["GET"]}}],"collection":[{"href":"https:\/\/moto-oprema.com\/hr\/wp-json\/wp\/v2\/product"}],"about":[{"href":"https:\/\/moto-oprema.com\/hr\/wp-json\/wp\/v2\/types\/product"}],"replies":[{"embeddable":true,"href":"https:\/\/moto-oprema.com\/hr\/wp-json\/wp\/v2\/comments?post=218656"}],"wp:featuredmedia":[{"embeddable":true,"href":"https:\/\/moto-oprema.com\/hr\/wp-json\/wp\/v2\/media\/218684"}],"wp:attachment":[{"href":"https:\/\/moto-oprema.com\/hr\/wp-json\/wp\/v2\/media?parent=218656"}],"wp:term":[{"taxonomy":"brand","embeddable":true,"href":"https:\/\/moto-oprema.com\/hr\/wp-json\/wp\/v2\/brand?post=218656"},{"taxonomy":"gender","embeddable":true,"href":"https:\/\/moto-oprema.com\/hr\/wp-json\/wp\/v2\/gender?post=218656"},{"taxonomy":"product_brand","embeddable":true,"href":"https:\/\/moto-oprema.com\/hr\/wp-json\/wp\/v2\/product_brand?post=218656"},{"taxonomy":"product_cat","embeddable":true,"href":"https:\/\/moto-oprema.com\/hr\/wp-json\/wp\/v2\/product_cat?post=218656"},{"taxonomy":"product_tag","embeddable":true,"href":"https:\/\/moto-oprema.com\/hr\/wp-json\/wp\/v2\/product_tag?post=218656"}],"curies":[{"name":"wp","href":"https:\/\/api.w.org\/{rel}","templated":true}]}}