{"id":218504,"date":"2026-03-30T09:49:19","date_gmt":"2026-03-30T09:49:19","guid":{"rendered":"https:\/\/moto-oprema.com\/?post_type=product&#038;p=218504"},"modified":"2026-04-01T07:13:58","modified_gmt":"2026-04-01T07:13:58","slug":"scorpion-exo-com-link1-bt-komunikacija","status":"publish","type":"product","link":"https:\/\/moto-oprema.com\/hr\/Artikel\/scorpion-exo-com-link1-bt-komunikacija\/","title":{"rendered":"SCORPION EXO-COM LINK1 BT KOMUNIKACIJA"},"content":{"rendered":"<p>Scorpion EXO-COM Link 1 komunikacijski sustav, pojedina\u010dno pakiranje<\/p>\n<p>S Exo-Com Link-1, do\u017eivjet \u0107ete glazbu i komunikaciju na potpuno novoj razini. Intuitivno rukovanje omogu\u0107uje vam da se potpuno koncentrirate na vo\u017enju &#8211; bez komplicirane tehnologije, bez nepotrebnog stresa. Bez obzira s kojom kacigom vozite: Zahvaljuju\u0107i univerzalnoj kompatibilnosti, Link-1 se savr\u0161eno prilago\u0111ava i osigurava stabilnu, jasnu vezu \u010dak i na dugim putovanjima. Bilo da tek po\u010dinjete ili ste ve\u0107 pre\u0161li bezbroj kilometara, s Exo-Com Link-1 uvijek ste dobro povezani i sigurni na cesti. Pove\u0107ajte svoju slobodu, u\u017eitak u vo\u017enji i sigurnost s Exo-Com Link-1.    <\/p>\n<p>Konstrukcija:<\/p>\n<ul>\n<li>40 mm HD HARMAN zvu\u010dnik za neusporediv zvuk<\/li>\n<li>Aktivno poni\u0161tavanje buke putem Qualcomm cVc tehnologije<\/li>\n<li>Vi\u0161e od 14 sati razgovora<\/li>\n<li>Interfonska veza za 4 motociklista<\/li>\n<li>Bluetooth verzija 5.3 za stabilnu vezu s niskom potro\u0161njom energije<\/li>\n<li>Jednostavno uparivanje interkoma (NFC)<\/li>\n<li>Glasovna aktivacija (VOX)<\/li>\n<li>Podr\u0161ka za Siri \/ Google Voice<\/li>\n<li>Domet do 1,2 km<\/li>\n<li>Tehni\u010dke specifikacije:<\/li>\n<li>IP58 certifikat<\/li>\n<li>Baterija: 900 mAh litij-ionska, 3,7 V<\/li>\n<li>Dimenzije: 93 \u00d7 47 \u00d7 20 mm<\/li>\n<li>Te\u017eina: 42 g<\/li>\n<\/ul>\n<p>Sadr\u017eaj:<\/p>\n<ul>\n<li>1x Scorpion EXO-COM Link 1 upravlja\u010dka jedinica<\/li>\n<li>1x EXO-COM Link 1 monta\u017ena plo\u010da<\/li>\n<li>1x materijal za monta\u017eu<\/li>\n<li>1x zvu\u010dnik<\/li>\n<li>1x kabelski mikrofon<\/li>\n<li>1x mikrofon s gusjim vratom<\/li>\n<li>Zamjenske jastu\u010di\u0107e za mikrofone i zvu\u010dnike<\/li>\n<\/ul>\n<p>&nbsp;<\/p>\n","protected":false},"excerpt":{"rendered":"<p>Scorpion EXO-COM Link 1 komunikacijski sustav, pojedina\u010dno pakiranje S Exo-Com Link-1, do\u017eivjet \u0107ete glazbu i komunikaciju&#8230;<\/p>\n","protected":false},"featured_media":218489,"comment_status":"open","ping_status":"closed","template":"","meta":{"_acf_changed":false},"brand":[3429],"gender":[],"product_brand":[],"product_cat":[1358,2757,1356],"product_tag":[],"class_list":{"0":"post-218504","1":"product","2":"type-product","3":"status-publish","4":"has-post-thumbnail","6":"brand-skorpion","7":"product_cat-kacige","8":"product_cat-komunikacije-hr","9":"product_cat-motociklisticka-oprema","11":"first","12":"instock","13":"sale","14":"taxable","15":"shipping-taxable","16":"purchasable","17":"product-type-simple"},"acf":[],"_links":{"self":[{"href":"https:\/\/moto-oprema.com\/hr\/wp-json\/wp\/v2\/product\/218504","targetHints":{"allow":["GET"]}}],"collection":[{"href":"https:\/\/moto-oprema.com\/hr\/wp-json\/wp\/v2\/product"}],"about":[{"href":"https:\/\/moto-oprema.com\/hr\/wp-json\/wp\/v2\/types\/product"}],"replies":[{"embeddable":true,"href":"https:\/\/moto-oprema.com\/hr\/wp-json\/wp\/v2\/comments?post=218504"}],"wp:featuredmedia":[{"embeddable":true,"href":"https:\/\/moto-oprema.com\/hr\/wp-json\/wp\/v2\/media\/218489"}],"wp:attachment":[{"href":"https:\/\/moto-oprema.com\/hr\/wp-json\/wp\/v2\/media?parent=218504"}],"wp:term":[{"taxonomy":"brand","embeddable":true,"href":"https:\/\/moto-oprema.com\/hr\/wp-json\/wp\/v2\/brand?post=218504"},{"taxonomy":"gender","embeddable":true,"href":"https:\/\/moto-oprema.com\/hr\/wp-json\/wp\/v2\/gender?post=218504"},{"taxonomy":"product_brand","embeddable":true,"href":"https:\/\/moto-oprema.com\/hr\/wp-json\/wp\/v2\/product_brand?post=218504"},{"taxonomy":"product_cat","embeddable":true,"href":"https:\/\/moto-oprema.com\/hr\/wp-json\/wp\/v2\/product_cat?post=218504"},{"taxonomy":"product_tag","embeddable":true,"href":"https:\/\/moto-oprema.com\/hr\/wp-json\/wp\/v2\/product_tag?post=218504"}],"curies":[{"name":"wp","href":"https:\/\/api.w.org\/{rel}","templated":true}]}}