{"id":218350,"date":"2026-03-26T11:18:21","date_gmt":"2026-03-26T11:18:21","guid":{"rendered":"https:\/\/moto-oprema.com\/?post_type=product&#038;p=218350"},"modified":"2026-04-01T07:12:09","modified_gmt":"2026-04-01T07:12:09","slug":"xpd-xp6-s-cizme-crno-bijele-kopija","status":"publish","type":"product","link":"https:\/\/moto-oprema.com\/hr\/Artikel\/xpd-xp6-s-cizme-crno-bijele-kopija\/","title":{"rendered":"XPD X-BEAT AIR CIPELE CRNO-SIVE"},"content":{"rendered":"<p>X-Beat Air su ljetne motociklisti\u010dke \u010dizma s izvrsnom prozra\u010dno\u0161\u0107u i mre\u017eastim umetcima, savr\u0161ene za vo\u017enju po vru\u0107em vremenu. Dizajnirane za srednje do duge vo\u017enje na sportskim i touring motociklima, nude udobno pristajanje i potplat inspiriran tr\u010danjem po stazama koji pru\u017ea izvrsnu udobnost i prakti\u010dnost \u010dak i na dugim \u0161etnjama u toplim klimama. <\/p>\n<p>VANJSKI<\/p>\n<ul>\n<li>Gornji dio od 3D zra\u010dne mre\u017ee i mikrovlakana izuzetno je otporan na habanje<\/li>\n<li>Urbani, ultralagani, prilago\u0111eni potplat od vulkanizirane gume dvostruke gusto\u0107e visokog prianjanja s podignutim izbo\u010dinama<\/li>\n<li>Ultra lagani EVA me\u0111upotplat za bolje ubla\u017eavanje<\/li>\n<li>TPU za\u0161titni rub i za\u0161tita ru\u010dice mjenja\u010da za pove\u0107anu gornju za\u0161titu<\/li>\n<li>Termoformirano i oja\u010dano podru\u010dje gle\u017enja<\/li>\n<li>Podstavljeni i elasti\u010dni Lycra\u00ae stra\u017enji ovratnik za<\/li>\n<\/ul>\n<p>UNUTRA\u0160NJOST<\/p>\n<ul>\n<li>3D Air Mesh podstava za dodatnu prozra\u010dnost<\/li>\n<li>Za\u0161titnici za gle\u017enjeve od TPU-lijevane plastike<\/li>\n<li>Oja\u010dani prednji i stra\u017enji dio<\/li>\n<li>Mekana polimerna podloga s memorijskom pjenom<\/li>\n<li>Mekani, oblikovani i ergonomski dizajnirani DFA (Differentiated Flexibility Area) najlonski ulo\u017eak<\/li>\n<li>Zamjenjivi, ergonomski dizajnirani, dugotrajni jastu\u010di\u0107i, prozra\u010dni i lagani Ortholite\u00ae ulo\u017eak<\/li>\n<\/ul>\n","protected":false},"excerpt":{"rendered":"","protected":false},"featured_media":218470,"comment_status":"open","ping_status":"closed","template":"","meta":{"_acf_changed":false},"brand":[2812],"gender":[2172],"product_brand":[],"product_cat":[1356,2769,2813],"product_tag":[],"class_list":{"0":"post-218350","1":"product","2":"type-product","3":"status-publish","4":"has-post-thumbnail","6":"brand-xpd-hr","7":"gender-unisex-hr","8":"product_cat-motociklisticka-oprema","9":"product_cat-obuca","10":"product_cat-obuca-za-planinarenje","11":"pa_velikost-skornji-37-hr","12":"pa_velikost-skornji-38-hr","13":"pa_velikost-skornji-39-hr","14":"pa_velikost-skornji-40-hr","15":"pa_velikost-skornji-41-hr","16":"pa_velikost-skornji-42-hr","17":"pa_velikost-skornji-43-hr","18":"pa_velikost-skornji-44-hr","19":"pa_velikost-skornji-45-hr","20":"pa_velikost-skornji-46-hr","21":"pa_velikost-skornji-47-hr","22":"pa_velikost-skornji-48-hr","24":"first","25":"instock","26":"sale","27":"taxable","28":"shipping-taxable","29":"purchasable","30":"product-type-variable"},"acf":[],"_links":{"self":[{"href":"https:\/\/moto-oprema.com\/hr\/wp-json\/wp\/v2\/product\/218350","targetHints":{"allow":["GET"]}}],"collection":[{"href":"https:\/\/moto-oprema.com\/hr\/wp-json\/wp\/v2\/product"}],"about":[{"href":"https:\/\/moto-oprema.com\/hr\/wp-json\/wp\/v2\/types\/product"}],"replies":[{"embeddable":true,"href":"https:\/\/moto-oprema.com\/hr\/wp-json\/wp\/v2\/comments?post=218350"}],"wp:featuredmedia":[{"embeddable":true,"href":"https:\/\/moto-oprema.com\/hr\/wp-json\/wp\/v2\/media\/218470"}],"wp:attachment":[{"href":"https:\/\/moto-oprema.com\/hr\/wp-json\/wp\/v2\/media?parent=218350"}],"wp:term":[{"taxonomy":"brand","embeddable":true,"href":"https:\/\/moto-oprema.com\/hr\/wp-json\/wp\/v2\/brand?post=218350"},{"taxonomy":"gender","embeddable":true,"href":"https:\/\/moto-oprema.com\/hr\/wp-json\/wp\/v2\/gender?post=218350"},{"taxonomy":"product_brand","embeddable":true,"href":"https:\/\/moto-oprema.com\/hr\/wp-json\/wp\/v2\/product_brand?post=218350"},{"taxonomy":"product_cat","embeddable":true,"href":"https:\/\/moto-oprema.com\/hr\/wp-json\/wp\/v2\/product_cat?post=218350"},{"taxonomy":"product_tag","embeddable":true,"href":"https:\/\/moto-oprema.com\/hr\/wp-json\/wp\/v2\/product_tag?post=218350"}],"curies":[{"name":"wp","href":"https:\/\/api.w.org\/{rel}","templated":true}]}}