{"id":218171,"date":"2026-03-26T10:42:44","date_gmt":"2026-03-26T10:42:44","guid":{"rendered":"https:\/\/moto-oprema.com\/?post_type=product&#038;p=218171"},"modified":"2026-03-26T11:06:12","modified_gmt":"2026-03-26T11:06:12","slug":"xpd-x-adventure-mid-h2out-cizme-crne-kopija","status":"publish","type":"product","link":"https:\/\/moto-oprema.com\/hr\/Artikel\/xpd-x-adventure-mid-h2out-cizme-crne-kopija\/","title":{"rendered":"XPD XP6-S \u010cIZME CRNO-BIJELE"},"content":{"rendered":"<p>Do\u017eivite uzbu\u0111enje brzine s novim XP6-S trka\u0107im \u010dizmama tvrtke Xpd, koje redefiniraju standarde za\u0161tite i udobnosti za prave ljubitelje motocikala.<br \/>\n Gornji\u0161te i ulo\u0161ci, koji su izuzetno otporni na toplinu i abraziju, \u010dine XP6-S idealnim suputnikom za samouvjereno savladavanje svakog zavoja. Gornji ovratnik i prednji zglob, izra\u0111eni od mikroinjektiranog neoprena, osiguravaju optimalnu ventilaciju i izvrsnu za\u0161titu cipele.<br \/>\n Potplat od vulkanizirane gume dvostruke gusto\u0107e s pa\u017eljivo izra\u0111enim dizajnom pru\u017ea savr\u0161eno prianjanje i trakciju na pedalu, omogu\u0107uju\u0107i besprijekorne performanse na stazi.<br \/>\n Svaki detalj dizajniran je u skladu s vode\u0107om vrijedno\u0161\u0107u tvrtke, &#8220;forma slijedi funkciju&#8221;, kako bi se osigurala ne samo maksimalna sigurnost i za\u0161tita, ve\u0107 i proizvod koji isti\u010de va\u0161 jedinstveni stil. Opremljen laganim, izmjenjivim kliza\u010dima od nehr\u0111aju\u0107eg \u010delika i strate\u0161kim \u0161titnicima za potkoljenice i gle\u017enjeve koji su tako\u0111er izmjenjivi, XP6-S vam daje samopouzdanje da se uhvatite u ko\u0161tac sa svakim izazovom, kamo god vas va\u0161a strast odvede.<br \/>\n Unutra\u0161njost se upotpunjuje udobno\u0161\u0107u i tehnologijom, a tu su i memorijska pjena i ergonomski, prozra\u010dni Ortholite\u00ae ulo\u017eak za maksimalnu udobnost. Stra\u017enji reflektiraju\u0107i umetak osigurava vidljivost tijekom no\u0107nih vo\u017enji.<br \/>\n Zahvaljuju\u0107i Xpd-ovim kontinuiranim inovacijama i talijanskoj motociklisti\u010dkoj tradiciji, ove nove \u010dizme omogu\u0107uju vam da svaku vo\u017enju do\u017eivite u potpunosti, kombiniraju\u0107i iznimne performanse s pobjedni\u010dkim dizajnom. Zakora\u010dite na stazu i otkrijte \u0161to zna\u010di nositi Xpd: vi\u0161e od pukih \u010dizama, izjava stila i snage<\/p>\n","protected":false},"excerpt":{"rendered":"<p>Do\u017eivite uzbu\u0111enje brzine s novim XP6-S trka\u0107im \u010dizmama tvrtke Xpd, koje redefiniraju standarde za\u0161tite i udobnosti&#8230;<\/p>\n","protected":false},"featured_media":218269,"comment_status":"open","ping_status":"closed","template":"","meta":{"_acf_changed":false},"brand":[2812],"gender":[2172],"product_brand":[],"product_cat":[1356,2769,2813],"product_tag":[],"class_list":{"0":"post-218171","1":"product","2":"type-product","3":"status-publish","4":"has-post-thumbnail","6":"brand-xpd-hr","7":"gender-unisex-hr","8":"product_cat-motociklisticka-oprema","9":"product_cat-obuca","10":"product_cat-obuca-za-planinarenje","11":"pa_velikost-skornji-37-hr","12":"pa_velikost-skornji-38-hr","13":"pa_velikost-skornji-39-hr","14":"pa_velikost-skornji-40-hr","15":"pa_velikost-skornji-41-hr","16":"pa_velikost-skornji-42-hr","17":"pa_velikost-skornji-43-hr","18":"pa_velikost-skornji-44-hr","19":"pa_velikost-skornji-45-hr","20":"pa_velikost-skornji-46-hr","21":"pa_velikost-skornji-47-hr","22":"pa_velikost-skornji-48-hr","24":"first","25":"instock","26":"sale","27":"taxable","28":"shipping-taxable","29":"purchasable","30":"product-type-variable"},"acf":[],"_links":{"self":[{"href":"https:\/\/moto-oprema.com\/hr\/wp-json\/wp\/v2\/product\/218171","targetHints":{"allow":["GET"]}}],"collection":[{"href":"https:\/\/moto-oprema.com\/hr\/wp-json\/wp\/v2\/product"}],"about":[{"href":"https:\/\/moto-oprema.com\/hr\/wp-json\/wp\/v2\/types\/product"}],"replies":[{"embeddable":true,"href":"https:\/\/moto-oprema.com\/hr\/wp-json\/wp\/v2\/comments?post=218171"}],"wp:featuredmedia":[{"embeddable":true,"href":"https:\/\/moto-oprema.com\/hr\/wp-json\/wp\/v2\/media\/218269"}],"wp:attachment":[{"href":"https:\/\/moto-oprema.com\/hr\/wp-json\/wp\/v2\/media?parent=218171"}],"wp:term":[{"taxonomy":"brand","embeddable":true,"href":"https:\/\/moto-oprema.com\/hr\/wp-json\/wp\/v2\/brand?post=218171"},{"taxonomy":"gender","embeddable":true,"href":"https:\/\/moto-oprema.com\/hr\/wp-json\/wp\/v2\/gender?post=218171"},{"taxonomy":"product_brand","embeddable":true,"href":"https:\/\/moto-oprema.com\/hr\/wp-json\/wp\/v2\/product_brand?post=218171"},{"taxonomy":"product_cat","embeddable":true,"href":"https:\/\/moto-oprema.com\/hr\/wp-json\/wp\/v2\/product_cat?post=218171"},{"taxonomy":"product_tag","embeddable":true,"href":"https:\/\/moto-oprema.com\/hr\/wp-json\/wp\/v2\/product_tag?post=218171"}],"curies":[{"name":"wp","href":"https:\/\/api.w.org\/{rel}","templated":true}]}}