{"id":217972,"date":"2026-03-26T09:44:30","date_gmt":"2026-03-26T09:44:30","guid":{"rendered":"https:\/\/moto-oprema.com\/?post_type=product&#038;p=217972"},"modified":"2026-03-26T09:44:31","modified_gmt":"2026-03-26T09:44:31","slug":"spidi-touring-komplet-za-kisu","status":"publish","type":"product","link":"https:\/\/moto-oprema.com\/hr\/Artikel\/spidi-touring-komplet-za-kisu\/","title":{"rendered":"SPIDI TOURING KOMPLET ZA KI\u0160U"},"content":{"rendered":"<p>SPIDI Touring motociklisti\u010dki komplet za za\u0161titu od ki\u0161e nezamjenjiv je suputnik na dugim putovanjima. 100% je vodootporan, lako se prevozi na motociklu ili skuteru i nudi u\u010dinkovitu za\u0161titu od ki\u0161e u slu\u010daju iznenadne ki\u0161e.<\/p>\n","protected":false},"excerpt":{"rendered":"<p>SPIDI Touring motociklisti\u010dki komplet za za\u0161titu od ki\u0161e nezamjenjiv je suputnik na dugim putovanjima. 100% je&#8230;<\/p>\n","protected":false},"featured_media":217945,"comment_status":"open","ping_status":"closed","template":"","meta":{"_acf_changed":false},"brand":[2732],"gender":[],"product_brand":[],"product_cat":[2854,1356,2993],"product_tag":[],"class_list":{"0":"post-217972","1":"product","2":"type-product","3":"status-publish","4":"has-post-thumbnail","6":"brand-spidi-hr","7":"product_cat-funkcionalna-odjeca-i-donje-rublje","8":"product_cat-motociklisticka-oprema","9":"product_cat-odjeca-za-kisu","10":"pa_size-2xl-hr","11":"pa_size-3xl-hr","12":"pa_size-l-hr","13":"pa_size-m-hr","14":"pa_size-s-hr","15":"pa_size-xl-hr","17":"first","18":"instock","19":"sale","20":"taxable","21":"shipping-taxable","22":"purchasable","23":"product-type-variable"},"acf":[],"_links":{"self":[{"href":"https:\/\/moto-oprema.com\/hr\/wp-json\/wp\/v2\/product\/217972","targetHints":{"allow":["GET"]}}],"collection":[{"href":"https:\/\/moto-oprema.com\/hr\/wp-json\/wp\/v2\/product"}],"about":[{"href":"https:\/\/moto-oprema.com\/hr\/wp-json\/wp\/v2\/types\/product"}],"replies":[{"embeddable":true,"href":"https:\/\/moto-oprema.com\/hr\/wp-json\/wp\/v2\/comments?post=217972"}],"wp:featuredmedia":[{"embeddable":true,"href":"https:\/\/moto-oprema.com\/hr\/wp-json\/wp\/v2\/media\/217945"}],"wp:attachment":[{"href":"https:\/\/moto-oprema.com\/hr\/wp-json\/wp\/v2\/media?parent=217972"}],"wp:term":[{"taxonomy":"brand","embeddable":true,"href":"https:\/\/moto-oprema.com\/hr\/wp-json\/wp\/v2\/brand?post=217972"},{"taxonomy":"gender","embeddable":true,"href":"https:\/\/moto-oprema.com\/hr\/wp-json\/wp\/v2\/gender?post=217972"},{"taxonomy":"product_brand","embeddable":true,"href":"https:\/\/moto-oprema.com\/hr\/wp-json\/wp\/v2\/product_brand?post=217972"},{"taxonomy":"product_cat","embeddable":true,"href":"https:\/\/moto-oprema.com\/hr\/wp-json\/wp\/v2\/product_cat?post=217972"},{"taxonomy":"product_tag","embeddable":true,"href":"https:\/\/moto-oprema.com\/hr\/wp-json\/wp\/v2\/product_tag?post=217972"}],"curies":[{"name":"wp","href":"https:\/\/api.w.org\/{rel}","templated":true}]}}