{"id":217867,"date":"2026-03-25T11:52:58","date_gmt":"2026-03-25T11:52:58","guid":{"rendered":"https:\/\/moto-oprema.com\/?post_type=product&#038;p=217867"},"modified":"2026-03-25T11:52:59","modified_gmt":"2026-03-25T11:52:59","slug":"spidi-seamless-shirt-black-grey","status":"publish","type":"product","link":"https:\/\/moto-oprema.com\/hr\/Artikel\/spidi-seamless-shirt-black-grey\/","title":{"rendered":"SPIDI SEAMLESS SHIRT BLACK GREY"},"content":{"rendered":"<p>Dizajnirana za natjecanja, SPIDI be\u0161avna majica izra\u0111ena je od mje\u0161avine poliestera i poliamida koja pru\u017ea izvrsnu prozra\u010dnost i smanjuje optere\u0107enje tijela. Njena pletena struktura u kombinaciji s anatomski oblikovanim krojem osigurava cjelodnevnu udobnost za voza\u010da.<\/p>\n","protected":false},"excerpt":{"rendered":"<p>Dizajnirana za natjecanja, SPIDI be\u0161avna majica izra\u0111ena je od mje\u0161avine poliestera i poliamida koja pru\u017ea izvrsnu&#8230;<\/p>\n","protected":false},"featured_media":217848,"comment_status":"open","ping_status":"closed","template":"","meta":{"_acf_changed":false},"brand":[2732],"gender":[2172],"product_brand":[],"product_cat":[2854,1356,2880],"product_tag":[],"class_list":{"0":"post-217867","1":"product","2":"type-product","3":"status-publish","4":"has-post-thumbnail","6":"brand-spidi-hr","7":"gender-unisex-hr","8":"product_cat-funkcionalna-odjeca-i-donje-rublje","9":"product_cat-motociklisticka-oprema","10":"product_cat-podkape-za-donje-rublje","11":"pa_size-l-xl-hr","12":"pa_size-sm","13":"pa_size-2xl-3xl-hr","15":"first","16":"instock","17":"sale","18":"taxable","19":"shipping-taxable","20":"purchasable","21":"product-type-variable"},"acf":[],"_links":{"self":[{"href":"https:\/\/moto-oprema.com\/hr\/wp-json\/wp\/v2\/product\/217867","targetHints":{"allow":["GET"]}}],"collection":[{"href":"https:\/\/moto-oprema.com\/hr\/wp-json\/wp\/v2\/product"}],"about":[{"href":"https:\/\/moto-oprema.com\/hr\/wp-json\/wp\/v2\/types\/product"}],"replies":[{"embeddable":true,"href":"https:\/\/moto-oprema.com\/hr\/wp-json\/wp\/v2\/comments?post=217867"}],"wp:featuredmedia":[{"embeddable":true,"href":"https:\/\/moto-oprema.com\/hr\/wp-json\/wp\/v2\/media\/217848"}],"wp:attachment":[{"href":"https:\/\/moto-oprema.com\/hr\/wp-json\/wp\/v2\/media?parent=217867"}],"wp:term":[{"taxonomy":"brand","embeddable":true,"href":"https:\/\/moto-oprema.com\/hr\/wp-json\/wp\/v2\/brand?post=217867"},{"taxonomy":"gender","embeddable":true,"href":"https:\/\/moto-oprema.com\/hr\/wp-json\/wp\/v2\/gender?post=217867"},{"taxonomy":"product_brand","embeddable":true,"href":"https:\/\/moto-oprema.com\/hr\/wp-json\/wp\/v2\/product_brand?post=217867"},{"taxonomy":"product_cat","embeddable":true,"href":"https:\/\/moto-oprema.com\/hr\/wp-json\/wp\/v2\/product_cat?post=217867"},{"taxonomy":"product_tag","embeddable":true,"href":"https:\/\/moto-oprema.com\/hr\/wp-json\/wp\/v2\/product_tag?post=217867"}],"curies":[{"name":"wp","href":"https:\/\/api.w.org\/{rel}","templated":true}]}}