{"id":217700,"date":"2026-03-25T10:50:05","date_gmt":"2026-03-25T10:50:05","guid":{"rendered":"https:\/\/moto-oprema.com\/?post_type=product&#038;p=217700"},"modified":"2026-03-25T11:07:13","modified_gmt":"2026-03-25T11:07:13","slug":"spidi-x-gt-rukavice-crne-kopija","status":"publish","type":"product","link":"https:\/\/moto-oprema.com\/hr\/Artikel\/spidi-x-gt-rukavice-crne-kopija\/","title":{"rendered":"SPIDI POWER CARBON RUKAVICE CRNE"},"content":{"rendered":"<p>Rukavice Power Carbon su lagane, visokou\u010dinkovite rukavice dizajnirane za za\u0161titu va\u0161ih ruku na cesti i stazi. Imaju certifikat EN13594:2015 KP CE i imaju oja\u010danje od karbonskih vlakana na zglobovima za dodatnu za\u0161titu. Rukavice su izra\u0111ene od izdr\u017eljive kozje ko\u017ee (0,6 mm do 0,8 mm) s naprednim sinteti\u010dkim umetcima od bru\u0161ene ko\u017ee za dodatnu za\u0161titu od habanja.  <\/p>\n<p>Zglob se zatvara remenom koji se obavija od 360\u00b0 s \u010di\u010dkom, a rukavice tako\u0111er imaju jezi\u010dak za brzo i jednostavno obla\u010denje. Stra\u017enja strana prstiju je podstavljena i uklju\u010duje 3D mre\u017easte umetke koji omogu\u0107uju izravnu ventilaciju i pove\u0107avaju udobnost vo\u017enje u toplijim klimama. Dlanovi i vanjski dijelovi rukavica su podstavljeni za udobnost i sigurnost, a tu su i perforirani mre\u017easti otvori za suhe i hladne ruke. Va\u017eno je napomenuti da su pokaziva\u010di prikladni za kori\u0161tenje na zaslonima osjetljivim na dodir, tako da mo\u017eete koristiti svoj GPS, pametni telefon i druge ure\u0111aje s zaslonom osjetljivim na dodir bez skidanja rukavica.<\/p>\n","protected":false},"excerpt":{"rendered":"<p>Rukavice Power Carbon su lagane, visokou\u010dinkovite rukavice dizajnirane za za\u0161titu va\u0161ih ruku na cesti i stazi&#8230;.<\/p>\n","protected":false},"featured_media":217746,"comment_status":"open","ping_status":"closed","template":"","meta":{"_acf_changed":false},"brand":[2732],"gender":[],"product_brand":[],"product_cat":[2835,1356,2816,2822],"product_tag":[],"class_list":{"0":"post-217700","1":"product","2":"type-product","3":"status-publish","4":"has-post-thumbnail","6":"brand-spidi-hr","7":"product_cat-kozne-rukavice","8":"product_cat-motociklisticka-oprema","9":"product_cat-rukavice","10":"product_cat-tekstilne-rukavice","11":"pa_velikost-rokovice-l-hr","12":"pa_velikost-rokovice-m-hr","13":"pa_velikost-rokovice-s-hr","14":"pa_velikost-rokovice-xl-hr","15":"pa_velikost-rokovice-xxl-hr","16":"pa_velikost-rokovice-xxxl-hr","18":"first","19":"instock","20":"sale","21":"taxable","22":"shipping-taxable","23":"purchasable","24":"product-type-variable"},"acf":[],"_links":{"self":[{"href":"https:\/\/moto-oprema.com\/hr\/wp-json\/wp\/v2\/product\/217700","targetHints":{"allow":["GET"]}}],"collection":[{"href":"https:\/\/moto-oprema.com\/hr\/wp-json\/wp\/v2\/product"}],"about":[{"href":"https:\/\/moto-oprema.com\/hr\/wp-json\/wp\/v2\/types\/product"}],"replies":[{"embeddable":true,"href":"https:\/\/moto-oprema.com\/hr\/wp-json\/wp\/v2\/comments?post=217700"}],"wp:featuredmedia":[{"embeddable":true,"href":"https:\/\/moto-oprema.com\/hr\/wp-json\/wp\/v2\/media\/217746"}],"wp:attachment":[{"href":"https:\/\/moto-oprema.com\/hr\/wp-json\/wp\/v2\/media?parent=217700"}],"wp:term":[{"taxonomy":"brand","embeddable":true,"href":"https:\/\/moto-oprema.com\/hr\/wp-json\/wp\/v2\/brand?post=217700"},{"taxonomy":"gender","embeddable":true,"href":"https:\/\/moto-oprema.com\/hr\/wp-json\/wp\/v2\/gender?post=217700"},{"taxonomy":"product_brand","embeddable":true,"href":"https:\/\/moto-oprema.com\/hr\/wp-json\/wp\/v2\/product_brand?post=217700"},{"taxonomy":"product_cat","embeddable":true,"href":"https:\/\/moto-oprema.com\/hr\/wp-json\/wp\/v2\/product_cat?post=217700"},{"taxonomy":"product_tag","embeddable":true,"href":"https:\/\/moto-oprema.com\/hr\/wp-json\/wp\/v2\/product_tag?post=217700"}],"curies":[{"name":"wp","href":"https:\/\/api.w.org\/{rel}","templated":true}]}}