{"id":217089,"date":"2026-03-24T10:48:32","date_gmt":"2026-03-24T10:48:32","guid":{"rendered":"https:\/\/moto-oprema.com\/?post_type=product&#038;p=217089"},"modified":"2026-03-24T11:06:10","modified_gmt":"2026-03-24T11:06:10","slug":"spidi-j-fit-superslim-hlace-plavo-tamno-rabljene-kopija-2","status":"publish","type":"product","link":"https:\/\/moto-oprema.com\/hr\/Artikel\/spidi-j-fit-superslim-hlace-plavo-tamno-rabljene-kopija-2\/","title":{"rendered":"SPIDI J-FIT SUPERSLIM TECH HLA\u010cE PLAVO TAMNO RABLJENE"},"content":{"rendered":"<p>J-Fit Superslim: Motociklisti\u010dke traperice AA klase dizajnirane za neusporedivu udobnost i vi\u0161u razinu sigurnosti.<\/p>\n<p>Trajnost ovih motociklisti\u010dkih hla\u010da zajam\u010dena je kori\u0161tenim materijalom: ovaj izuzetno rastezljivi traper razvio je SPIDI ispreplitanjem pamu\u010dnih i Cordura\u00ae vlakana te dodavanjem 6% elastana, \u0161to osigurava izvrsnu razinu fleksibilnosti i prilagodljivosti. Stra\u017enja etiketa SPIDI izra\u0111ena je od ko\u017ee, dok su gumb, zakovice i privjesak za klju\u010deve zavr\u0161eni u mat bron\u010danoj boji. <\/p>\n<p>Kroj je uski, a duljina standardna (34 in\u010da).<\/p>\n<p>Ove traperice certificirane su u klasi AA prema normi EN 17092-4:2020. Opremljene su kratkim \u0161titnicima za koljena Warrior Lite, koji se mogu ukloniti i podesiti po visini, te uklonjivim \u0161titnicima za bokove Warrior Lite razine 2.<\/p>\n","protected":false},"excerpt":{"rendered":"<p>J-Fit Superslim: Motociklisti\u010dke traperice AA klase dizajnirane za neusporedivu udobnost i vi\u0161u razinu sigurnosti. Trajnost ovih&#8230;<\/p>\n","protected":false},"featured_media":130305,"comment_status":"open","ping_status":"closed","template":"","meta":{"_acf_changed":false},"brand":[2732],"gender":[2168],"product_brand":[],"product_cat":[2832,1356,2833],"product_tag":[],"class_list":{"0":"post-217089","1":"product","2":"type-product","3":"status-publish","4":"has-post-thumbnail","6":"brand-spidi-hr","7":"gender-moski-de","8":"product_cat-hlace-hr","9":"product_cat-motociklisticka-oprema","10":"product_cat-traperice","11":"pa_size-28-hr","12":"pa_size-29-hr","13":"pa_size-30-hr","14":"pa_size-31-hr","15":"pa_size-32-hr","16":"pa_size-33-hr","17":"pa_size-34-hr","18":"pa_size-36-hr","19":"pa_size-38-hr","20":"pa_size-40-hr","22":"first","23":"instock","24":"sale","25":"taxable","26":"shipping-taxable","27":"purchasable","28":"product-type-variable"},"acf":[],"_links":{"self":[{"href":"https:\/\/moto-oprema.com\/hr\/wp-json\/wp\/v2\/product\/217089","targetHints":{"allow":["GET"]}}],"collection":[{"href":"https:\/\/moto-oprema.com\/hr\/wp-json\/wp\/v2\/product"}],"about":[{"href":"https:\/\/moto-oprema.com\/hr\/wp-json\/wp\/v2\/types\/product"}],"replies":[{"embeddable":true,"href":"https:\/\/moto-oprema.com\/hr\/wp-json\/wp\/v2\/comments?post=217089"}],"wp:featuredmedia":[{"embeddable":true,"href":"https:\/\/moto-oprema.com\/hr\/wp-json\/wp\/v2\/media\/130305"}],"wp:attachment":[{"href":"https:\/\/moto-oprema.com\/hr\/wp-json\/wp\/v2\/media?parent=217089"}],"wp:term":[{"taxonomy":"brand","embeddable":true,"href":"https:\/\/moto-oprema.com\/hr\/wp-json\/wp\/v2\/brand?post=217089"},{"taxonomy":"gender","embeddable":true,"href":"https:\/\/moto-oprema.com\/hr\/wp-json\/wp\/v2\/gender?post=217089"},{"taxonomy":"product_brand","embeddable":true,"href":"https:\/\/moto-oprema.com\/hr\/wp-json\/wp\/v2\/product_brand?post=217089"},{"taxonomy":"product_cat","embeddable":true,"href":"https:\/\/moto-oprema.com\/hr\/wp-json\/wp\/v2\/product_cat?post=217089"},{"taxonomy":"product_tag","embeddable":true,"href":"https:\/\/moto-oprema.com\/hr\/wp-json\/wp\/v2\/product_tag?post=217089"}],"curies":[{"name":"wp","href":"https:\/\/api.w.org\/{rel}","templated":true}]}}