{"id":216693,"date":"2026-03-24T08:50:39","date_gmt":"2026-03-24T08:50:39","guid":{"rendered":"https:\/\/moto-oprema.com\/?post_type=product&#038;p=216693"},"modified":"2026-03-24T09:12:39","modified_gmt":"2026-03-24T09:12:39","slug":"spidi-standard-h2out-jakna-crna-kopija","status":"publish","type":"product","link":"https:\/\/moto-oprema.com\/hr\/Artikel\/spidi-standard-h2out-jakna-crna-kopija\/","title":{"rendered":"SPIDI STANDARD H2OUT \u017dENSKA JAKNA CRNA"},"content":{"rendered":"<p>\u017denska jakna SPIDI The Standard H2OUT\u00ae dizajnirana je za \u017eene voza\u010dice na njihovim svakodnevnim vo\u017enjama po gradu i na putovanjima srednje duljine, pru\u017eaju\u0107i savr\u0161enu ravnote\u017eu izme\u0111u udobnosti, za\u0161tite i stila. Njezin \u010dist, moderan dizajn \u010dini je idealnom za one koje \u017eele tehni\u010dku odje\u0107u koja ostaje diskretna i prirodno se uklapa u svakodnevni \u017eivot. <\/p>\n<p>Jakna je izra\u0111ena od troslojnog Softshell materijala i pru\u017ea trenutnu udobnost zahvaljuju\u0107i svojoj mekoj i elasti\u010dnoj strukturi koja prati pokrete tijela. Ovaj materijal, koji je izdr\u017eljiv i ugodan na dodir, pru\u017ea izvrsnu za\u0161titu od vjetra i ki\u0161e te poma\u017ee u odr\u017eavanju idealne mikroklime \u010dak i tijekom dulje upotrebe. <\/p>\n<p>H2OUT\u00ae membrana \u2013 pru\u017ea maksimalnu za\u0161titu od vremenskih uvjeta bez ugro\u017eavanja prozra\u010dnosti, odr\u017eavaju\u0107i voza\u010da suhim i udobnim u svim godi\u0161njim dobima. Uklonjiva termalna podstava od 80 g omogu\u0107uje jednostavno pode\u0161avanje izolacije, \u0161to jaknu \u010dini prikladnom za \u0161irok raspon vremenskih uvjeta. YKK\u00ae VISLON\u00ae AquaGuard\u00ae patentni zatvara\u010d kombinira vodoodbojnu za\u0161titu s jednostavno\u0161\u0107u kori\u0161tenja: njegova poliuretanom laminirana traka \u0161titi sredi\u0161nji otvor od ki\u0161e, a istovremeno odr\u017eava glatko i udobno klizanje.  <\/p>\n<p>SPIDI Standardna jakna kompatibilna je s modularnim sustavom STEP-INWEAR, tako da se mo\u017ee kombinirati s dodatnim toplinskim ili vodootpornim slojevima, pove\u0107avaju\u0107i njezinu svestranost \u010dak i u izuzetno hladnim klimama. Opremljena je WARRIOR L2 BASIC \u0161titnicima na ramenima i laktovima, certificiranim prema EN 1621-1:2012, razina 2, i spremna je za ugradnju dodatnog Warrior \u0161titnika za le\u0111a, razine 1 ili 2. 3M\u00ae Scotchlite\u00ae reflektiraju\u0107i umeci pobolj\u0161avaju vidljivost u uvjetima slabog osvjetljenja, pove\u0107avaju\u0107i aktivnu sigurnost voza\u010da.  <\/p>\n<p>STANDARDNA JAKNA, certificirana prema normi EN 17092-4:2020 (klasa A), odli\u010dan je izbor za one koji tra\u017ee udobnu, laganu i sofisticiranu jaknu, idealnu za samouvjerenu i elegantnu vo\u017enju u gradskom prometu i na rutama srednje duljine.<\/p>\n<p>&nbsp;<\/p>\n","protected":false},"excerpt":{"rendered":"","protected":false},"featured_media":216725,"comment_status":"open","ping_status":"closed","template":"","meta":{"_acf_changed":false},"brand":[2732],"gender":[2169],"product_brand":[],"product_cat":[2759,1356,2761],"product_tag":[],"class_list":{"0":"post-216693","1":"product","2":"type-product","3":"status-publish","4":"has-post-thumbnail","6":"brand-spidi-hr","7":"gender-zenska-en","8":"product_cat-jakne-hr","9":"product_cat-motociklisticka-oprema","10":"product_cat-tekstilne-jakne-hr","11":"pa_size-2xl-hr","12":"pa_size-3xl-hr","13":"pa_size-l-hr","14":"pa_size-m-hr","15":"pa_size-s-hr","16":"pa_size-xl-hr","17":"pa_size-xs-hr","19":"first","20":"instock","21":"sale","22":"taxable","23":"shipping-taxable","24":"purchasable","25":"product-type-variable"},"acf":[],"_links":{"self":[{"href":"https:\/\/moto-oprema.com\/hr\/wp-json\/wp\/v2\/product\/216693","targetHints":{"allow":["GET"]}}],"collection":[{"href":"https:\/\/moto-oprema.com\/hr\/wp-json\/wp\/v2\/product"}],"about":[{"href":"https:\/\/moto-oprema.com\/hr\/wp-json\/wp\/v2\/types\/product"}],"replies":[{"embeddable":true,"href":"https:\/\/moto-oprema.com\/hr\/wp-json\/wp\/v2\/comments?post=216693"}],"wp:featuredmedia":[{"embeddable":true,"href":"https:\/\/moto-oprema.com\/hr\/wp-json\/wp\/v2\/media\/216725"}],"wp:attachment":[{"href":"https:\/\/moto-oprema.com\/hr\/wp-json\/wp\/v2\/media?parent=216693"}],"wp:term":[{"taxonomy":"brand","embeddable":true,"href":"https:\/\/moto-oprema.com\/hr\/wp-json\/wp\/v2\/brand?post=216693"},{"taxonomy":"gender","embeddable":true,"href":"https:\/\/moto-oprema.com\/hr\/wp-json\/wp\/v2\/gender?post=216693"},{"taxonomy":"product_brand","embeddable":true,"href":"https:\/\/moto-oprema.com\/hr\/wp-json\/wp\/v2\/product_brand?post=216693"},{"taxonomy":"product_cat","embeddable":true,"href":"https:\/\/moto-oprema.com\/hr\/wp-json\/wp\/v2\/product_cat?post=216693"},{"taxonomy":"product_tag","embeddable":true,"href":"https:\/\/moto-oprema.com\/hr\/wp-json\/wp\/v2\/product_tag?post=216693"}],"curies":[{"name":"wp","href":"https:\/\/api.w.org\/{rel}","templated":true}]}}