{"id":216261,"date":"2026-03-18T09:38:22","date_gmt":"2026-03-18T09:38:22","guid":{"rendered":"https:\/\/moto-oprema.com\/?post_type=product&#038;p=216261"},"modified":"2026-03-18T09:43:32","modified_gmt":"2026-03-18T09:43:32","slug":"spidi-ridemaster-jakna-crna-kopija","status":"publish","type":"product","link":"https:\/\/moto-oprema.com\/hr\/Artikel\/spidi-ridemaster-jakna-crna-kopija\/","title":{"rendered":"SPIDI RIDEMASTER JAKNA ZA BLAT"},"content":{"rendered":"<p>SPIDI Ridemaster H2OUT\u00ae je jakna za avanturisti\u010dke motocikle dizajnirana za \u010dvrsto\u0107u, izdr\u017eljivost i iznimnu vrijednost za novac.<\/p>\n<p>Idealna za vo\u017enju u umjerenim ili hladnim klimama, kombinira udobnost, naprednu tehnologiju i za\u0161titu u vodootpornoj, izdr\u017eljivoj i funkcionalnoj jakni. Uklonjiva termalna podstava i veliki dinami\u010dki otvor za zrak osiguravaju u\u010dinkovitu regulaciju temperature u svim godi\u0161njim dobima. <\/p>\n<p>Vanjska \u0161koljka izra\u0111ena je od visoko\u010dvrstog poliestera i ripstop tkanine, materijala koji pru\u017eaju izvrsnu otpornost na habanje. Unutra\u0161njost, H2OUT\u00ae membrana \u2013 vodootporna, otporna na vjetar i prozra\u010dna \u2013 \u0161titi voza\u010da od vremenskih uvjeta, a istovremeno odr\u017eava prirodnu ventilaciju. <\/p>\n<p>Ventilacija je pobolj\u0161ana sustavom &#8216;Neck-to-Elbow&#8217; koji usmjerava protok zraka od ovratnika prema laktovima, te podesivim stra\u017enjim deflektorima s patentnim zatvara\u010dima koji pru\u017eaju personaliziranu udobnost \u010dak i na dugim vo\u017enjama.<\/p>\n<p>Termalna podstava od 100 g\/m\u00b2 je uklonjiva i kompatibilna s modularnim sustavom STEP-INWEAR, \u0161to omogu\u0107uje zamjenu ili kori\u0161tenje s drugim SPIDI odjevnim predmetima opremljenim istom tehnologijom, \u010dime se savr\u0161eno prilago\u0111ava razli\u010ditim vremenskim uvjetima.<\/p>\n<p>Jakna je certificirana u klasi AA prema normi EN 17092-4:2020, \u0161to osigurava visoku razinu za\u0161tite za kori\u0161tenje na cesti; reflektiraju\u0107i umeci pobolj\u0161avaju vidljivost voza\u010da u uvjetima slabog osvjetljenja, pove\u0107avaju\u0107i sigurnost tijekom no\u0107ne vo\u017enje.<\/p>\n<p>Svojom robusnom konstrukcijom, modularnim sustavom slojeva i svestranim performansama, SPIDI Ridemaster H2OUT\u00ae je odli\u010dan izbor za motocikliste koji tra\u017ee pouzdanu, tehni\u010dku motociklisti\u010dku jaknu prikladnu za sva godi\u0161nja doba.<\/p>\n<p>&nbsp;<\/p>\n<p>Sastav sirovine:<\/p>\n<p>&#8211; 100% poliester<\/p>\n","protected":false},"excerpt":{"rendered":"<p>SPIDI Ridemaster H2OUT\u00ae je jakna za avanturisti\u010dke motocikle dizajnirana za \u010dvrsto\u0107u, izdr\u017eljivost i iznimnu vrijednost za&#8230;<\/p>\n","protected":false},"featured_media":216207,"comment_status":"open","ping_status":"closed","template":"","meta":{"_acf_changed":false},"brand":[2732],"gender":[1313],"product_brand":[],"product_cat":[2759,1356,2761],"product_tag":[],"class_list":{"0":"post-216261","1":"product","2":"type-product","3":"status-publish","4":"has-post-thumbnail","6":"brand-spidi-hr","7":"gender-moski","8":"product_cat-jakne-hr","9":"product_cat-motociklisticka-oprema","10":"product_cat-tekstilne-jakne-hr","11":"pa_size-2xl-hr","12":"pa_size-3xl-hr","13":"pa_size-4xl-hr","14":"pa_size-l-hr","15":"pa_size-m-hr","16":"pa_size-s-hr","17":"pa_size-xl-hr","19":"first","20":"instock","21":"sale","22":"taxable","23":"shipping-taxable","24":"purchasable","25":"product-type-variable"},"acf":[],"_links":{"self":[{"href":"https:\/\/moto-oprema.com\/hr\/wp-json\/wp\/v2\/product\/216261","targetHints":{"allow":["GET"]}}],"collection":[{"href":"https:\/\/moto-oprema.com\/hr\/wp-json\/wp\/v2\/product"}],"about":[{"href":"https:\/\/moto-oprema.com\/hr\/wp-json\/wp\/v2\/types\/product"}],"replies":[{"embeddable":true,"href":"https:\/\/moto-oprema.com\/hr\/wp-json\/wp\/v2\/comments?post=216261"}],"wp:featuredmedia":[{"embeddable":true,"href":"https:\/\/moto-oprema.com\/hr\/wp-json\/wp\/v2\/media\/216207"}],"wp:attachment":[{"href":"https:\/\/moto-oprema.com\/hr\/wp-json\/wp\/v2\/media?parent=216261"}],"wp:term":[{"taxonomy":"brand","embeddable":true,"href":"https:\/\/moto-oprema.com\/hr\/wp-json\/wp\/v2\/brand?post=216261"},{"taxonomy":"gender","embeddable":true,"href":"https:\/\/moto-oprema.com\/hr\/wp-json\/wp\/v2\/gender?post=216261"},{"taxonomy":"product_brand","embeddable":true,"href":"https:\/\/moto-oprema.com\/hr\/wp-json\/wp\/v2\/product_brand?post=216261"},{"taxonomy":"product_cat","embeddable":true,"href":"https:\/\/moto-oprema.com\/hr\/wp-json\/wp\/v2\/product_cat?post=216261"},{"taxonomy":"product_tag","embeddable":true,"href":"https:\/\/moto-oprema.com\/hr\/wp-json\/wp\/v2\/product_tag?post=216261"}],"curies":[{"name":"wp","href":"https:\/\/api.w.org\/{rel}","templated":true}]}}