{"id":216046,"date":"2026-03-18T08:59:35","date_gmt":"2026-03-18T08:59:35","guid":{"rendered":"https:\/\/moto-oprema.com\/?post_type=product&#038;p=216046"},"modified":"2026-04-01T07:23:37","modified_gmt":"2026-04-01T07:23:37","slug":"alpinestars-cusco-drystar-jakna-crno-siva-kopija","status":"publish","type":"product","link":"https:\/\/moto-oprema.com\/hr\/Artikel\/alpinestars-cusco-drystar-jakna-crno-siva-kopija\/","title":{"rendered":"ALPINESTARS CUSCO DRYSTAR JAKNA CRNA"},"content":{"rendered":"<p>Alpinestars Cusco Drystar \u2013 vodootporna tekstilna motociklisti\u010dka jakna<\/p>\n<p>Cusco Drystar je svestrana, lagana dvogodi\u0161nja avanturisti\u010dka jakna koja je savr\u0161ena za vo\u017enju po cesti, obilaske ili svakodnevnu vo\u017enju na posao. Dizajnirana za iznimnu fleksibilnost, pru\u017ea voza\u010dima optimalnu udobnost i za\u0161titu u promjenjivim vremenskim uvjetima. Zahvaljuju\u0107i visokokvalitetnim materijalima i promi\u0161ljenoj konstrukciji, jakna vas pouzdano odr\u017eava suhima u vru\u0107im, sun\u010danim danima, kao i po ki\u0161i, te \u0161titi od vjetra, a istovremeno osigurava maksimalnu slobodu kretanja. Cusco Drystar je stoga idealan izbor za sve koji tra\u017ee udobnost, za\u0161titu i fleksibilnost u jednom odjevnom predmetu, nude\u0107i savr\u0161enu kombinaciju lako\u0107e, izdr\u017eljivosti i prozra\u010dnosti za avanturisti\u010dke vo\u017enje u prolje\u0107e i ljeto.   <\/p>\n<p>Konstrukcija:<\/p>\n<ul>\n<li>Svestrana i lagana jakna za avanture tijekom dvije sezone<\/li>\n<li>Pru\u017ea optimalnu udobnost i za\u0161titu u toplim i vla\u017enim uvjetima<\/li>\n<li>Idealan izbor za motociklisti\u010dke ture i svakodnevna putovanja na posao<\/li>\n<li>Lagana i izdr\u017eljiva konstrukcija od recikliranog ripstopa i elasti\u010dnog softshell materijala za visoku udobnost no\u0161enja i maksimalnu slobodu kretanja na i izvan motocikla<\/li>\n<li>Uklonjiva Drystar\u00ae membrana za svestranu kontrolu klime i pouzdanu za\u0161titu od vjetra i vremenskih uvjeta, koja se mo\u017ee nositi i ispod i preko jakne;<\/li>\n<li>Veliki, strate\u0161ki postavljeni ventilacijski otvori za optimalni protok zraka pri visokim temperaturama;<\/li>\n<\/ul>\n<p>Tehni\u010dke specifikacije:<\/p>\n<ul>\n<li>Za\u0161titna odje\u0107a za motocikliste, klasa AA (EN 17092-3:2020);<\/li>\n<li>\u0160titnici za laktove i ramena: Nucleon Flex Pro Level 2<\/li>\n<\/ul>\n<p>&nbsp;<\/p>\n","protected":false},"excerpt":{"rendered":"","protected":false},"featured_media":216074,"comment_status":"open","ping_status":"closed","template":"","meta":{"_acf_changed":false},"brand":[2748],"gender":[2167],"product_brand":[],"product_cat":[2759,1356,2761],"product_tag":[],"class_list":{"0":"post-216046","1":"product","2":"type-product","3":"status-publish","4":"has-post-thumbnail","6":"brand-alpinestars-hr","7":"gender-moski-en","8":"product_cat-jakne-hr","9":"product_cat-motociklisticka-oprema","10":"product_cat-tekstilne-jakne-hr","11":"pa_size-2xl-hr","12":"pa_size-3xl-hr","13":"pa_size-4xl-hr","14":"pa_size-l-hr","15":"pa_size-m-hr","16":"pa_size-s-hr","17":"pa_size-xl-hr","19":"first","20":"instock","21":"sale","22":"taxable","23":"shipping-taxable","24":"purchasable","25":"product-type-variable"},"acf":[],"_links":{"self":[{"href":"https:\/\/moto-oprema.com\/hr\/wp-json\/wp\/v2\/product\/216046","targetHints":{"allow":["GET"]}}],"collection":[{"href":"https:\/\/moto-oprema.com\/hr\/wp-json\/wp\/v2\/product"}],"about":[{"href":"https:\/\/moto-oprema.com\/hr\/wp-json\/wp\/v2\/types\/product"}],"replies":[{"embeddable":true,"href":"https:\/\/moto-oprema.com\/hr\/wp-json\/wp\/v2\/comments?post=216046"}],"wp:featuredmedia":[{"embeddable":true,"href":"https:\/\/moto-oprema.com\/hr\/wp-json\/wp\/v2\/media\/216074"}],"wp:attachment":[{"href":"https:\/\/moto-oprema.com\/hr\/wp-json\/wp\/v2\/media?parent=216046"}],"wp:term":[{"taxonomy":"brand","embeddable":true,"href":"https:\/\/moto-oprema.com\/hr\/wp-json\/wp\/v2\/brand?post=216046"},{"taxonomy":"gender","embeddable":true,"href":"https:\/\/moto-oprema.com\/hr\/wp-json\/wp\/v2\/gender?post=216046"},{"taxonomy":"product_brand","embeddable":true,"href":"https:\/\/moto-oprema.com\/hr\/wp-json\/wp\/v2\/product_brand?post=216046"},{"taxonomy":"product_cat","embeddable":true,"href":"https:\/\/moto-oprema.com\/hr\/wp-json\/wp\/v2\/product_cat?post=216046"},{"taxonomy":"product_tag","embeddable":true,"href":"https:\/\/moto-oprema.com\/hr\/wp-json\/wp\/v2\/product_tag?post=216046"}],"curies":[{"name":"wp","href":"https:\/\/api.w.org\/{rel}","templated":true}]}}