{"id":215401,"date":"2026-03-10T09:17:25","date_gmt":"2026-03-10T09:17:25","guid":{"rendered":"https:\/\/moto-oprema.com\/?post_type=product&#038;p=215401"},"modified":"2026-03-10T09:25:49","modified_gmt":"2026-03-10T09:25:49","slug":"alpinestars-smx-air-jakna-crna-crvena-kopija","status":"publish","type":"product","link":"https:\/\/moto-oprema.com\/hr\/Artikel\/alpinestars-smx-air-jakna-crna-crvena-kopija\/","title":{"rendered":"ALPINESTARS SMX AIR JAKNA CRNA"},"content":{"rendered":"<div id=\"tw-target-text-container\" class=\"tw-ta-container tw-nfl\">\n<p>Dizajnirana za trka\u010de i voza\u010de sportskih motocikala, SMX zra\u010dna jakna pru\u017ea maksimalnu ventilaciju i za\u0161titu dokazanu na utrkama za vo\u017enju po toplom vremenu. Tehni\u010dka mre\u017easta konstrukcija u kombinaciji s perforiranim 450D poliesterskim plo\u010dama osigurava optimalnu cirkulaciju zraka, dok za\u0161tita CE razine 1 Nucleon Flex Plus i DFS Lite rameni kliza\u010di pru\u017eaju za\u0161titu klase A. Kompatibilna je s Tech-Air\u00ae-om sa strate\u0161kim rastezljivim zonama za pro\u0161irenje zra\u010dnog jastuka, plus uklonjiva vjetrootporna podstava za prilagodljivost raznim vremenskim uvjetima. <\/p>\n<p>svojstva<\/p>\n<ul>\n<li>Kompatibilnost s Tech-Air\u00ae: dizajniran za integraciju sa zra\u010dnim jastukom Tech-Air\u00ae 5 za maksimalnu za\u0161titu u slu\u010daju nesre\u0107e.<\/li>\n<li>Ventilacijski sustav: Tech mesh tkanina i perforirana 450D polifabric pru\u017eaju maksimalnu prozra\u010dnost u toplim vremenskim uvjetima.<\/li>\n<li>Prilago\u0111avanje vremenskim uvjetima: Uklonjiva vjetrobranska podstava prilago\u0111ava za\u0161titu promjenjivim uvjetima.<\/li>\n<li>Za\u0161tita od udara: Nucleon Flex Plus CE razina 1 za\u0161tite i DFS Lite rameni kliza\u010di posti\u017eu CE razinu A za\u0161tite.<\/li>\n<li>Elasti\u010dna struktura: strate\u0161ki postavljeni poliamidni umetci omogu\u0107uju neograni\u010deno kretanje i funkcioniranje Tech-Air\u00ae sustava.<\/li>\n<li>Rje\u0161enje za pohranu: ugra\u0111eni vodootporni pretinac \u0161titi dragocjenosti.<\/li>\n<li>Podesivo prileganje: Sustav pode\u0161avanja remena optimizira udobnost i za\u0161titu.<\/li>\n<\/ul>\n<p>za\u0161tita:<\/p>\n<ul>\n<li>CE certifikat prema EN 17092-4:2020 kategorija II &#8211; klasa A za za\u0161titu pri vo\u017enji cestom i sportskoj vo\u017enji.<\/li>\n<li>Nucleon Flex Plus CE za\u0161tita razine 1 (EN1621-1:2012) integrirana na ramenima i laktovima.<\/li>\n<li>Dodatna Nucleon Flex Plus za\u0161tita podlaktice pro\u0161iruje podru\u010dje za\u0161tite od udara.<\/li>\n<li>Vanjski DFS Lite rameni kliza\u010di ugra\u0111eni su radi za\u0161tite od udara u nesre\u0107ama.<\/li>\n<li>Tech-Air\u00ae 5 sustav zra\u010dnih jastuka kompatibilan je za naprednu za\u0161titu trupa i kralje\u017enice.<\/li>\n<\/ul>\n<p>&nbsp;<\/p>\n<\/div>\n","protected":false},"excerpt":{"rendered":"<p>Boja: crna<\/p>\n","protected":false},"featured_media":215421,"comment_status":"open","ping_status":"closed","template":"","meta":{"_acf_changed":false},"brand":[2748],"gender":[1313],"product_brand":[],"product_cat":[2759,1356,2761],"product_tag":[],"class_list":{"0":"post-215401","1":"product","2":"type-product","3":"status-publish","4":"has-post-thumbnail","6":"brand-alpinestars-hr","7":"gender-moski","8":"product_cat-jakne-hr","9":"product_cat-motociklisticka-oprema","10":"product_cat-tekstilne-jakne-hr","11":"pa_size-2xl-hr","12":"pa_size-3xl-hr","13":"pa_size-4xl-hr","14":"pa_size-l-hr","15":"pa_size-m-hr","16":"pa_size-s-hr","17":"pa_size-xl-hr","19":"first","20":"instock","21":"sale","22":"taxable","23":"shipping-taxable","24":"purchasable","25":"product-type-variable"},"acf":[],"_links":{"self":[{"href":"https:\/\/moto-oprema.com\/hr\/wp-json\/wp\/v2\/product\/215401","targetHints":{"allow":["GET"]}}],"collection":[{"href":"https:\/\/moto-oprema.com\/hr\/wp-json\/wp\/v2\/product"}],"about":[{"href":"https:\/\/moto-oprema.com\/hr\/wp-json\/wp\/v2\/types\/product"}],"replies":[{"embeddable":true,"href":"https:\/\/moto-oprema.com\/hr\/wp-json\/wp\/v2\/comments?post=215401"}],"wp:featuredmedia":[{"embeddable":true,"href":"https:\/\/moto-oprema.com\/hr\/wp-json\/wp\/v2\/media\/215421"}],"wp:attachment":[{"href":"https:\/\/moto-oprema.com\/hr\/wp-json\/wp\/v2\/media?parent=215401"}],"wp:term":[{"taxonomy":"brand","embeddable":true,"href":"https:\/\/moto-oprema.com\/hr\/wp-json\/wp\/v2\/brand?post=215401"},{"taxonomy":"gender","embeddable":true,"href":"https:\/\/moto-oprema.com\/hr\/wp-json\/wp\/v2\/gender?post=215401"},{"taxonomy":"product_brand","embeddable":true,"href":"https:\/\/moto-oprema.com\/hr\/wp-json\/wp\/v2\/product_brand?post=215401"},{"taxonomy":"product_cat","embeddable":true,"href":"https:\/\/moto-oprema.com\/hr\/wp-json\/wp\/v2\/product_cat?post=215401"},{"taxonomy":"product_tag","embeddable":true,"href":"https:\/\/moto-oprema.com\/hr\/wp-json\/wp\/v2\/product_tag?post=215401"}],"curies":[{"name":"wp","href":"https:\/\/api.w.org\/{rel}","templated":true}]}}