{"id":214677,"date":"2026-03-05T09:17:06","date_gmt":"2026-03-05T09:17:06","guid":{"rendered":"https:\/\/moto-oprema.com\/?post_type=product&#038;p=214677"},"modified":"2026-03-05T09:40:21","modified_gmt":"2026-03-05T09:40:21","slug":"scorpion-adx-2-lewis-matt-crno-srebrna-kopija","status":"publish","type":"product","link":"https:\/\/moto-oprema.com\/hr\/Artikel\/scorpion-adx-2-lewis-matt-crno-srebrna-kopija\/","title":{"rendered":"SCORPION VX-16 EVO AIR ROD BLACK NEON YELLOW"},"content":{"rendered":"<p>Scorpion VX-16 Evo Air Rod motokros kaciga<\/p>\n<p>VX-16 Air kombinira sve zna\u010dajke provjerene serije VX-15, uklju\u010duju\u0107i AirFit, veliko vidno polje i uklonjivi otvor za usta, te nudi pobolj\u0161ano pristajanje zahvaljuju\u0107i laserski izrezanim, 3D oblikovanim jastu\u010di\u0107ima za obraze. Kaciga se odlikuje ve\u0107im podru\u010djem brade za udobno disanje i manjom te\u017einom zahvaljuju\u0107i Scorpionovoj naprednoj termoplasti\u010dnoj \u0161koljci. VX-16 Air tako\u0111er postavlja modne naglaske u off-road sektoru i pi\u0161e novo poglavlje u povijesti Scorpionovih off-road kaciga.  <\/p>\n<p>Konstrukcija:<\/p>\n<ul>\n<li>AirFit \u2013 sustav napuhanih jastu\u010di\u0107a za obraze za savr\u0161eno, individualno pristajanje.<\/li>\n<li>Dvostruki D \u2013 D-prsten sustav s vode\u0107om izdr\u017eljivo\u0161\u0107u u industriji.<\/li>\n<li>KwikWick\u00ae \u2013 tkanina koja regulira temperaturu i odr\u017eava vas hladnima i suhima u toplim, a toplima u hladnim danima. Unutarnja podstava se lako skida i periva. <\/li>\n<li>Deflektor daha: pobolj\u0161ana svojstva protiv zamagljivanja.<\/li>\n<\/ul>\n<p>Tehni\u010dke zna\u010dajke:<\/p>\n<ul>\n<li>Materijal: Termoplastika \/ polikarbonat<\/li>\n<li>Zatvaranje: Dvostruko D zatvaranje od titana<\/li>\n<li>Standard: ECE 22.06<\/li>\n<\/ul>\n<p>Veli\u010dine:<\/p>\n<p>Veli\u010dine kacige \/ opseg glave:<\/p>\n<ul>\n<li>XS: 53 cm &#8211; 54 cm<\/li>\n<li>S: 55 cm &#8211; 56 cm<\/li>\n<li>M: 57 cm &#8211; 58 cm<\/li>\n<li>D: 59 cm &#8211; 60 cm<\/li>\n<li>XL: 61 cm &#8211; 62 cm<\/li>\n<li>XXL: 63 cm &#8211; 64 cm<\/li>\n<\/ul>\n<p>Sadr\u017eaj:<\/p>\n<ul>\n<li>1x kaciga za motokros Scorpion VX-16 Evo Air Rod<\/li>\n<li>1x produ\u017eetak vizira<\/li>\n<\/ul>\n","protected":false},"excerpt":{"rendered":"","protected":false},"featured_media":214717,"comment_status":"open","ping_status":"closed","template":"","meta":{"_acf_changed":false},"brand":[3429],"gender":[2172],"product_brand":[],"product_cat":[2764,2733],"product_tag":[],"class_list":{"0":"post-214677","1":"product","2":"type-product","3":"status-publish","4":"has-post-thumbnail","6":"brand-skorpion","7":"gender-unisex-hr","8":"product_cat-mx-kacige","9":"product_cat-oprema-za-motokros","10":"pa_velikost-st-l-hr","11":"pa_velikost-st-m-hr","12":"pa_velikost-st-s-hr","13":"pa_velikost-st-xl-hr","14":"pa_velikost-st-xs-hr","15":"pa_velikost-st-xxl-hr","16":"pa_velikost-st-xxxl-hr","18":"first","19":"instock","20":"taxable","21":"shipping-taxable","22":"purchasable","23":"product-type-variable"},"acf":[],"_links":{"self":[{"href":"https:\/\/moto-oprema.com\/hr\/wp-json\/wp\/v2\/product\/214677","targetHints":{"allow":["GET"]}}],"collection":[{"href":"https:\/\/moto-oprema.com\/hr\/wp-json\/wp\/v2\/product"}],"about":[{"href":"https:\/\/moto-oprema.com\/hr\/wp-json\/wp\/v2\/types\/product"}],"replies":[{"embeddable":true,"href":"https:\/\/moto-oprema.com\/hr\/wp-json\/wp\/v2\/comments?post=214677"}],"wp:featuredmedia":[{"embeddable":true,"href":"https:\/\/moto-oprema.com\/hr\/wp-json\/wp\/v2\/media\/214717"}],"wp:attachment":[{"href":"https:\/\/moto-oprema.com\/hr\/wp-json\/wp\/v2\/media?parent=214677"}],"wp:term":[{"taxonomy":"brand","embeddable":true,"href":"https:\/\/moto-oprema.com\/hr\/wp-json\/wp\/v2\/brand?post=214677"},{"taxonomy":"gender","embeddable":true,"href":"https:\/\/moto-oprema.com\/hr\/wp-json\/wp\/v2\/gender?post=214677"},{"taxonomy":"product_brand","embeddable":true,"href":"https:\/\/moto-oprema.com\/hr\/wp-json\/wp\/v2\/product_brand?post=214677"},{"taxonomy":"product_cat","embeddable":true,"href":"https:\/\/moto-oprema.com\/hr\/wp-json\/wp\/v2\/product_cat?post=214677"},{"taxonomy":"product_tag","embeddable":true,"href":"https:\/\/moto-oprema.com\/hr\/wp-json\/wp\/v2\/product_tag?post=214677"}],"curies":[{"name":"wp","href":"https:\/\/api.w.org\/{rel}","templated":true}]}}