{"id":214513,"date":"2026-03-04T11:32:28","date_gmt":"2026-03-04T11:32:28","guid":{"rendered":"https:\/\/moto-oprema.com\/?post_type=product&#038;p=214513"},"modified":"2026-03-04T11:39:48","modified_gmt":"2026-03-04T11:39:48","slug":"alpinestars-t-sps-air-v2-wp-jakna-crna-zuta-fluo-kopija","status":"publish","type":"product","link":"https:\/\/moto-oprema.com\/hr\/Artikel\/alpinestars-t-sps-air-v2-wp-jakna-crna-zuta-fluo-kopija\/","title":{"rendered":"ALPINESTARS T-SPS AIR V2 WP JAKNA CRNA BIJELA CRVENA FLUO"},"content":{"rendered":"<div id=\"tw-target-text-container\" class=\"tw-ta-container tw-nfl\">\n<p>Svestrana jakna T-SPS Air v2 ima strate\u0161ki postavljene otvore za prozra\u010divanje i velike mre\u017easte panele na prsima, le\u0111ima i rukavima za optimalnu prozra\u010dnost u raznim vremenskim uvjetima. Dizajnirana s krojem performansi i opremljena vrhunskom Nucleon Flex Plus za\u0161titom na ramenima i laktovima, jakna T-SPS Air v2 idealna je za gradsku vo\u017enju. Standardni kroj.  <\/p>\n<p>Zna\u010dajke<\/p>\n<ul>\n<li>Strate\u0161ki perforirane 600D zone omogu\u0107uju protok zraka kroz glavnu \u0161koljku, pobolj\u0161avaju\u0107i prozra\u010dnost i ventilaciju.<\/li>\n<li>Tehni\u010dki mre\u017easti umetci dizajnirani su kako bi osigurali maksimalan protok zraka u gornjem dijelu tijela, osiguravaju\u0107i optimalno hla\u0111enje, posebno na sportskim motociklima bez karoserije.<\/li>\n<li>Unutarnja oja\u010danja strate\u0161ki su postavljena na najizlo\u017eenijim podru\u010djima, osiguravaju\u0107i maksimalnu izdr\u017eljivost i za\u0161titu od habanja.<\/li>\n<li>Sportski kroj s ergonomskim umetcima i 2D tehni\u010dkom mre\u017eastom konstrukcijom za ve\u0107u udobnost i pokretljivost.<\/li>\n<\/ul>\n<p>Konstrukcija<\/p>\n<ul>\n<li>Jakna T-SPS Air v2 izra\u0111ena je od izdr\u017eljive 600D poliesterske tkanine za pove\u0107anu trajnost.<\/li>\n<li>Vi\u0161edijelni uzorak za vrhunsku udobnost i funkcionalnost.<\/li>\n<li>Vodootporni unutarnji d\u017eep za sigurno pohranjivanje bitnih predmeta.<\/li>\n<\/ul>\n<p>Za\u0161tita<\/p>\n<p>CE-certificirana klasa A.<\/p>\n<ul>\n<li>Nucleon Flex Plus \u0161titnici za ramena i laktove razine 1.<\/li>\n<li>Spremno za Tech-Air\u00ae.<\/li>\n<\/ul>\n<\/div>\n","protected":false},"excerpt":{"rendered":"<p>Boja: crna &#8211; bijela &#8211; fluorescentno crvena<\/p>\n","protected":false},"featured_media":214538,"comment_status":"open","ping_status":"closed","template":"","meta":{"_acf_changed":false},"brand":[2748],"gender":[],"product_brand":[],"product_cat":[2759,1356,2761],"product_tag":[],"class_list":{"0":"post-214513","1":"product","2":"type-product","3":"status-publish","4":"has-post-thumbnail","6":"brand-alpinestars-hr","7":"product_cat-jakne-hr","8":"product_cat-motociklisticka-oprema","9":"product_cat-tekstilne-jakne-hr","10":"pa_size-2xl-hr","11":"pa_size-3xl-hr","12":"pa_size-4xl-hr","13":"pa_size-l-hr","14":"pa_size-m-hr","15":"pa_size-s-hr","16":"pa_size-xl-hr","18":"first","19":"instock","20":"taxable","21":"shipping-taxable","22":"purchasable","23":"product-type-variable"},"acf":[],"_links":{"self":[{"href":"https:\/\/moto-oprema.com\/hr\/wp-json\/wp\/v2\/product\/214513","targetHints":{"allow":["GET"]}}],"collection":[{"href":"https:\/\/moto-oprema.com\/hr\/wp-json\/wp\/v2\/product"}],"about":[{"href":"https:\/\/moto-oprema.com\/hr\/wp-json\/wp\/v2\/types\/product"}],"replies":[{"embeddable":true,"href":"https:\/\/moto-oprema.com\/hr\/wp-json\/wp\/v2\/comments?post=214513"}],"wp:featuredmedia":[{"embeddable":true,"href":"https:\/\/moto-oprema.com\/hr\/wp-json\/wp\/v2\/media\/214538"}],"wp:attachment":[{"href":"https:\/\/moto-oprema.com\/hr\/wp-json\/wp\/v2\/media?parent=214513"}],"wp:term":[{"taxonomy":"brand","embeddable":true,"href":"https:\/\/moto-oprema.com\/hr\/wp-json\/wp\/v2\/brand?post=214513"},{"taxonomy":"gender","embeddable":true,"href":"https:\/\/moto-oprema.com\/hr\/wp-json\/wp\/v2\/gender?post=214513"},{"taxonomy":"product_brand","embeddable":true,"href":"https:\/\/moto-oprema.com\/hr\/wp-json\/wp\/v2\/product_brand?post=214513"},{"taxonomy":"product_cat","embeddable":true,"href":"https:\/\/moto-oprema.com\/hr\/wp-json\/wp\/v2\/product_cat?post=214513"},{"taxonomy":"product_tag","embeddable":true,"href":"https:\/\/moto-oprema.com\/hr\/wp-json\/wp\/v2\/product_tag?post=214513"}],"curies":[{"name":"wp","href":"https:\/\/api.w.org\/{rel}","templated":true}]}}