{"id":213385,"date":"2026-02-27T08:37:26","date_gmt":"2026-02-27T08:37:26","guid":{"rendered":"https:\/\/moto-oprema.com\/?post_type=product&#038;p=213385"},"modified":"2026-02-27T08:43:33","modified_gmt":"2026-02-27T08:43:33","slug":"scorpion-adx-2-lewis-crna-crvena-kopija","status":"publish","type":"product","link":"https:\/\/moto-oprema.com\/hr\/Artikel\/scorpion-adx-2-lewis-crna-crvena-kopija\/","title":{"rendered":"SCORPION ADX-2 LEWIS MATT CRNO-SREBRNA"},"content":{"rendered":"<p>Enduro kaciga Scorpion ADX-2 Lewis<\/p>\n<p>ADX-2 Lewis je moderna enduro kaciga koja kombinira svestranost, udobnost i sigurnost u funkcionalnom paketu. Dizajnirana za voza\u010de koji voze i po cesti i izvan nje, impresionira svojim modularnim dizajnom s P\/J certifikatom, u\u010dinkovitim sustavom ventilacije i integriranim \u0161titnikom za sunce. S robusnom konstrukcijom, dobro osmi\u0161ljenim zna\u010dajkama i visokom svakodnevnom upotrebljivo\u0161\u0107u, ADX-2 Lewis nudi maksimalnu prilagodljivost i za\u0161titu &#8211; kako na kratkim vo\u017enjama tako i na dugim avanturama.  <\/p>\n<p>Konstrukcija:<\/p>\n<ul>\n<li>Lagana i aerodinami\u010dna \u0161koljka \u2013 smanjuje otpor vjetra i umor na dugim vo\u017enjama<\/li>\n<li>Unutarnji jastu\u010di\u0107i 3D Contour Fit \u2013 laserski izrezani za precizno pristajanje i visoku udobnost<\/li>\n<li>P\/J certifikat \u2013 mo\u017ee se koristiti kao kaciga za cijelo lice ili otvoreno lice za maksimalnu fleksibilnost<\/li>\n<li>Integrirani \u0161titnik za sunce SpeedView\u00ae \u2013 pouzdano \u0161titi od odsjaja sunca<\/li>\n<li>U\u010dinkovit Aero-Tuned ventilacijski sustav \u2013 smanjuje otpor zraka i uklanja toplinu i vlagu<\/li>\n<li>KwikFit\u00ae jastu\u010di\u0107i za obraze \u2013 omogu\u0107uju udobno no\u0161enje nao\u010dala<\/li>\n<li>Uklonjivi \u0161titnik \u2013 prilagodljiv za touring ili avanturisti\u010dku vo\u017enju<\/li>\n<li>Spreman za komunikacijski sustav s d\u017eepovima za zvu\u010dnike \u2013 idealno za Bluetooth sustave<\/li>\n<\/ul>\n<p>Tehni\u010dke zna\u010dajke:<\/p>\n<ul>\n<li>Materijal: termoplastika \/ polikarbonat<\/li>\n<li>ECE 22-06, P\/J certificirano<\/li>\n<li>Mikrometrijska kop\u010da sa nazubljenom kop\u010dom<\/li>\n<li>Veli\u010dine: XS &#8211; XXL<\/li>\n<\/ul>\n<p>Veli\u010dine:<\/p>\n<p>Veli\u010dine kacige \/ opseg glave:<\/p>\n<p>XS: 54 cm &#8211; 55 cm<\/p>\n<p>S: 55 cm &#8211; 56 cm<\/p>\n<p>M: 57 cm &#8211; 58 cm<\/p>\n<p>D: 58 cm &#8211; 59 cm<\/p>\n<p>XL: 60 cm &#8211; 61 cm<\/p>\n<p>XXL: 62 cm &#8211; 63 cm<\/p>\n<p>Kompatibilnost:<\/p>\n<p>Spremno za komunikacijske sustave (ugra\u0111eni d\u017eepovi za zvu\u010dnike, EXO\u2011COM Ready; nije uklju\u010deno u isporuku)<\/p>\n<p>Sadr\u017eaj:<\/p>\n<ul>\n<li>1x kaciga Scorpion ADX-2 Lewis Enduro<\/li>\n<li>1x torba za kacigu<\/li>\n<\/ul>\n<p>Dodatne informacije o proizvodu<\/p>\n<ul>\n<li>Spremno za komunikacijske ure\u0111aje<\/li>\n<li>Pogodno za nao\u010dale<\/li>\n<li>Spreman za Pinlock<\/li>\n<li>\u0160titnik za sunce<\/li>\n<li>Kop\u010da: Mikrolok<\/li>\n<\/ul>\n<p>&nbsp;<\/p>\n","protected":false},"excerpt":{"rendered":"","protected":false},"featured_media":213425,"comment_status":"open","ping_status":"closed","template":"","meta":{"_acf_changed":false},"brand":[3429],"gender":[2172],"product_brand":[],"product_cat":[1358,1356,2753],"product_tag":[],"class_list":{"0":"post-213385","1":"product","2":"type-product","3":"status-publish","4":"has-post-thumbnail","6":"brand-skorpion","7":"gender-unisex-hr","8":"product_cat-kacige","9":"product_cat-motociklisticka-oprema","10":"product_cat-sklopivi","11":"pa_velikost-st-l-hr","12":"pa_velikost-st-m-hr","13":"pa_velikost-st-s-hr","14":"pa_velikost-st-xl-hr","15":"pa_velikost-st-xs-hr","16":"pa_velikost-st-xxl-hr","17":"pa_velikost-st-xxxl-hr","19":"first","20":"instock","21":"taxable","22":"shipping-taxable","23":"purchasable","24":"product-type-variable"},"acf":[],"_links":{"self":[{"href":"https:\/\/moto-oprema.com\/hr\/wp-json\/wp\/v2\/product\/213385","targetHints":{"allow":["GET"]}}],"collection":[{"href":"https:\/\/moto-oprema.com\/hr\/wp-json\/wp\/v2\/product"}],"about":[{"href":"https:\/\/moto-oprema.com\/hr\/wp-json\/wp\/v2\/types\/product"}],"replies":[{"embeddable":true,"href":"https:\/\/moto-oprema.com\/hr\/wp-json\/wp\/v2\/comments?post=213385"}],"wp:featuredmedia":[{"embeddable":true,"href":"https:\/\/moto-oprema.com\/hr\/wp-json\/wp\/v2\/media\/213425"}],"wp:attachment":[{"href":"https:\/\/moto-oprema.com\/hr\/wp-json\/wp\/v2\/media?parent=213385"}],"wp:term":[{"taxonomy":"brand","embeddable":true,"href":"https:\/\/moto-oprema.com\/hr\/wp-json\/wp\/v2\/brand?post=213385"},{"taxonomy":"gender","embeddable":true,"href":"https:\/\/moto-oprema.com\/hr\/wp-json\/wp\/v2\/gender?post=213385"},{"taxonomy":"product_brand","embeddable":true,"href":"https:\/\/moto-oprema.com\/hr\/wp-json\/wp\/v2\/product_brand?post=213385"},{"taxonomy":"product_cat","embeddable":true,"href":"https:\/\/moto-oprema.com\/hr\/wp-json\/wp\/v2\/product_cat?post=213385"},{"taxonomy":"product_tag","embeddable":true,"href":"https:\/\/moto-oprema.com\/hr\/wp-json\/wp\/v2\/product_tag?post=213385"}],"curies":[{"name":"wp","href":"https:\/\/api.w.org\/{rel}","templated":true}]}}