{"id":210923,"date":"2026-02-17T09:24:22","date_gmt":"2026-02-17T09:24:22","guid":{"rendered":"https:\/\/moto-oprema.com\/?post_type=product&#038;p=210923"},"modified":"2026-02-17T10:24:53","modified_gmt":"2026-02-17T10:24:53","slug":"alpinestars-mx-djecacke-hlace-fluid-portl-zelene-bijele-crne-kopija-kopija","status":"publish","type":"product","link":"https:\/\/moto-oprema.com\/hr\/Artikel\/alpinestars-mx-djecacke-hlace-fluid-portl-zelene-bijele-crne-kopija-kopija\/","title":{"rendered":"ALPINESTARS MX DJE\u010cA\u010cKE HLA\u010cE FLUID APEX CRNO-SIVE 26"},"content":{"rendered":"<p>Linija Youth Fluid nudi rekreativnim voza\u010dima MX opremu s optimalnom MX tehnologijom, iskori\u0161tavaju\u0107i klju\u010dne zna\u010dajke dizajna iz linija Supertech, Techstar i Racer za potpuni izgled i osje\u0107aj koji je optimiziran za udobnost vo\u017enje i funkcionalnost za mlade voza\u010de. Razvijena i testirana na nekim od najte\u017eih terena, sportska oprema Youth Fluid idealna je za razne terenske vo\u017enje i pru\u017ea najopu\u0161teniji kroj od svih linija opreme MX26. Linija Youth Fluid ima atletskiji kroj, uklju\u010duju\u0107i u\u017ee rukave, a raspon veli\u010dina pro\u0161iren je kako bi ponudio veli\u010dine za voza\u010de od 5 do 15 godina.  <\/p>\n<p>Klju\u010dne zna\u010dajke<\/p>\n<ul>\n<li>Pobolj\u0161ane performanse i udobnost: Trenirke Youth Fluid Apex nude optimalnu razinu performansi, udobnosti i slobode kretanja tijekom vo\u017enje, zahvaljuju\u0107i laganoj poliesterskoj konstrukciji, rastezljivim korduro umetcima i unaprijed oblikovanom dizajnu \u010darapa.<\/li>\n<li>Ergonomski uzorak za pobolj\u0161anu udobnost voza\u010da: Ergonomski kroj i 3D uzorak za vrhunsku udobnost i mobilnost voza\u010da.<\/li>\n<\/ul>\n<p>Konstrukcija<\/p>\n<ul>\n<li>Hla\u010de Youth Fluid Apex izra\u0111ene su od 600D poliestera, s oja\u010danim 600D poliesterom na stra\u017enjici i koljenima za jo\u0161 ve\u0107u izdr\u017eljivost.<\/li>\n<li>Ergonomski kroj i 3D uzorak za ve\u0107u udobnost voza\u010da, neusporedivu slobodu kretanja i vrhunsku mobilnost.<\/li>\n<li>Produ\u017eeni elasti\u010dni umetci od u\u017eeta na me\u0111uno\u017eju, koljenima, stra\u017enjem dijelu i unutarnjoj strani nogu omogu\u0107uju vrhunsku slobodu kretanja, optimalno pristajanje i pove\u0107anu udobnost za jaha\u010da.<\/li>\n<li>Visokokvalitetna unutarnja koljena oja\u010dana sinteti\u010dkom ko\u017eom pru\u017eaju mekani prianjanje na motociklu, izdr\u017eljivost i udobnost.<\/li>\n<li>Kop\u010da s ru\u010dkom za sigurno i prilago\u0111eno pristajanje.<\/li>\n<li>Mre\u017easta podstava za ve\u0107u udobnost voza\u010da.<\/li>\n<li>Zatvara\u010d za jednostavnu upotrebu.<\/li>\n<\/ul>\n","protected":false},"excerpt":{"rendered":"<p>Alpinestars MX dje\u010dje hla\u010de Fluid Apex<\/p>\n","protected":false},"featured_media":210982,"comment_status":"open","ping_status":"closed","template":"","meta":{"_acf_changed":false},"brand":[2748],"gender":[],"product_brand":[],"product_cat":[2895,2733,2892],"product_tag":[],"class_list":{"0":"post-210923","1":"product","2":"type-product","3":"status-publish","4":"has-post-thumbnail","6":"brand-alpinestars-hr","7":"product_cat-mx-hlace-hr-2","8":"product_cat-oprema-za-motokros","9":"product_cat-za-najmlade-hr","10":"pa_size-22-hr","11":"pa_size-24-hr","12":"pa_size-26-hr","13":"pa_size-28-hr","15":"first","16":"instock","17":"sale","18":"taxable","19":"shipping-taxable","20":"purchasable","21":"product-type-variable"},"acf":[],"_links":{"self":[{"href":"https:\/\/moto-oprema.com\/hr\/wp-json\/wp\/v2\/product\/210923","targetHints":{"allow":["GET"]}}],"collection":[{"href":"https:\/\/moto-oprema.com\/hr\/wp-json\/wp\/v2\/product"}],"about":[{"href":"https:\/\/moto-oprema.com\/hr\/wp-json\/wp\/v2\/types\/product"}],"replies":[{"embeddable":true,"href":"https:\/\/moto-oprema.com\/hr\/wp-json\/wp\/v2\/comments?post=210923"}],"wp:featuredmedia":[{"embeddable":true,"href":"https:\/\/moto-oprema.com\/hr\/wp-json\/wp\/v2\/media\/210982"}],"wp:attachment":[{"href":"https:\/\/moto-oprema.com\/hr\/wp-json\/wp\/v2\/media?parent=210923"}],"wp:term":[{"taxonomy":"brand","embeddable":true,"href":"https:\/\/moto-oprema.com\/hr\/wp-json\/wp\/v2\/brand?post=210923"},{"taxonomy":"gender","embeddable":true,"href":"https:\/\/moto-oprema.com\/hr\/wp-json\/wp\/v2\/gender?post=210923"},{"taxonomy":"product_brand","embeddable":true,"href":"https:\/\/moto-oprema.com\/hr\/wp-json\/wp\/v2\/product_brand?post=210923"},{"taxonomy":"product_cat","embeddable":true,"href":"https:\/\/moto-oprema.com\/hr\/wp-json\/wp\/v2\/product_cat?post=210923"},{"taxonomy":"product_tag","embeddable":true,"href":"https:\/\/moto-oprema.com\/hr\/wp-json\/wp\/v2\/product_tag?post=210923"}],"curies":[{"name":"wp","href":"https:\/\/api.w.org\/{rel}","templated":true}]}}