{"id":210539,"date":"2026-02-16T09:13:45","date_gmt":"2026-02-16T09:13:45","guid":{"rendered":"https:\/\/moto-oprema.com\/?post_type=product&#038;p=210539"},"modified":"2026-02-16T09:23:56","modified_gmt":"2026-02-16T09:23:56","slug":"alpinestars-mx-dres-fluid-apex-plavo-zuta-fluo-26-kopija-3","status":"publish","type":"product","link":"https:\/\/moto-oprema.com\/hr\/Artikel\/alpinestars-mx-dres-fluid-apex-plavo-zuta-fluo-26-kopija-3\/","title":{"rendered":"ALPINESTARS MX DJE\u010cJI DRES FLUID PORTL UCLA PLAVO BIJELI"},"content":{"rendered":"<p>Linija Youth Fluid nudi rekreativnim voza\u010dima MX opremu s optimalnom MX tehnologijom, iskori\u0161tavaju\u0107i zna\u010dajke Alpinestarsove premium linije motocross opreme za potpuni izgled i osje\u0107aj optimiziran za udobnost i funkcionalnost vo\u017enje koju zahtijevaju mladi voza\u010di. Razvijena i testirana na nekim od najte\u017eih terena, oprema Youth Fluid idealna je za \u0161irok raspon off-road vo\u017enje i pru\u017ea najopu\u0161tenije pristajanje od svih MX26 linija opreme. Raspon veli\u010dina Youth Fluid pro\u0161iren je kako bi ponudio veli\u010dine za voza\u010de od 5 do 15 godina.  <\/p>\n<p>Klju\u010dne zna\u010dajke<\/p>\n<ul>\n<li>Opu\u0161teni, atletski kroj s novim ergonomskim krojem i uzorkom za ve\u0107u slobodu kretanja i vrhunsku mobilnost.<\/li>\n<li>Dres Youth Fluid Portl dostupan je u raznim odva\u017enim i agresivnim kombinacijama boja, dizajniranim da se sla\u017eu s hla\u010dama Youth Fluid Portl za savr\u0161en izgled i osje\u0107aj tijekom performansi.<\/li>\n<\/ul>\n<p>Konstrukcija<\/p>\n<ul>\n<li>Napredna poliesterska konstrukcija je lagana, odvodi vlagu i prozra\u010dna, s mehani\u010dkim rastezanjem za pove\u0107anu izdr\u017eljivost, osiguravaju\u0107i visoku razinu performansi i pove\u0107anu udobnost voza\u010da.<\/li>\n<li>Atletski kroj s novim ergonomskim krojem i uzorkom za vrhunsku slobodu kretanja i mobilnost.<\/li>\n<li>Dresovi MX26 Youth Fluid imaju novu ergonomsku konstrukciju koja je posebno prilago\u0111ena svakoj grafici u liniji.<\/li>\n<li>Stra\u017enji dio je du\u017ei za ve\u0107u pokrivenost tijekom vo\u017enje.<\/li>\n<li>Sportska konstrukcija ovratnika za vrhunsku udobnost voza\u010da.<\/li>\n<\/ul>\n<p>&nbsp;<\/p>\n","protected":false},"excerpt":{"rendered":"<p>Alpinestars MX Youth dres Fluid Portl<\/p>\n","protected":false},"featured_media":210575,"comment_status":"open","ping_status":"closed","template":"","meta":{"_acf_changed":false},"brand":[2748],"gender":[],"product_brand":[],"product_cat":[3433,2733,2892],"product_tag":[],"class_list":{"0":"post-210539","1":"product","2":"type-product","3":"status-publish","4":"has-post-thumbnail","6":"brand-alpinestars-hr","7":"product_cat-mx-dresovi-hr","8":"product_cat-oprema-za-motokros","9":"product_cat-za-najmlade-hr","10":"pa_size-2xl-hr","11":"pa_size-l-hr","12":"pa_size-m-hr","13":"pa_size-s-hr","14":"pa_size-xl-hr","16":"first","17":"instock","18":"sale","19":"taxable","20":"shipping-taxable","21":"purchasable","22":"product-type-variable"},"acf":[],"_links":{"self":[{"href":"https:\/\/moto-oprema.com\/hr\/wp-json\/wp\/v2\/product\/210539","targetHints":{"allow":["GET"]}}],"collection":[{"href":"https:\/\/moto-oprema.com\/hr\/wp-json\/wp\/v2\/product"}],"about":[{"href":"https:\/\/moto-oprema.com\/hr\/wp-json\/wp\/v2\/types\/product"}],"replies":[{"embeddable":true,"href":"https:\/\/moto-oprema.com\/hr\/wp-json\/wp\/v2\/comments?post=210539"}],"wp:featuredmedia":[{"embeddable":true,"href":"https:\/\/moto-oprema.com\/hr\/wp-json\/wp\/v2\/media\/210575"}],"wp:attachment":[{"href":"https:\/\/moto-oprema.com\/hr\/wp-json\/wp\/v2\/media?parent=210539"}],"wp:term":[{"taxonomy":"brand","embeddable":true,"href":"https:\/\/moto-oprema.com\/hr\/wp-json\/wp\/v2\/brand?post=210539"},{"taxonomy":"gender","embeddable":true,"href":"https:\/\/moto-oprema.com\/hr\/wp-json\/wp\/v2\/gender?post=210539"},{"taxonomy":"product_brand","embeddable":true,"href":"https:\/\/moto-oprema.com\/hr\/wp-json\/wp\/v2\/product_brand?post=210539"},{"taxonomy":"product_cat","embeddable":true,"href":"https:\/\/moto-oprema.com\/hr\/wp-json\/wp\/v2\/product_cat?post=210539"},{"taxonomy":"product_tag","embeddable":true,"href":"https:\/\/moto-oprema.com\/hr\/wp-json\/wp\/v2\/product_tag?post=210539"}],"curies":[{"name":"wp","href":"https:\/\/api.w.org\/{rel}","templated":true}]}}