{"id":210295,"date":"2026-02-13T10:28:03","date_gmt":"2026-02-13T10:28:03","guid":{"rendered":"https:\/\/moto-oprema.com\/?post_type=product&#038;p=210295"},"modified":"2026-02-13T10:55:15","modified_gmt":"2026-02-13T10:55:15","slug":"alpinestars-mx-hlace-racer-riway-zute-crne-26-kopija","status":"publish","type":"product","link":"https:\/\/moto-oprema.com\/hr\/Artikel\/alpinestars-mx-hlace-racer-riway-zute-crne-26-kopija\/","title":{"rendered":"ALPINESTARS MX HLA\u010cE RACER RIWAY BIJELE CRNE 26"},"content":{"rendered":"<p>Razvijena i testirana na nekim od najte\u017eih terena diljem svijeta, Racer oprema idealna je za \u0161irok raspon terenske vo\u017enje zahvaljuju\u0107i svojoj ergonomskoj, prethodno zakrivljenoj konstrukciji i tehni\u010dkim materijalima koji odvode vlagu, laganim i izdr\u017eljivim. Dres i hla\u010de Racer Riway dizajnirani su kako bi pru\u017eili optimalnu razinu udobnosti i izdr\u017eljivosti potrebnu trka\u010dima i svakodnevnim voza\u010dima. Dostupni u raznim smjelim i agresivnim kombinacijama boja, dizajnirani su kako bi se slagali s Alpinestarsovom Racer opremom i linijom MX rukavica za savr\u0161en izgled i osje\u0107aj performansi.  <\/p>\n<p>Klju\u010dne zna\u010dajke<\/p>\n<ul>\n<li>Trka\u010dki kroj: Hla\u010de Racer Riway dizajnirane su sa sportskim krojem, opse\u017enim elasti\u010dnim umetcima i prethodno oblikovanim \u010darapama, \u0161to osigurava okretnost i udobnost, posebno tijekom vo\u017enje.<\/li>\n<li>Izdr\u017eljiva, napredna konstrukcija: Hla\u010de Racer Lahnd izra\u0111ene su od laganog, ali izdr\u017eljivog 600D poliestera i oja\u010dane su na podru\u010djima koja se najvi\u0161e tro\u0161e, poput sjedala i koljena, za dodatnu izdr\u017eljivost.<\/li>\n<li>Pobolj\u0161ana pokretljivost: Hla\u010de Racer Lahnd opremljene su elasti\u010dnim umetcima od ripstop tkanine na stra\u017enjoj strani, izme\u0111u nogu i iznad koljena \u2013 izra\u0111enim od materijala iz linije Supertech \u2013 te pru\u017eaju vrhunsku slobodu kretanja i udobnost voza\u010da.<\/li>\n<\/ul>\n<p>Konstrukcija<\/p>\n<ul>\n<li>Hla\u010de Racer Riway izuzetno su lagane, rastezljive i izdr\u017eljive, a pru\u017eaju i izvrsnu prozra\u010dnost zahvaljuju\u0107i visoko prozra\u010dnim i ventiliranim Stretch panelima koji se nalaze na cijeloj stra\u017enjoj strani potkoljenica i posebno su dizajnirani za maksimalnu ventilaciju, udobnost i rastezljivost.<\/li>\n<li>A\u017eurirani ergonomski dizajn uklju\u010duje sportski kroj za bolje pristajanje.<\/li>\n<li>Unutarnja koljena od kozje ko\u017ee pru\u017eaju vrhunski osje\u0107aj, bolje prianjanje i dodatnu otpornost na toplinu i abraziju.<\/li>\n<li>Sigurno i brzo samozatvaraju\u0107e magnetsko zatvaranje SX2 i podesiva kop\u010da na remenu, izvedeni iz linije Techstar, osiguravaju prilago\u0111eno pristajanje.<\/li>\n<li>Silikonski unutarnji pojas dr\u017ei hla\u010de sigurno na mjestu.<\/li>\n<li>Patentni zatvara\u010d za udobnost i jednostavnost kori\u0161tenja.<\/li>\n<\/ul>\n<p>&nbsp;<\/p>\n","protected":false},"excerpt":{"rendered":"<p>Alpinestars Racer Riway MX hla\u010de<\/p>\n","protected":false},"featured_media":210108,"comment_status":"open","ping_status":"closed","template":"","meta":{"_acf_changed":false},"brand":[2748],"gender":[2167],"product_brand":[],"product_cat":[2737,2733],"product_tag":[],"class_list":{"0":"post-210295","1":"product","2":"type-product","3":"status-publish","4":"has-post-thumbnail","6":"brand-alpinestars-hr","7":"gender-moski-en","8":"product_cat-mx-hlace-hr","9":"product_cat-oprema-za-motokros","10":"pa_size-28-hr","11":"pa_size-30-hr","12":"pa_size-32-hr","13":"pa_size-34-hr","14":"pa_size-36-hr","15":"pa_size-38-hr","16":"pa_size-40-hr","18":"first","19":"instock","20":"sale","21":"taxable","22":"shipping-taxable","23":"purchasable","24":"product-type-variable"},"acf":[],"_links":{"self":[{"href":"https:\/\/moto-oprema.com\/hr\/wp-json\/wp\/v2\/product\/210295","targetHints":{"allow":["GET"]}}],"collection":[{"href":"https:\/\/moto-oprema.com\/hr\/wp-json\/wp\/v2\/product"}],"about":[{"href":"https:\/\/moto-oprema.com\/hr\/wp-json\/wp\/v2\/types\/product"}],"replies":[{"embeddable":true,"href":"https:\/\/moto-oprema.com\/hr\/wp-json\/wp\/v2\/comments?post=210295"}],"wp:featuredmedia":[{"embeddable":true,"href":"https:\/\/moto-oprema.com\/hr\/wp-json\/wp\/v2\/media\/210108"}],"wp:attachment":[{"href":"https:\/\/moto-oprema.com\/hr\/wp-json\/wp\/v2\/media?parent=210295"}],"wp:term":[{"taxonomy":"brand","embeddable":true,"href":"https:\/\/moto-oprema.com\/hr\/wp-json\/wp\/v2\/brand?post=210295"},{"taxonomy":"gender","embeddable":true,"href":"https:\/\/moto-oprema.com\/hr\/wp-json\/wp\/v2\/gender?post=210295"},{"taxonomy":"product_brand","embeddable":true,"href":"https:\/\/moto-oprema.com\/hr\/wp-json\/wp\/v2\/product_brand?post=210295"},{"taxonomy":"product_cat","embeddable":true,"href":"https:\/\/moto-oprema.com\/hr\/wp-json\/wp\/v2\/product_cat?post=210295"},{"taxonomy":"product_tag","embeddable":true,"href":"https:\/\/moto-oprema.com\/hr\/wp-json\/wp\/v2\/product_tag?post=210295"}],"curies":[{"name":"wp","href":"https:\/\/api.w.org\/{rel}","templated":true}]}}