{"id":209293,"date":"2026-02-13T08:56:22","date_gmt":"2026-02-13T08:56:22","guid":{"rendered":"https:\/\/moto-oprema.com\/?post_type=product&#038;p=209293"},"modified":"2026-02-13T09:03:14","modified_gmt":"2026-02-13T09:03:14","slug":"alpinestars-racer-mx-dres-portl-ljubicasti-zuti-fluorescent-26-kopija-2","status":"publish","type":"product","link":"https:\/\/moto-oprema.com\/hr\/Artikel\/alpinestars-racer-mx-dres-portl-ljubicasti-zuti-fluorescent-26-kopija-2\/","title":{"rendered":"ALPINESTARS RACER MX DRES LAHND PIJESAK CAMO 26"},"content":{"rendered":"<p>Razvijena i testirana na nekim od najte\u017eih terena diljem svijeta, Racer oprema idealna je za \u0161irok raspon terenske vo\u017enje zahvaljuju\u0107i svojoj ergonomskoj, prethodno zakrivljenoj konstrukciji i tehni\u010dkim materijalima koji odvode vlagu, laganim i izdr\u017eljivim. Dres i hla\u010de Racer Lahnd dizajnirani su kako bi pru\u017eili optimalnu razinu udobnosti i izdr\u017eljivosti potrebnu trka\u010dima i svakodnevnim voza\u010dima. Dostupni u raznim smjelim i agresivnim kombinacijama boja, dizajnirani su kako bi se slagali s Racer Lahnd opremom i Alpinestars MX linijom rukavica za savr\u0161en izgled i osje\u0107aj performansi.  <\/p>\n<p>Klju\u010dne zna\u010dajke<\/p>\n<ul>\n<li>Izdr\u017eljiva, napredna konstrukcija: Dres Racer Lahnd ima izuzetno laganu i izdr\u017eljivu glavnu konstrukciju te naprednu, vi\u0161ematerijalnu konstrukciju od poliestera koja je lagana, odvodi vlagu i prozra\u010dna.<\/li>\n<li>Trka\u0107i kroj: Majica ima trka\u0107i kroj s ergonomskim, vi\u0161edijelnim dizajnom koji pobolj\u0161ava cjelokupno pristajanje i stil.<\/li>\n<li>Novi mre\u017easti paneli sa strane torza: vrhunska rastezljiva mre\u017ea za bolju rastezljivost i laganu prozra\u010dnost.<\/li>\n<\/ul>\n<p>Konstrukcija<\/p>\n<ul>\n<li>Dres Racer Lahnd ima opu\u0161teniju, prethodno zakrivljenu konstrukciju, ergonomski dizajniran atletski kroj i uzorak dizajniran za vrhunsku pokretljivost i pobolj\u0161ano kretanje tijela.<\/li>\n<li>Strate\u0161ki postavljeni prozra\u010dni umetci od rastezljive mre\u017easte tkanine na donjim rukavima za pobolj\u0161anu prozra\u010dnost, pristajanje i vrhunsku slobodu kretanja.<\/li>\n<li>Overlock \u0161avovi po cijeloj povr\u0161ini za dodatnu izdr\u017eljivost.<\/li>\n<li>Rastezljivi ovratnik ima otvoreniji i optimalno opu\u0161ten kroj za ve\u0107u udobnost.<\/li>\n<li>Du\u017ei rez na stra\u017enjem dijelu za ve\u0107u pokrivenost tijekom vo\u017enje.<\/li>\n<li>Krojene man\u017eete za optimalno pristajanje.<\/li>\n<\/ul>\n<p>&nbsp;<\/p>\n<p>&nbsp;<\/p>\n","protected":false},"excerpt":{"rendered":"<p>Alpinestars MX dres za trka\u010de<\/p>\n","protected":false},"featured_media":209333,"comment_status":"open","ping_status":"closed","template":"","meta":{"_acf_changed":false},"brand":[2748],"gender":[1313],"product_brand":[],"product_cat":[2746,2733],"product_tag":[],"class_list":{"0":"post-209293","1":"product","2":"type-product","3":"status-publish","4":"has-post-thumbnail","6":"brand-alpinestars-hr","7":"gender-moski","8":"product_cat-mx-dresovi","9":"product_cat-oprema-za-motokros","10":"pa_size-2xl-hr","11":"pa_size-l-hr","12":"pa_size-m-hr","13":"pa_size-s-hr","14":"pa_size-xl-hr","16":"first","17":"instock","18":"sale","19":"taxable","20":"shipping-taxable","21":"purchasable","22":"product-type-variable"},"acf":[],"_links":{"self":[{"href":"https:\/\/moto-oprema.com\/hr\/wp-json\/wp\/v2\/product\/209293","targetHints":{"allow":["GET"]}}],"collection":[{"href":"https:\/\/moto-oprema.com\/hr\/wp-json\/wp\/v2\/product"}],"about":[{"href":"https:\/\/moto-oprema.com\/hr\/wp-json\/wp\/v2\/types\/product"}],"replies":[{"embeddable":true,"href":"https:\/\/moto-oprema.com\/hr\/wp-json\/wp\/v2\/comments?post=209293"}],"wp:featuredmedia":[{"embeddable":true,"href":"https:\/\/moto-oprema.com\/hr\/wp-json\/wp\/v2\/media\/209333"}],"wp:attachment":[{"href":"https:\/\/moto-oprema.com\/hr\/wp-json\/wp\/v2\/media?parent=209293"}],"wp:term":[{"taxonomy":"brand","embeddable":true,"href":"https:\/\/moto-oprema.com\/hr\/wp-json\/wp\/v2\/brand?post=209293"},{"taxonomy":"gender","embeddable":true,"href":"https:\/\/moto-oprema.com\/hr\/wp-json\/wp\/v2\/gender?post=209293"},{"taxonomy":"product_brand","embeddable":true,"href":"https:\/\/moto-oprema.com\/hr\/wp-json\/wp\/v2\/product_brand?post=209293"},{"taxonomy":"product_cat","embeddable":true,"href":"https:\/\/moto-oprema.com\/hr\/wp-json\/wp\/v2\/product_cat?post=209293"},{"taxonomy":"product_tag","embeddable":true,"href":"https:\/\/moto-oprema.com\/hr\/wp-json\/wp\/v2\/product_tag?post=209293"}],"curies":[{"name":"wp","href":"https:\/\/api.w.org\/{rel}","templated":true}]}}