{"id":208455,"date":"2026-02-12T09:44:03","date_gmt":"2026-02-12T09:44:03","guid":{"rendered":"https:\/\/moto-oprema.com\/?post_type=product&#038;p=208455"},"modified":"2026-02-12T10:00:09","modified_gmt":"2026-02-12T10:00:09","slug":"dainese-fulcrum-3-gore-tex-cizme-crne-kopija","status":"publish","type":"product","link":"https:\/\/moto-oprema.com\/hr\/Artikel\/dainese-fulcrum-3-gore-tex-cizme-crne-kopija\/","title":{"rendered":"DAINESE \u010cIZME OVERYOND XT GORE-TEX CRNE"},"content":{"rendered":"<div class=\"tabs-panels\">\n<p>Certificirane motociklisti\u010dke \u010dizme s vodootpornom Gore-Tex\u00ae Performance Comfort membranom. Dizajnirane za ceste i lagani teren, prikladne za sva \u010detiri godi\u0161nja doba. Srednje visine s odvojivom modularnom za\u0161titom za potkoljenicu, gornji\u0161tem od Perwanger\u00ae ko\u017ee i brzim zatvaranjem s magnezijskim kop\u010dama. Maksimalna za\u0161tita, mobilnost i vodootpornost za svako putovanje.   <\/p>\n<p>OPIS<\/p>\n<p>Certificirane motociklisti\u010dke \u010dizme koje kombiniraju udobnost, za\u0161titu i svestranost u jednom dizajnu, dizajnirane za cestovnu i terensku upotrebu. Prikladne za upotrebu u sva \u010detiri godi\u0161nja doba, budu\u0107i da su vodootporne i prozra\u010dne, nude savr\u0161enu ravnote\u017eu izme\u0111u svestranosti, za\u0161tite, udobnosti i stila na cesti i terenskoj vo\u017enji. Inovativni uklonjivi produ\u017eetak \u0161titnika za potkoljenicu omogu\u0107uje vam pode\u0161avanje razine za\u0161tite prema terenu: udobnost pri vo\u017enji cestom, za ve\u0107u slobodu kretanja i produ\u017eenu za\u0161titu izvan ceste. Oja\u010danja na gle\u017enju, prstima i peti upotpunjuju modularni sustav za\u0161tite, dizajniran za svaku avanturu u sedlu. Zatvaranje s magnezijskim kop\u010dama i \u010di\u010dkom omogu\u0107uje brzo i precizno pristajanje, pogodno za razli\u010dite anatomije. Gornji dio od pre\u0161ane Perwanger\u00ae ko\u017ee pru\u017ea izdr\u017eljivost, otpornost na habanje te tehni\u010dki i esencijalan stil, upotpunjen umetcima od elasti\u010dnog materijala za optimalnu pokretljivost. Ergonomski, uvijek suhi unutarnji dio osigurava trajnu udobnost i pri vo\u017enji i pri hodanju, udoban u svim vremenskim uvjetima. Potplat Groundtrax\u00ae pru\u017ea prianjanje i stabilnost na svim povr\u0161inama, zahvaljuju\u0107i posebnom dizajnu gaznog sloja i smjesi dizajniranoj za stabilnost i prianjanje na pedalama i kontrolama, dok membrana Gore-Tex\u00ae Performance Comfort odr\u017eava stopala suhima i udobnima u svim vremenskim uvjetima, \u010dak i u najhladnijim godi\u0161njim dobima. ADV MID GORE-TEX je savr\u0161ena cipela koja ne poznaje granice za putovanja cestom i lak\u0161i teren.        <\/p>\n<p>ZNA\u010cAJKE<\/p>\n<ul>\n<li>Za\u0161tita u podru\u010dju ru\u010dice mjenja\u010da<\/li>\n<li>Groundtrax\u00ae gumeni potplat za planinarenje, lak\u0161i teren i hodanje, s dobrim prianjanjem<\/li>\n<\/ul>\n<p>ERGONOMIJA<\/p>\n<ul>\n<li>Pode\u0161avanje remena za gle\u017eanj<\/li>\n<li>TEMPERATURA<\/li>\n<li>Gore-Tex\u00ae Performance Comfort membrana za cipele<\/li>\n<\/ul>\n<p>ZA\u0160TITNI ULO\u017dCI<\/p>\n<ul>\n<li>Cipele certificirane prema CE standardu &#8211; Kat. II &#8211; EN 13634 <\/li>\n<li>\u010cvrsti umetak na potkoljenici<\/li>\n<li>\u010cvrsti umeci na gle\u017enjevima<\/li>\n<\/ul>\n<p>POSEBNE ZNA\u010cAJKE<\/p>\n<p>Dvije podesive magnezijske kop\u010de.<\/p>\n<p>&nbsp;<\/p>\n<\/div>\n","protected":false},"excerpt":{"rendered":"<p>Certificirane motociklisti\u010dke \u010dizme s vodootpornom Gore-Tex\u00ae Performance Comfort membranom. Dizajnirane za ceste i lagani teren, prikladne&#8230;<\/p>\n","protected":false},"featured_media":208479,"comment_status":"open","ping_status":"closed","template":"","meta":{"_acf_changed":false},"brand":[2800],"gender":[2167],"product_brand":[],"product_cat":[1356,2769,2813],"product_tag":[2969,3275,2862],"class_list":{"0":"post-208455","1":"product","2":"type-product","3":"status-publish","4":"has-post-thumbnail","6":"brand-dainese-hr","7":"gender-moski-en","8":"product_cat-motociklisticka-oprema","9":"product_cat-obuca","10":"product_cat-obuca-za-planinarenje","11":"product_tag-cizme","12":"product_tag-obilazak","13":"product_tag-odjeca","14":"pa_velikost-skornji-38-hr","15":"pa_velikost-skornji-39-hr","16":"pa_velikost-skornji-40-hr","17":"pa_velikost-skornji-41-hr","18":"pa_velikost-skornji-42-hr","19":"pa_velikost-skornji-43-hr","20":"pa_velikost-skornji-44-hr","21":"pa_velikost-skornji-45-hr","22":"pa_velikost-skornji-46-hr","23":"pa_velikost-skornji-47-hr","24":"pa_velikost-skornji-48-hr","26":"first","27":"onbackorder","28":"sale","29":"taxable","30":"shipping-taxable","31":"purchasable","32":"product-type-variable"},"acf":[],"_links":{"self":[{"href":"https:\/\/moto-oprema.com\/hr\/wp-json\/wp\/v2\/product\/208455","targetHints":{"allow":["GET"]}}],"collection":[{"href":"https:\/\/moto-oprema.com\/hr\/wp-json\/wp\/v2\/product"}],"about":[{"href":"https:\/\/moto-oprema.com\/hr\/wp-json\/wp\/v2\/types\/product"}],"replies":[{"embeddable":true,"href":"https:\/\/moto-oprema.com\/hr\/wp-json\/wp\/v2\/comments?post=208455"}],"wp:featuredmedia":[{"embeddable":true,"href":"https:\/\/moto-oprema.com\/hr\/wp-json\/wp\/v2\/media\/208479"}],"wp:attachment":[{"href":"https:\/\/moto-oprema.com\/hr\/wp-json\/wp\/v2\/media?parent=208455"}],"wp:term":[{"taxonomy":"brand","embeddable":true,"href":"https:\/\/moto-oprema.com\/hr\/wp-json\/wp\/v2\/brand?post=208455"},{"taxonomy":"gender","embeddable":true,"href":"https:\/\/moto-oprema.com\/hr\/wp-json\/wp\/v2\/gender?post=208455"},{"taxonomy":"product_brand","embeddable":true,"href":"https:\/\/moto-oprema.com\/hr\/wp-json\/wp\/v2\/product_brand?post=208455"},{"taxonomy":"product_cat","embeddable":true,"href":"https:\/\/moto-oprema.com\/hr\/wp-json\/wp\/v2\/product_cat?post=208455"},{"taxonomy":"product_tag","embeddable":true,"href":"https:\/\/moto-oprema.com\/hr\/wp-json\/wp\/v2\/product_tag?post=208455"}],"curies":[{"name":"wp","href":"https:\/\/api.w.org\/{rel}","templated":true}]}}