{"id":208214,"date":"2026-02-10T11:28:19","date_gmt":"2026-02-10T11:28:19","guid":{"rendered":"https:\/\/moto-oprema.com\/?post_type=product&#038;p=208214"},"modified":"2026-02-10T11:45:29","modified_gmt":"2026-02-10T11:45:29","slug":"dainese-drake-2-super-air-tex-muske-hlace-kopija-2","status":"publish","type":"product","link":"https:\/\/moto-oprema.com\/hr\/Artikel\/dainese-drake-2-super-air-tex-muske-hlace-kopija-2\/","title":{"rendered":"DAINESE DRAKE AIR D-DRY MU\u0160KE HLA\u010cE CRNE"},"content":{"rendered":"<p>Za one koji tra\u017ee sportske hla\u010de idealne za ljetnu vo\u017enju, ali koje se mogu koristiti i po ki\u0161i, Dainese nudi model Drake Air D-Dry\u00ae koji ima veliku mre\u017eastu podstavu za za\u0161titu od vremenskih uvjeta, kao i uklonjivu, prozra\u010dnu i vodootpornu podstavu. Konstrukcija je izra\u0111ena od D-Synth 350 tkanine s mikroelasti\u010dnim umetcima, a EN za\u0161tita je standardna (kompozit na koljenima, pro-form na bokovima). <\/p>\n<p>OP\u0106E ZNA\u010cAJKE<\/p>\n<ul>\n<li>2 d\u017eepa na prednjoj strani<\/li>\n<li>Reflektiraju\u0107i umetci<\/li>\n<\/ul>\n<p>ERGONOMIJA<\/p>\n<ul>\n<li>Sustav za pri\u010dvr\u0161\u0107ivanje jakne i hla\u010da<\/li>\n<li>Zakop\u010daj ma\u010deve<\/li>\n<li>Pode\u0161avanje remena<\/li>\n<li>Mikroelasti\u010dni elasti\u010dni umetci<\/li>\n<li>GLAVNI MATERIJALI<\/li>\n<li>Umetci od mre\u017easte tkanine<\/li>\n<li>D-Synth 350 tkanina<\/li>\n<\/ul>\n<p>ZA\u0160TITA<\/p>\n<ul>\n<li>Uklonjivi kompozitni \u0161titnici prema standardu EN 1621.1<\/li>\n<li>Pro-Form: mekani \u0161titnici EN 1621.1 na bokovima<\/li>\n<\/ul>\n<p>TEMPERATURA<\/p>\n<ul>\n<li>Uklonjiva podstava s prozra\u010dnom vodootpornom D-Dry\u00ae membranom<\/li>\n<li>Podstava izra\u0111ena od prozra\u010dnog i perforiranog Sanitized\u00ae materijala<\/li>\n<li>Perforirani materijal<\/li>\n<\/ul>\n","protected":false},"excerpt":{"rendered":"<p>Za one koji tra\u017ee sportske hla\u010de idealne za ljetnu vo\u017enju, ali koje se mogu koristiti i&#8230;<\/p>\n","protected":false},"featured_media":208246,"comment_status":"open","ping_status":"closed","template":"","meta":{"_acf_changed":false},"brand":[2800],"gender":[1313],"product_brand":[],"product_cat":[2832,1356,3402,2857],"product_tag":[],"class_list":{"0":"post-208214","1":"product","2":"type-product","3":"status-publish","4":"has-post-thumbnail","6":"brand-dainese-hr","7":"gender-moski","8":"product_cat-hlace-hr","9":"product_cat-motociklisticka-oprema","10":"product_cat-outlet-hr","11":"product_cat-tekstilne-hlace-hr","12":"pa_velikost-st-48-hr","13":"pa_velikost-st-50-hr","14":"pa_velikost-st-52-hr","15":"pa_velikost-st-54-hr","16":"pa_velikost-st-56-hr","17":"pa_velikost-st-58-hr","18":"pa_velikost-st-60-hr","19":"pa_velikost-st-62-hr","20":"pa_velikost-st-64-hr","22":"first","23":"instock","24":"sale","25":"taxable","26":"shipping-taxable","27":"purchasable","28":"product-type-variable"},"acf":[],"_links":{"self":[{"href":"https:\/\/moto-oprema.com\/hr\/wp-json\/wp\/v2\/product\/208214","targetHints":{"allow":["GET"]}}],"collection":[{"href":"https:\/\/moto-oprema.com\/hr\/wp-json\/wp\/v2\/product"}],"about":[{"href":"https:\/\/moto-oprema.com\/hr\/wp-json\/wp\/v2\/types\/product"}],"replies":[{"embeddable":true,"href":"https:\/\/moto-oprema.com\/hr\/wp-json\/wp\/v2\/comments?post=208214"}],"wp:featuredmedia":[{"embeddable":true,"href":"https:\/\/moto-oprema.com\/hr\/wp-json\/wp\/v2\/media\/208246"}],"wp:attachment":[{"href":"https:\/\/moto-oprema.com\/hr\/wp-json\/wp\/v2\/media?parent=208214"}],"wp:term":[{"taxonomy":"brand","embeddable":true,"href":"https:\/\/moto-oprema.com\/hr\/wp-json\/wp\/v2\/brand?post=208214"},{"taxonomy":"gender","embeddable":true,"href":"https:\/\/moto-oprema.com\/hr\/wp-json\/wp\/v2\/gender?post=208214"},{"taxonomy":"product_brand","embeddable":true,"href":"https:\/\/moto-oprema.com\/hr\/wp-json\/wp\/v2\/product_brand?post=208214"},{"taxonomy":"product_cat","embeddable":true,"href":"https:\/\/moto-oprema.com\/hr\/wp-json\/wp\/v2\/product_cat?post=208214"},{"taxonomy":"product_tag","embeddable":true,"href":"https:\/\/moto-oprema.com\/hr\/wp-json\/wp\/v2\/product_tag?post=208214"}],"curies":[{"name":"wp","href":"https:\/\/api.w.org\/{rel}","templated":true}]}}