{"id":208107,"date":"2026-02-10T11:11:51","date_gmt":"2026-02-10T11:11:51","guid":{"rendered":"https:\/\/moto-oprema.com\/?post_type=product&#038;p=208107"},"modified":"2026-02-10T11:22:57","modified_gmt":"2026-02-10T11:22:57","slug":"dainese-drake-2-super-air-tex-muske-hlace-kopija","status":"publish","type":"product","link":"https:\/\/moto-oprema.com\/hr\/Artikel\/dainese-drake-2-super-air-tex-muske-hlace-kopija\/","title":{"rendered":"DAINESE NOVE DRAKE AIR TEX MU\u0160KE HLA\u010cE"},"content":{"rendered":"<p>Dainese New Drake Air Tex tekstilne motociklisti\u010dke hla\u010de<\/p>\n<p>Dizajnirane za ljeto, hla\u010de New Drake Air Tex izra\u0111ene su od elasti\u010dnog Cordura\u00ae Comfort materijala i namijenjene su najzahtjevnijim putnicima, jer su svestrane i ergonomski dizajnirane. Imaju patentni zatvara\u010d za pri\u010dvr\u0161\u0107ivanje na jaknu, bo\u010dna pode\u0161avanja i patentne zatvara\u010de na me\u0111uno\u017eju, koji omogu\u0107uju izvrsnu slobodu kretanja i individualno pristajanje. S otvorima za ventilaciju na bedrima koji se mogu zatvoriti, a koji pru\u017eaju dobru ventilaciju \u010dak i po vru\u0107em vremenu, udobnost vo\u017enje je zajam\u010dena. Kompozitni \u0161titnici za koljena i reflektiraju\u0107i umeci upotpunjuju tehni\u010dku opremu ovog vrlo popularnog odjevnog predmeta.   <\/p>\n<p>Konstrukcija:<\/p>\n<ul>\n<li>Patentni zatvara\u010d za spajanje jakne i hla\u010da<\/li>\n<li>Pode\u0161avanje opsega struka<\/li>\n<li>Zatvara\u010d na kraju hla\u010da<\/li>\n<li>Uklonjivo Sanitized\u00ae<\/li>\n<li>Otvori za ventilaciju na bedrima s patentnim zatvara\u010dem<\/li>\n<li>4 vanjska prednja d\u017eepa<\/li>\n<li>1 vanjski d\u017eep na stra\u017enjoj strani<\/li>\n<\/ul>\n<p>Tehni\u010dki podaci:<\/p>\n<ul>\n<li>Za\u0161titna odje\u0107a za motocikliste, klasa A (EN 17092-4:2020)<\/li>\n<li>Cordura\u00ae Comfort tkanina<\/li>\n<li>Uklonjivi kompozitni \u0161titnici EN 1621.1\/97<\/li>\n<li>Mekani umetci na bokovima<\/li>\n<\/ul>\n<p>&nbsp;<\/p>\n<div id=\"tab-product-description\" class=\"ui-tabs-panel ui-widget-content ui-corner-bottom\">\n<div class=\"description\"><\/div>\n<\/div>\n","protected":false},"excerpt":{"rendered":"<p>Dainese New Drake Air Tex tekstilne motociklisti\u010dke hla\u010de Dizajnirane za ljeto, hla\u010de New Drake Air Tex&#8230;<\/p>\n","protected":false},"featured_media":208135,"comment_status":"open","ping_status":"closed","template":"","meta":{"_acf_changed":false},"brand":[2800],"gender":[1313],"product_brand":[],"product_cat":[2832,1356,3402,2857],"product_tag":[],"class_list":{"0":"post-208107","1":"product","2":"type-product","3":"status-publish","4":"has-post-thumbnail","6":"brand-dainese-hr","7":"gender-moski","8":"product_cat-hlace-hr","9":"product_cat-motociklisticka-oprema","10":"product_cat-outlet-hr","11":"product_cat-tekstilne-hlace-hr","12":"pa_velikost-st-48-hr","13":"pa_velikost-st-50-hr","14":"pa_velikost-st-52-hr","15":"pa_velikost-st-54-hr","16":"pa_velikost-st-56-hr","17":"pa_velikost-st-58-hr","18":"pa_velikost-st-60-hr","19":"pa_velikost-st-62-hr","20":"pa_velikost-st-64-hr","22":"first","23":"instock","24":"sale","25":"taxable","26":"shipping-taxable","27":"purchasable","28":"product-type-variable"},"acf":[],"_links":{"self":[{"href":"https:\/\/moto-oprema.com\/hr\/wp-json\/wp\/v2\/product\/208107","targetHints":{"allow":["GET"]}}],"collection":[{"href":"https:\/\/moto-oprema.com\/hr\/wp-json\/wp\/v2\/product"}],"about":[{"href":"https:\/\/moto-oprema.com\/hr\/wp-json\/wp\/v2\/types\/product"}],"replies":[{"embeddable":true,"href":"https:\/\/moto-oprema.com\/hr\/wp-json\/wp\/v2\/comments?post=208107"}],"wp:featuredmedia":[{"embeddable":true,"href":"https:\/\/moto-oprema.com\/hr\/wp-json\/wp\/v2\/media\/208135"}],"wp:attachment":[{"href":"https:\/\/moto-oprema.com\/hr\/wp-json\/wp\/v2\/media?parent=208107"}],"wp:term":[{"taxonomy":"brand","embeddable":true,"href":"https:\/\/moto-oprema.com\/hr\/wp-json\/wp\/v2\/brand?post=208107"},{"taxonomy":"gender","embeddable":true,"href":"https:\/\/moto-oprema.com\/hr\/wp-json\/wp\/v2\/gender?post=208107"},{"taxonomy":"product_brand","embeddable":true,"href":"https:\/\/moto-oprema.com\/hr\/wp-json\/wp\/v2\/product_brand?post=208107"},{"taxonomy":"product_cat","embeddable":true,"href":"https:\/\/moto-oprema.com\/hr\/wp-json\/wp\/v2\/product_cat?post=208107"},{"taxonomy":"product_tag","embeddable":true,"href":"https:\/\/moto-oprema.com\/hr\/wp-json\/wp\/v2\/product_tag?post=208107"}],"curies":[{"name":"wp","href":"https:\/\/api.w.org\/{rel}","templated":true}]}}