{"id":207394,"date":"2026-02-06T09:12:24","date_gmt":"2026-02-06T09:12:24","guid":{"rendered":"https:\/\/moto-oprema.com\/?post_type=product&#038;p=207394"},"modified":"2026-02-06T09:22:42","modified_gmt":"2026-02-06T09:22:42","slug":"alpinestars-mx-hlace-stella-techstar-melt-blush-crne-kopija","status":"publish","type":"product","link":"https:\/\/moto-oprema.com\/hr\/Artikel\/alpinestars-mx-hlace-stella-techstar-melt-blush-crne-kopija\/","title":{"rendered":"ALPINESTARS MX HLA\u010cE STELLA TECHSTAR NOMUR CRNO-BIJELE FUKSIJA 26"},"content":{"rendered":"<p>Linija Techstar nudi optimalnu kombinaciju performansi i izdr\u017eljivosti. Dizajnirane za natjecanja na visokoj razini na svim terenima, hla\u010de imaju vi\u0161ematerijalnu konstrukciju koja pru\u017ea najvi\u0161u razinu ventilacije i rastezljivosti za izvrsnu slobodu kretanja. Lagane Stella Techstar Nomur hla\u010de sportskog trka\u0107eg kroja uklju\u010duju inovativne zna\u010dajke poput magnetske kop\u010de SX2 i napredne 3D Babel konstrukcije koljena, koje zna\u010dajno pove\u0107avaju ventilaciju, fleksibilnost i slobodu kretanja.  <\/p>\n<p>Klju\u010dne zna\u010dajke:<\/p>\n<ul>\n<li>Hla\u010de Stella Techstar Nomur s ergonomskim krojem za \u017eene posebno su prilago\u0111ene \u017eenskom tijelu za optimalnu udobnost vo\u017enje.<\/li>\n<li>Izdr\u017eljiva rastezljiva konstrukcija: Hla\u010de Stella Techstar Nomur imaju oja\u010danu konstrukciju izra\u0111enu od izdr\u017eljivog 600 D poliestera i rastezljivog ripstop materijala.<\/li>\n<li>Ergonomski kroj dizajniran za performanse: Ergonomski dizajniran trka\u0107i kroj s optimiziranim vi\u0161epanelnim uzorkom osje\u0107a se kao druga ko\u017ea i pru\u017ea vrhunsku slobodu kretanja i izvrsnu mobilnost.<\/li>\n<\/ul>\n<p>Konstrukcija<\/p>\n<ul>\n<li>Hla\u010de Stella Techstar Nomur izra\u0111ene su od izdr\u017eljivog 600D poliestera s premazom i napredne mje\u0161avine rastezljivog ripstop materijala iz linije Supertech, \u0161to pru\u017ea pobolj\u0161anu rastezljivost i izdr\u017eljivost, s izdr\u017eljivim materijalom koji se raste\u017ee u 4 smjera na sjedalu, bedrima i gornjem dijelu koljena.<\/li>\n<li>Jednoslojna konstrukcija, dizajnirana za performanse, i bez podstave pru\u017eaju pobolj\u0161anu nosivost, vrhunsku udobnost i manju te\u017einu, \u0161to olak\u0161ava stavljanje i skidanje, \u010dak i kada nosite ortoze za koljena ili \u0161titnike za koljena.<\/li>\n<li>Na sjedalu i koljenima kori\u0161teni su oja\u010dani materijali za ve\u0107u izdr\u017eljivost.<\/li>\n<li>Inovativna, redizajnirana konstrukcija Babel umetka za koljena za optimalnu fleksibilnost, dodatnu ventilaciju i maksimalnu udobnost voza\u010da.<\/li>\n<li>Sigurna i brza samozatvaraju\u0107a magnetska kop\u010da SX2 za optimalno zatvaranje remena.<\/li>\n<li>Strate\u0161ki postavljene laserske perforacije za dodatni protok zraka i optimalnu ventilaciju.<\/li>\n<li>Unutarnja koljena od kozje ko\u017ee za vrhunski osje\u0107aj i izdr\u017eljivost.<\/li>\n<li>Elasti\u010dni pojas sa silikonskim unutarnjim pojasom dr\u017ei hla\u010de sigurno na mjestu.<\/li>\n<li>Prekriveni patentni zatvara\u010d za izdr\u017eljivost.<\/li>\n<li>Potpuna kompatibilnost s Alpinestars MX dresovima.<\/li>\n<\/ul>\n<p>&nbsp;<\/p>\n","protected":false},"excerpt":{"rendered":"<p>\u017denske Stella Alpinestars Techstar Nomur MX hla\u010de<\/p>\n","protected":false},"featured_media":207432,"comment_status":"open","ping_status":"closed","template":"","meta":{"_acf_changed":false},"brand":[2748],"gender":[2169],"product_brand":[],"product_cat":[2737,2733],"product_tag":[],"class_list":{"0":"post-207394","1":"product","2":"type-product","3":"status-publish","4":"has-post-thumbnail","6":"brand-alpinestars-hr","7":"gender-zenska-en","8":"product_cat-mx-hlace-hr","9":"product_cat-oprema-za-motokros","10":"pa_size-26-hr","11":"pa_size-28-hr","12":"pa_size-30-hr","13":"pa_size-32-hr","14":"pa_size-34-hr","16":"first","17":"instock","18":"sale","19":"taxable","20":"shipping-taxable","21":"purchasable","22":"product-type-variable"},"acf":[],"_links":{"self":[{"href":"https:\/\/moto-oprema.com\/hr\/wp-json\/wp\/v2\/product\/207394","targetHints":{"allow":["GET"]}}],"collection":[{"href":"https:\/\/moto-oprema.com\/hr\/wp-json\/wp\/v2\/product"}],"about":[{"href":"https:\/\/moto-oprema.com\/hr\/wp-json\/wp\/v2\/types\/product"}],"replies":[{"embeddable":true,"href":"https:\/\/moto-oprema.com\/hr\/wp-json\/wp\/v2\/comments?post=207394"}],"wp:featuredmedia":[{"embeddable":true,"href":"https:\/\/moto-oprema.com\/hr\/wp-json\/wp\/v2\/media\/207432"}],"wp:attachment":[{"href":"https:\/\/moto-oprema.com\/hr\/wp-json\/wp\/v2\/media?parent=207394"}],"wp:term":[{"taxonomy":"brand","embeddable":true,"href":"https:\/\/moto-oprema.com\/hr\/wp-json\/wp\/v2\/brand?post=207394"},{"taxonomy":"gender","embeddable":true,"href":"https:\/\/moto-oprema.com\/hr\/wp-json\/wp\/v2\/gender?post=207394"},{"taxonomy":"product_brand","embeddable":true,"href":"https:\/\/moto-oprema.com\/hr\/wp-json\/wp\/v2\/product_brand?post=207394"},{"taxonomy":"product_cat","embeddable":true,"href":"https:\/\/moto-oprema.com\/hr\/wp-json\/wp\/v2\/product_cat?post=207394"},{"taxonomy":"product_tag","embeddable":true,"href":"https:\/\/moto-oprema.com\/hr\/wp-json\/wp\/v2\/product_tag?post=207394"}],"curies":[{"name":"wp","href":"https:\/\/api.w.org\/{rel}","templated":true}]}}