{"id":207012,"date":"2026-02-05T11:14:40","date_gmt":"2026-02-05T11:14:40","guid":{"rendered":"https:\/\/moto-oprema.com\/?post_type=product&#038;p=207012"},"modified":"2026-02-05T11:29:32","modified_gmt":"2026-02-05T11:29:32","slug":"alpinestars-tech-7-enduro-cizme-crne-sive-svijetlo-crvene-kopija-2","status":"publish","type":"product","link":"https:\/\/moto-oprema.com\/hr\/Artikel\/alpinestars-tech-7-enduro-cizme-crne-sive-svijetlo-crvene-kopija-2\/","title":{"rendered":"ALPINESTARS \u010cIZME YAMAHA TECH 7 CRNO-PLAVE"},"content":{"rendered":"<div id=\"tab-product-description\" class=\"ui-tabs-panel ui-widget-content ui-corner-bottom\">\n<div class=\"description\">\n<div id=\"tw-target-text-container\" class=\"tw-ta-container tw-nfl\">\n<p>Alpinestars Yamaha Tech 7 motokros \u010dizme<\/p>\n<p>Prepune inovativnih materijala, tehnologija i dizajnerskih zna\u010dajki, Tech 7 su potpuno redizajnirane kako bi pru\u017eile iznimne terenske performanse. Razvijene da budu lak\u0161e, udobnije i sigurnije nego ikad prije, Tech 7 \u010dizme nude izniman osje\u0107aj na biciklu. <\/p>\n<p>Zna\u010dajke:<\/p>\n<ul>\n<li>Donja \u0161koljka od TPU-a ima inovativan dizajn u podru\u010dju mjenja\u010da kako bi se smanjilo prevrtanje prednjeg kraja i olak\u0161alo upravljanje mjenja\u010dem, sa specifi\u010dnim dizajnom za lijevo i desno stopalo. Ovo podru\u010dje je dodatno oja\u010dano metalnim potplatom i oja\u010dano u podru\u010dju prstiju za otpornost na udarce i habanje. <\/li>\n<li>Opremljen medijalnim i lateralnim sustavom dvostrukog okretanja za pobolj\u0161anu fleksibilnost i preciznu kontrolu.<\/li>\n<li>Poseban dizajn na medijalnoj bo\u010dnoj stijenci za pobolj\u0161anje osje\u0107aja, potpore i prianjanja na biciklu, a istovremeno pove\u0107ava za\u0161titu i izdr\u017eljivost cipele.<\/li>\n<li>Novodizajnirana TPU za\u0161titna plo\u010da za o\u0161trice pru\u017ea u\u010dinkovitu otpornost na udarce.<\/li>\n<li>Glavna fleksibilnost \u010dizme podr\u017eana je u medijalnom i lateralnom gle\u017enju s niskoprofilnim sustavom pivot pointova koji pru\u017ea iznimnu slobodu kretanja i udobnost voza\u010da.<\/li>\n<li>Prednja fleksibilna zona ima nove inovativne umetke za apsorpciju udaraca u prednjoj izbo\u010denoj zoni za progresivnu potporu.<\/li>\n<li>Podloge za apsorpciju udara tako\u0111er su strate\u0161ki postavljene na gle\u017enjevima i potkoljenicama kako bi bolje apsorbirale udarce.<\/li>\n<li>Novi dizajn nosa\u010da remena omogu\u0107uje maksimalnu rotaciju i funkcionalnost uz smanjenje prekomjerne rotacije.<\/li>\n<li>Potplat je opremljen inovativnim indikatorom granice istro\u0161enosti, koji je ugra\u0111en u podru\u010dje klinova na stopalu. Ovaj sloj je crvene boje i signalizira voza\u010du da je potplat istro\u0161en i da ga je potrebno zamijeniti. <\/li>\n<li>Struktura \u010dizme ispod indikatora istro\u0161enosti okru\u017eena je slojem Kevlara\u00ae, koji odr\u017eava strukturu i integritet \u010dizme, a istovremeno je \u0161titi.<\/li>\n<li>Sustav zatvaranja uklju\u010duje polimerne kop\u010de i aluminijski okvir sa samopode\u0161avaju\u0107im kop\u010dama za brzo otpu\u0161tanje za individualno i sigurno pristajanje.<\/li>\n<li>Dr\u017ea\u010d kop\u010de dizajniran je za samopode\u0161avanje kako bi se osiguralo sigurno prianjanje i sprije\u010dilo uvijanje pojasa.<\/li>\n<li>Mekani nabori od mikrovlakana posebno su razvijeni za stra\u017enji dio \u010dizme i u\u010dinkovito sprje\u010davaju ulazak vode i prljav\u0161tine.<\/li>\n<li>Produ\u017eeni sredi\u0161nji ulo\u017eak izra\u0111en je od TPU-a, a njegov novi dizajn uklju\u010duje pove\u0107ani gumeni ulo\u017eak za maksimalno prianjanje na biciklu i pobolj\u0161anu otpornost na toplinu i abraziju.<\/li>\n<li>Vu\u010dna petlja je dizajnirana kako bi ponudila ve\u0107u fleksibilnost.<\/li>\n<li>A\u017eurirana i kompaktna konstrukcija \u0161titnika za potkoljenicu od TPU-a nudi \u0161iri raspon pristajanja i opremljena je oja\u010danim \u010di\u010dak trakom za udobno i vrlo individualizirano pristajanje.<\/li>\n<\/ul>\n<p>Tehni\u010dki podaci:<\/p>\n<ul>\n<li>Za\u0161titne \u010dizme za motocikliste EN 13634:2017.<\/li>\n<li>Gornji materijal nudi sveobuhvatnu TPU za\u0161titu na prstima, stopalu, peti, gle\u017enju, metatarzalnoj kosti i potkoljenici, s ekstra jakim zglobovima na prstima i peti za dodatnu otpornost na udarce i habanje.<\/li>\n<li>Gornji dio od ko\u017ee s laganom konstrukcijom od mikrovlakana za izvrsnu otpornost na udarce i habanje.<\/li>\n<li>Dodatni TPU most na stra\u017enjoj strani za za\u0161titu Ahilove tetive.<\/li>\n<li>Opremljene podstavom od polifibera s 3D pjenom otvorenih \u0107elija i protukliznim ko\u017enim oja\u010danjem na peti za ve\u0107u otpornost na habanje.<\/li>\n<li>Jednodijelni potplat izra\u0111en je od izuzetno izdr\u017eljive dvokomponentne vulkanizirane gume za dug vijek trajanja i za\u0161titu. Potplat je zamjenjiv. <\/li>\n<\/ul>\n<\/div>\n<\/div>\n<\/div>\n","protected":false},"excerpt":{"rendered":"<p>Boja: Crno-Sivo-Zlatna<\/p>\n","protected":false},"featured_media":207058,"comment_status":"open","ping_status":"closed","template":"","meta":{"_acf_changed":false},"brand":[2748],"gender":[2167],"product_brand":[],"product_cat":[2900,2733],"product_tag":[],"class_list":{"0":"post-207012","1":"product","2":"type-product","3":"status-publish","4":"has-post-thumbnail","6":"brand-alpinestars-hr","7":"gender-moski-en","8":"product_cat-motokros-cizme","9":"product_cat-oprema-za-motokros","10":"pa_size-10445-hr","11":"pa_size-11455-hr","12":"pa_size-1247-hr","13":"pa_size-1348-hr","14":"pa_size-14495-hr","15":"pa_size-1551-hr","16":"pa_size-1652-hr","17":"pa_size-538-hr","18":"pa_size-639-hr","19":"pa_size-7405-hr","20":"pa_size-842-hr","21":"pa_size-943-hr","23":"first","24":"instock","25":"sale","26":"taxable","27":"shipping-taxable","28":"purchasable","29":"product-type-variable"},"acf":[],"_links":{"self":[{"href":"https:\/\/moto-oprema.com\/hr\/wp-json\/wp\/v2\/product\/207012","targetHints":{"allow":["GET"]}}],"collection":[{"href":"https:\/\/moto-oprema.com\/hr\/wp-json\/wp\/v2\/product"}],"about":[{"href":"https:\/\/moto-oprema.com\/hr\/wp-json\/wp\/v2\/types\/product"}],"replies":[{"embeddable":true,"href":"https:\/\/moto-oprema.com\/hr\/wp-json\/wp\/v2\/comments?post=207012"}],"wp:featuredmedia":[{"embeddable":true,"href":"https:\/\/moto-oprema.com\/hr\/wp-json\/wp\/v2\/media\/207058"}],"wp:attachment":[{"href":"https:\/\/moto-oprema.com\/hr\/wp-json\/wp\/v2\/media?parent=207012"}],"wp:term":[{"taxonomy":"brand","embeddable":true,"href":"https:\/\/moto-oprema.com\/hr\/wp-json\/wp\/v2\/brand?post=207012"},{"taxonomy":"gender","embeddable":true,"href":"https:\/\/moto-oprema.com\/hr\/wp-json\/wp\/v2\/gender?post=207012"},{"taxonomy":"product_brand","embeddable":true,"href":"https:\/\/moto-oprema.com\/hr\/wp-json\/wp\/v2\/product_brand?post=207012"},{"taxonomy":"product_cat","embeddable":true,"href":"https:\/\/moto-oprema.com\/hr\/wp-json\/wp\/v2\/product_cat?post=207012"},{"taxonomy":"product_tag","embeddable":true,"href":"https:\/\/moto-oprema.com\/hr\/wp-json\/wp\/v2\/product_tag?post=207012"}],"curies":[{"name":"wp","href":"https:\/\/api.w.org\/{rel}","templated":true}]}}