{"id":205757,"date":"2026-02-04T11:25:34","date_gmt":"2026-02-04T11:25:34","guid":{"rendered":"https:\/\/moto-oprema.com\/?post_type=product&#038;p=205757"},"modified":"2026-02-04T11:29:52","modified_gmt":"2026-02-04T11:29:52","slug":"alpinestars-mx-dres-supertech-vista-tamno-plava-koralno-kobaltna-26-kopija-kopija","status":"publish","type":"product","link":"https:\/\/moto-oprema.com\/hr\/Artikel\/alpinestars-mx-dres-supertech-vista-tamno-plava-koralno-kobaltna-26-kopija-kopija\/","title":{"rendered":"ALPINESTARS MX DRES SUPERTECH VISTA SVIJETLO SIVA \u017dUTA FLUORESCENTNO PLAVA 26"},"content":{"rendered":"<p>Supertech je Alpinestarsova inovativna linija Pro Level motocross opreme dizajnirane za vrhunske off-road performanse. Supertech oprema nudi potpuno tvorni\u010dki dizajn koji uklju\u010duje razne SX i MXGP tehnologije provjerene na utrkama koje pru\u017eaju vrhunsku razinu fleksibilnosti, slobode kretanja, ventilacije, izdr\u017eljivosti i udobnosti voza\u010da. <\/p>\n<p>Klju\u010dne zna\u010dajke<\/p>\n<ul>\n<li>Dizajn dresa profesionalne razine: Dres Supertech Vista izuzetno je lagan, ima vrhunski atletski kroj i pristajanje, a ergonomski krojevi omogu\u0107uju bolju pokretljivost tijela na stazi.<\/li>\n<li>Sportski profesionalni trka\u0107i kroj: Vrhunski sportski kroj dizajniran za agresivnu vo\u017enju i profesionalnu razinu mobilnosti, fleksibilnosti i udobnosti.<\/li>\n<li>Novi dizajn i svje\u017e stil: Ko\u0161ulja ima zaobljeniji, produ\u017eeni ovratnik za prepoznatljiv izgled, zajedno s dvodijelnom man\u017eetom s kontrastnom trakom u boji za jedinstveno blokiranje boja.<\/li>\n<\/ul>\n<p>Konstrukcija<\/p>\n<ul>\n<li>Dizajniran za sportski trka\u0107i kroj, \u0161koljka izra\u0111ena u potpunosti od napredne rastezljive mre\u017ee i ultralagana konstrukcija \u010dine Supertech dres najlak\u0161im MX dresom Alpinestarsa \u200b\u200bdo sada.<\/li>\n<li>Opse\u017ene, strate\u0161ki postavljene laserski izrezane perforacije du\u017e gornjih i donjih rukava, bo\u010dnih strana i pazuha pru\u017eaju dodatnu prozra\u010dnost i ventilaciju.<\/li>\n<li>Inovativna Stretchnet konstrukcija uklju\u010duje potpuno elasti\u010dan materijal preko cijelog prsnog ko\u0161a i le\u0111a, pru\u017eaju\u0107i opse\u017eno rastezanje za slobodu kretanja i izvrsno zadr\u017eavanje rastezljivosti, a istovremeno nudi vrhunske performanse i ventilaciju za iznimnu udobnost voza\u010da.<\/li>\n<li>Inovativna be\u0161avna konstrukcija eliminira \u0161avove na bokovima, laktovima i pazusima kako bi se pove\u0107ala udobnost voza\u010da.<\/li>\n<li>Be\u0161avni lijepljeni ovratnik i man\u017eete za pove\u0107anu udobnost voza\u010da.<\/li>\n<li>Produ\u017eeni stra\u017enji dio za ve\u0107u pokrivenost tijekom vo\u017enje i kompatibilnost s Alpinestars MX hla\u010dama.<\/li>\n<li>Ravna rastezljiva konstrukcija na rukama i ramenima za ve\u0107u slobodu kretanja i udobnost voza\u010da.<\/li>\n<li>Nova obrada ruba man\u017eete.<\/li>\n<\/ul>\n<p>Sastav sirovine: 91% poliester, 9% elastan<\/p>\n","protected":false},"excerpt":{"rendered":"<p>Supertech je Alpinestarsova inovativna linija Pro Level motocross opreme dizajnirane za vrhunske off-road performanse. Supertech oprema&#8230;<\/p>\n","protected":false},"featured_media":205570,"comment_status":"open","ping_status":"closed","template":"","meta":{"_acf_changed":false},"brand":[2748],"gender":[2168],"product_brand":[],"product_cat":[2746,2733],"product_tag":[],"class_list":{"0":"post-205757","1":"product","2":"type-product","3":"status-publish","4":"has-post-thumbnail","6":"brand-alpinestars-hr","7":"gender-moski-de","8":"product_cat-mx-dresovi","9":"product_cat-oprema-za-motokros","10":"pa_size-l-hr","11":"pa_size-m-hr","12":"pa_size-s-hr","13":"pa_size-xl-hr","14":"pa_size-xxl-hr","16":"first","17":"instock","18":"sale","19":"taxable","20":"shipping-taxable","21":"purchasable","22":"product-type-variable"},"acf":[],"_links":{"self":[{"href":"https:\/\/moto-oprema.com\/hr\/wp-json\/wp\/v2\/product\/205757","targetHints":{"allow":["GET"]}}],"collection":[{"href":"https:\/\/moto-oprema.com\/hr\/wp-json\/wp\/v2\/product"}],"about":[{"href":"https:\/\/moto-oprema.com\/hr\/wp-json\/wp\/v2\/types\/product"}],"replies":[{"embeddable":true,"href":"https:\/\/moto-oprema.com\/hr\/wp-json\/wp\/v2\/comments?post=205757"}],"wp:featuredmedia":[{"embeddable":true,"href":"https:\/\/moto-oprema.com\/hr\/wp-json\/wp\/v2\/media\/205570"}],"wp:attachment":[{"href":"https:\/\/moto-oprema.com\/hr\/wp-json\/wp\/v2\/media?parent=205757"}],"wp:term":[{"taxonomy":"brand","embeddable":true,"href":"https:\/\/moto-oprema.com\/hr\/wp-json\/wp\/v2\/brand?post=205757"},{"taxonomy":"gender","embeddable":true,"href":"https:\/\/moto-oprema.com\/hr\/wp-json\/wp\/v2\/gender?post=205757"},{"taxonomy":"product_brand","embeddable":true,"href":"https:\/\/moto-oprema.com\/hr\/wp-json\/wp\/v2\/product_brand?post=205757"},{"taxonomy":"product_cat","embeddable":true,"href":"https:\/\/moto-oprema.com\/hr\/wp-json\/wp\/v2\/product_cat?post=205757"},{"taxonomy":"product_tag","embeddable":true,"href":"https:\/\/moto-oprema.com\/hr\/wp-json\/wp\/v2\/product_tag?post=205757"}],"curies":[{"name":"wp","href":"https:\/\/api.w.org\/{rel}","templated":true}]}}