{"id":205312,"date":"2026-02-04T10:26:07","date_gmt":"2026-02-04T10:26:07","guid":{"rendered":"https:\/\/moto-oprema.com\/?post_type=product&#038;p=205312"},"modified":"2026-02-04T10:29:16","modified_gmt":"2026-02-04T10:29:16","slug":"alpinestars-supertech-mx-rukavice-svjetlo-ljubovato-crne-kopija","status":"publish","type":"product","link":"https:\/\/moto-oprema.com\/hr\/Artikel\/alpinestars-supertech-mx-rukavice-svjetlo-ljubovato-crne-kopija\/","title":{"rendered":"ALPINESTARS SUPERTECH MX RUKAVICE LAVANDA LJUBI\u010cASTE FLUORESCENT \u017dUTE"},"content":{"rendered":"<p>Dizajnirane za profesionalne voza\u010de, Supertech MX rukavice nude vrhunski jednoslojni dizajn s be\u0161avnim, ergonomskim krojem prilago\u0111enim utrkama. Izra\u0111ene od visoko elasti\u010dnih materijala, rukavice pru\u017eaju iznimnu kontrolu i responzivnost na upravlja\u010du motocikla, postavljaju\u0107i novi standard za lako\u0107u, udobnost i performanse. <\/p>\n<p>svojstva:<\/p>\n<ul>\n<li>Profesionalni dizajn i performanse: Prilago\u0111eno profesionalnom pristajanju, kontroli i udobnosti bitnim za utrke.<\/li>\n<li>Napredna konstrukcija: Izra\u0111ene od izdr\u017eljivog jednoslojnog rastezljivog materijala i be\u0161avnog dizajna, pru\u017eaju visoku razinu fleksibilnosti i udobnosti.<\/li>\n<li>Pobolj\u0161ana prozra\u010dnost: Opse\u017ene laserske perforacije, ventilirana podstava i perforirani dlanovi pru\u017eaju vrhunsku ventilaciju kako bi ruke ostale hladne.<\/li>\n<li>Visoka razina prianjanja: Silikonski rukohvati na prvom i drugom prstu, zajedno s oja\u010danim pal\u010devima, pru\u017eaju dugotrajnu izdr\u017eljivost na podru\u010djima s visokim kontaktom, daju\u0107i voza\u010dima vrhunsku kontrolu nad ru\u010dicama motocikla.<\/li>\n<\/ul>\n<p>Konstrukcija<\/p>\n<ul>\n<li>Visoko podesiv i napredan, ru\u010dno izra\u0111en trka\u0107i kroj za neusporedivu kontrolu.<\/li>\n<li>Stra\u017enja strana je izra\u0111ena od vrhunskog, jednoslojnog, vrlo fleksibilnog materijala s be\u0161avnom konstrukcijom.<\/li>\n<li>Opse\u017ene laserske perforacije i ventilirane \u010deljusti poti\u010du protok zraka i pobolj\u0161avaju udobnost voza\u010da.<\/li>\n<li>Be\u0161avno zatvaranje man\u017eete osigurava sigurno prianjanje.<\/li>\n<li>Jednoslojni, vrlo fleksibilni perforirani flor dodatno doprinosi lako\u0107i rukavica.<\/li>\n<li>Silikonski grip na prvom i drugom prstu za visoku razinu prianjanja.<\/li>\n<li>Oja\u010danje na pal\u010devima za ve\u0107u izdr\u017eljivost.<\/li>\n<\/ul>\n<p>Sastav sirovine: 86% poliester, 10% elastan, 4% poliamid<\/p>\n","protected":false},"excerpt":{"rendered":"","protected":false},"featured_media":204996,"comment_status":"open","ping_status":"closed","template":"","meta":{"_acf_changed":false},"brand":[2748],"gender":[2167],"product_brand":[],"product_cat":[2754,2733],"product_tag":[],"class_list":{"0":"post-205312","1":"product","2":"type-product","3":"status-publish","4":"has-post-thumbnail","6":"brand-alpinestars-hr","7":"gender-moski-en","8":"product_cat-mx-rukavice","9":"product_cat-oprema-za-motokros","10":"pa_size-2xl-hr","11":"pa_size-3xl-hr","12":"pa_size-4xl-hr","13":"pa_size-l-hr","14":"pa_size-m-hr","15":"pa_size-s-hr","16":"pa_size-xl-hr","18":"first","19":"instock","20":"sale","21":"taxable","22":"shipping-taxable","23":"purchasable","24":"product-type-variable"},"acf":[],"_links":{"self":[{"href":"https:\/\/moto-oprema.com\/hr\/wp-json\/wp\/v2\/product\/205312","targetHints":{"allow":["GET"]}}],"collection":[{"href":"https:\/\/moto-oprema.com\/hr\/wp-json\/wp\/v2\/product"}],"about":[{"href":"https:\/\/moto-oprema.com\/hr\/wp-json\/wp\/v2\/types\/product"}],"replies":[{"embeddable":true,"href":"https:\/\/moto-oprema.com\/hr\/wp-json\/wp\/v2\/comments?post=205312"}],"wp:featuredmedia":[{"embeddable":true,"href":"https:\/\/moto-oprema.com\/hr\/wp-json\/wp\/v2\/media\/204996"}],"wp:attachment":[{"href":"https:\/\/moto-oprema.com\/hr\/wp-json\/wp\/v2\/media?parent=205312"}],"wp:term":[{"taxonomy":"brand","embeddable":true,"href":"https:\/\/moto-oprema.com\/hr\/wp-json\/wp\/v2\/brand?post=205312"},{"taxonomy":"gender","embeddable":true,"href":"https:\/\/moto-oprema.com\/hr\/wp-json\/wp\/v2\/gender?post=205312"},{"taxonomy":"product_brand","embeddable":true,"href":"https:\/\/moto-oprema.com\/hr\/wp-json\/wp\/v2\/product_brand?post=205312"},{"taxonomy":"product_cat","embeddable":true,"href":"https:\/\/moto-oprema.com\/hr\/wp-json\/wp\/v2\/product_cat?post=205312"},{"taxonomy":"product_tag","embeddable":true,"href":"https:\/\/moto-oprema.com\/hr\/wp-json\/wp\/v2\/product_tag?post=205312"}],"curies":[{"name":"wp","href":"https:\/\/api.w.org\/{rel}","templated":true}]}}