{"id":204794,"date":"2026-02-04T09:32:12","date_gmt":"2026-02-04T09:32:12","guid":{"rendered":"https:\/\/moto-oprema.com\/?post_type=product&#038;p=204794"},"modified":"2026-02-04T09:37:07","modified_gmt":"2026-02-04T09:37:07","slug":"alpinestars-mx-supertech-hlace-scenz-vruce-ljubicaste-koraljne-25-kopija","status":"publish","type":"product","link":"https:\/\/moto-oprema.com\/hr\/Artikel\/alpinestars-mx-supertech-hlace-scenz-vruce-ljubicaste-koraljne-25-kopija\/","title":{"rendered":"ALPINESTARS MX SUPERTECH HLA\u010cE SCENZ CRVENO CRNE \u017dUTE 26"},"content":{"rendered":"<p>Supertech je Alpinestarsova inovativna linija Pro Level motocross opreme dizajnirane za vrhunske off-road performanse. Supertech oprema nudi potpuno tvorni\u010dki dizajn i uklju\u010duje niz SX i MXGP provjerenih tehnologija za optimalnu razinu fleksibilnosti, slobode kretanja, ventilacije, izdr\u017eljivosti i udobnosti. Dizajnirane za natjecateljsku vo\u017enju, Supertech Scenz hla\u010de idealne su motocross hla\u010de za vrhunske performanse sa svojim atletskim trka\u0107im krojem.  <\/p>\n<p>&nbsp;<\/p>\n<p>Klju\u010dne zna\u010dajke<\/p>\n<ul>\n<li>Napredna rastezljiva konstrukcija: Hla\u010de Supertech Scenz izra\u0111ene su od jednoslojnog, naprednog rastezljivog rip-stop materijala. Alpinestars je posebno razvio sastav tekstilnih vlakana za optimizirana mehani\u010dka svojstva, uklju\u010duju\u0107i \u010dvrsto\u0107u, elasti\u010dnost i otpornost na habanje. <\/li>\n<li>Dizajnirano za performanse: S jednoslojnom konstrukcijom dizajniranom za performanse, za pobolj\u0161anu nosivost, vrhunsku udobnost, manju te\u017einu i jednostavnu upotrebu s ortozama za koljena.<\/li>\n<li>Pro Rider Athletic Fit: Vrhunski atletski kroj i oblik za performanse s pobolj\u0161anim uzorkom dizajniranim za pru\u017eanje visoke razine pobolj\u0161ane pokretljivosti tijela, fleksibilnosti i udobnosti koju zahtijevaju profesionalni voza\u010di.<\/li>\n<\/ul>\n<p>Konstrukcija<\/p>\n<ul>\n<li>Izdr\u017eljiva, potpuno rastezljiva konstrukcija u 4 smjera koja pru\u017ea visoku razinu ventilacije i lako\u0107e.<\/li>\n<li>Hla\u010de Supertech Scenz uklju\u010duju niz tehnologija dokazanih u SX i MXGP utrkama.<\/li>\n<li>Kozja ko\u017ea s elasti\u010dnim aramidnim vlaknima oblikovanim unutarnjim dijelom koljena za optimalan osje\u0107aj i izdr\u017eljivost.<\/li>\n<li>Visoko prozra\u010dne Stretchnet zone du\u017e cijelog potkoljenice pru\u017eaju ultra laganu konstrukciju koja omogu\u0107uje vrhunsku prozra\u010dnost i izvrsno zadr\u017eavanje elasti\u010dnosti za visoku razinu udobnosti i performansi.<\/li>\n<li>Nepodstavljeni dizajn za optimalnu udobnost voza\u010da i jednostavno obla\u010denje i skidanje s \u0161titnicima za koljena ili \u0161titnicima za koljena.<\/li>\n<li>Strate\u0161ki postavljene perforacije za dodatnu prozra\u010dnost i optimalnu ventilaciju.<\/li>\n<li>SX1 magnetska kop\u010da s automatskim zaklju\u010davanjem za brzo i sigurno zatvaranje.<\/li>\n<li>Silikonski unutarnji pojas za dr\u017eanje hla\u010da na mjestu.<\/li>\n<li>Prekriveni patentni zatvara\u010d za ve\u0107u izdr\u017eljivost.<\/li>\n<\/ul>\n<p>Sastav sirovina: 82% poliester, 10% elastan, 5% ko\u017ea, 3% poliamid<\/p>\n","protected":false},"excerpt":{"rendered":"<p>Supertech je Alpinestarsova inovativna linija Pro Level motocross opreme dizajnirane za vrhunske off-road performanse. Supertech oprema&#8230;<\/p>\n","protected":false},"featured_media":204475,"comment_status":"open","ping_status":"closed","template":"","meta":{"_acf_changed":false},"brand":[2748],"gender":[2167],"product_brand":[],"product_cat":[2737,2733],"product_tag":[],"class_list":{"0":"post-204794","1":"product","2":"type-product","3":"status-publish","4":"has-post-thumbnail","6":"brand-alpinestars-hr","7":"gender-moski-en","8":"product_cat-mx-hlace-hr","9":"product_cat-oprema-za-motokros","10":"pa_size-30-hr","11":"pa_size-32-hr","12":"pa_size-34-hr","13":"pa_size-36-hr","14":"pa_size-38-hr","15":"pa_size-40-hr","17":"first","18":"onbackorder","19":"sale","20":"taxable","21":"shipping-taxable","22":"purchasable","23":"product-type-variable"},"acf":[],"_links":{"self":[{"href":"https:\/\/moto-oprema.com\/hr\/wp-json\/wp\/v2\/product\/204794","targetHints":{"allow":["GET"]}}],"collection":[{"href":"https:\/\/moto-oprema.com\/hr\/wp-json\/wp\/v2\/product"}],"about":[{"href":"https:\/\/moto-oprema.com\/hr\/wp-json\/wp\/v2\/types\/product"}],"replies":[{"embeddable":true,"href":"https:\/\/moto-oprema.com\/hr\/wp-json\/wp\/v2\/comments?post=204794"}],"wp:featuredmedia":[{"embeddable":true,"href":"https:\/\/moto-oprema.com\/hr\/wp-json\/wp\/v2\/media\/204475"}],"wp:attachment":[{"href":"https:\/\/moto-oprema.com\/hr\/wp-json\/wp\/v2\/media?parent=204794"}],"wp:term":[{"taxonomy":"brand","embeddable":true,"href":"https:\/\/moto-oprema.com\/hr\/wp-json\/wp\/v2\/brand?post=204794"},{"taxonomy":"gender","embeddable":true,"href":"https:\/\/moto-oprema.com\/hr\/wp-json\/wp\/v2\/gender?post=204794"},{"taxonomy":"product_brand","embeddable":true,"href":"https:\/\/moto-oprema.com\/hr\/wp-json\/wp\/v2\/product_brand?post=204794"},{"taxonomy":"product_cat","embeddable":true,"href":"https:\/\/moto-oprema.com\/hr\/wp-json\/wp\/v2\/product_cat?post=204794"},{"taxonomy":"product_tag","embeddable":true,"href":"https:\/\/moto-oprema.com\/hr\/wp-json\/wp\/v2\/product_tag?post=204794"}],"curies":[{"name":"wp","href":"https:\/\/api.w.org\/{rel}","templated":true}]}}