{"id":203904,"date":"2026-02-02T10:28:28","date_gmt":"2026-02-02T10:28:28","guid":{"rendered":"https:\/\/moto-oprema.com\/?post_type=product&#038;p=203904"},"modified":"2026-02-02T10:42:54","modified_gmt":"2026-02-02T10:42:54","slug":"spidi-frontier-pro-h2out-hlace-bez-kopija","status":"publish","type":"product","link":"https:\/\/moto-oprema.com\/hr\/Artikel\/spidi-frontier-pro-h2out-hlace-bez-kopija\/","title":{"rendered":"SPIDI FRONTIER PRO H2OUT HLA\u010cE CRNE"},"content":{"rendered":"<p>Frontier Pro H2Out hla\u010de.<\/p>\n<p>Sigurnost:<\/p>\n<p>&#8211; Uklonjivi Warrior \u0161titnici, certificirani prema standardu En1621-1 Lev.2 za kukove i koljena<\/p>\n<p>&#8211; Osobna za\u0161titna oprema za motocikliste, certificirana prema normi EN 17092-3:2020 klasa AA<\/p>\n<p>&#8211; CE: Za\u0161titna oprema za motocikliste u skladu s Uredbom (EU) 2016\/454.<\/p>\n<p>&nbsp;<\/p>\n<p>Udobnost:<\/p>\n<p>&#8211; Vodootporna, vjetrootporna i prozra\u010dna H2OUT odje\u0107a<\/p>\n<p>&#8211; Fiksna mre\u017easta podstava<\/p>\n<p>&#8211; Priprema za pri\u010dvr\u0161\u0107ivanje termo hla\u010da L96<\/p>\n<p>Ergonomija:<\/p>\n<p>&#8211; Podesivi polo\u017eaj \u0161titnika za koljena<\/p>\n<p>&#8211; Regular kroj<\/p>\n<p>&#8211; Mikrometrijski sustav zatezanja u lumbalnom podru\u010dju<\/p>\n<p>&#8211; Integrirani sustav pode\u0161avanja ERGOFIT SYSTEM<\/p>\n<p>&#8211; Podesivi remen<\/p>\n<p>&#8211; Podesivi pojas<\/p>\n<p>Tehni\u010dki podaci:<\/p>\n<p>Materijali:<\/p>\n<p>&#8211; Visoko\u010dvrsta tenax poliamidna tkanina, iznimna otpornost na habanje<\/p>\n<p>&#8211; 3M Scotchlite \u2013 najbolji reflektiraju\u0107i materijal<\/p>\n<p>&#8211; Ripstop tkanina, otporna na kidanje<\/p>\n<p>&#8211; Reflektiraju\u0107e zone za no\u0107nu vo\u017enju<\/p>\n<p>&#8211; Perforirana mre\u017easta tkanina<\/p>\n<p>&#8211; 2 sloja vodootporne, prozra\u010dne i vjetrootporne laminirane tkanine<\/p>\n<p>&nbsp;<\/p>\n<p>Kapacitet:<\/p>\n<p>&#8211; Zatvaranje patentnim zatvara\u010dem za spajanje jakne\/hla\u010da<\/p>\n<p>&#8211; Kompatibilno s proizvodima STEP-IN WEAR<\/p>\n<p>&#8211; Donji dio hla\u010da podesiv motokros \u010dizmama<\/p>\n<p>&#8211; Ventilacijski otvori<\/p>\n<p>&#8211; Vodootporni patentni zatvara\u010d<\/p>\n<p>&#8211; Prosje\u010dna te\u017eina 1,5 kg<\/p>\n<p>&#8211; Dinami\u010dki ventilacijski otvori<\/p>\n","protected":false},"excerpt":{"rendered":"<p>Frontier Pro H2Out hla\u010de. Sigurnost: &#8211; Uklonjivi Warrior \u0161titnici, certificirani prema standardu En1621-1 Lev.2 za kukove&#8230;<\/p>\n","protected":false},"featured_media":203920,"comment_status":"open","ping_status":"closed","template":"","meta":{"_acf_changed":false},"brand":[2732],"gender":[2167],"product_brand":[],"product_cat":[2832,1356,2857],"product_tag":[],"class_list":{"0":"post-203904","1":"product","2":"type-product","3":"status-publish","4":"has-post-thumbnail","6":"brand-spidi-hr","7":"gender-moski-en","8":"product_cat-hlace-hr","9":"product_cat-motociklisticka-oprema","10":"product_cat-tekstilne-hlace-hr","11":"pa_size-2xl-hr","12":"pa_size-3xl-hr","13":"pa_size-4xl-hr","14":"pa_size-l-hr","15":"pa_size-m-hr","16":"pa_size-s-hr","17":"pa_size-xl-hr","19":"first","20":"instock","21":"sale","22":"taxable","23":"shipping-taxable","24":"purchasable","25":"product-type-variable"},"acf":[],"_links":{"self":[{"href":"https:\/\/moto-oprema.com\/hr\/wp-json\/wp\/v2\/product\/203904","targetHints":{"allow":["GET"]}}],"collection":[{"href":"https:\/\/moto-oprema.com\/hr\/wp-json\/wp\/v2\/product"}],"about":[{"href":"https:\/\/moto-oprema.com\/hr\/wp-json\/wp\/v2\/types\/product"}],"replies":[{"embeddable":true,"href":"https:\/\/moto-oprema.com\/hr\/wp-json\/wp\/v2\/comments?post=203904"}],"wp:featuredmedia":[{"embeddable":true,"href":"https:\/\/moto-oprema.com\/hr\/wp-json\/wp\/v2\/media\/203920"}],"wp:attachment":[{"href":"https:\/\/moto-oprema.com\/hr\/wp-json\/wp\/v2\/media?parent=203904"}],"wp:term":[{"taxonomy":"brand","embeddable":true,"href":"https:\/\/moto-oprema.com\/hr\/wp-json\/wp\/v2\/brand?post=203904"},{"taxonomy":"gender","embeddable":true,"href":"https:\/\/moto-oprema.com\/hr\/wp-json\/wp\/v2\/gender?post=203904"},{"taxonomy":"product_brand","embeddable":true,"href":"https:\/\/moto-oprema.com\/hr\/wp-json\/wp\/v2\/product_brand?post=203904"},{"taxonomy":"product_cat","embeddable":true,"href":"https:\/\/moto-oprema.com\/hr\/wp-json\/wp\/v2\/product_cat?post=203904"},{"taxonomy":"product_tag","embeddable":true,"href":"https:\/\/moto-oprema.com\/hr\/wp-json\/wp\/v2\/product_tag?post=203904"}],"curies":[{"name":"wp","href":"https:\/\/api.w.org\/{rel}","templated":true}]}}