{"id":203657,"date":"2026-02-02T09:43:59","date_gmt":"2026-02-02T09:43:59","guid":{"rendered":"https:\/\/moto-oprema.com\/?post_type=product&#038;p=203657"},"modified":"2026-02-02T09:53:05","modified_gmt":"2026-02-02T09:53:05","slug":"spidi-frontier-pro-h2out-jakna-bez-kopija-kopija","status":"publish","type":"product","link":"https:\/\/moto-oprema.com\/hr\/Artikel\/spidi-frontier-pro-h2out-jakna-bez-kopija-kopija\/","title":{"rendered":"SPIDI FRONTIER PRO H2out JAKNA CRNA"},"content":{"rendered":"<p>Razvijena za najzahtjevnije ture, SPIDI Frontier Pro H2OUT\u00ae je laminirana motociklisti\u010dka jakna za voza\u010de kojima je potrebna maksimalna za\u0161tita i udobnost u svim vremenskim uvjetima.<\/p>\n<p>Izra\u0111ena od visoko otpornih, srednje te\u0161kih, prozra\u010dnih materijala povezanih s H2OUT\u00ae membranom, jakna nudi izvrsnu za\u0161titu od vremenskih uvjeta uz odr\u017eavanje udobnosti u svim klimatskim uvjetima. Glavna \u0161koljka od najlona visoke gusto\u0107e pru\u017ea u\u010dinkovitu vodoodbojnost, omogu\u0107uje brzo su\u0161enje i odr\u017eava malu te\u017einu \u010dak i nakon dugotrajne ki\u0161e, dok oja\u010danja od ripstop najlona na ramenima i laktovima pobolj\u0161avaju izdr\u017eljivost na najoptere\u0107enijim podru\u010djima. <\/p>\n<p>Frontier Pro H2OUT\u00ae certificiran je prema normi EN 17092-4:2020 klase AA i standardno dolazi s Warrior Lite \u0161titnicima razine 2 na ramenima i laktovima. Za dodatnu sigurnost na le\u0111ima i prsima mogu se dodati opcionalni \u0161titnici razine 1 ili razine 2. <\/p>\n<p>\u0160iroki sustav izravne ventilacije osigurava kontinuirani protok zraka u toplijim mjesecima. U hladnijim uvjetima, uklonjiva termo podstava mo\u017ee se koristiti ili zamijeniti drugim dodatnim slojevima STEP-INWEAR\u00ae kako bi se osigurala potpuna prilagodljivost ovisno o godi\u0161njem dobu. Ostale zna\u010dajke uklju\u010duju vodootporne unutarnje i vanjske d\u017eepove, reflektiraju\u0107e umetke za bolju vidljivost i vi\u0161estruke sustave pode\u0161avanja na struku i rukavima kako bi se osiguralo precizno pristajanje prilago\u0111eno voza\u010du. Integrirani patentni zatvara\u010d na struku mo\u017ee se spojiti na SPIDI hla\u010de kompatibilnim sustavom povezivanja radi pobolj\u0161anja udobnosti, sigurnosti i za\u0161tite od vjetra.   <\/p>\n<p>Frontier Pro H2OUT\u00ae je idealan izbor za avanturisti\u010dke voza\u010de koji zahtijevaju beskompromisne performanse, kombiniraju\u0107i najbolje od SPIDI tehnologije u sigurnosti, ergonomiji i prikladnosti za sve vremenske uvjete.<\/p>\n<p>Sastav sirovine: 100% poliester<\/p>\n","protected":false},"excerpt":{"rendered":"<p>Razvijena za najzahtjevnije ture, SPIDI Frontier Pro H2OUT\u00ae je laminirana motociklisti\u010dka jakna za voza\u010de kojima je&#8230;<\/p>\n","protected":false},"featured_media":203539,"comment_status":"open","ping_status":"closed","template":"","meta":{"_acf_changed":false},"brand":[2732],"gender":[2167],"product_brand":[],"product_cat":[2759,1356,2761],"product_tag":[],"class_list":{"0":"post-203657","1":"product","2":"type-product","3":"status-publish","4":"has-post-thumbnail","6":"brand-spidi-hr","7":"gender-moski-en","8":"product_cat-jakne-hr","9":"product_cat-motociklisticka-oprema","10":"product_cat-tekstilne-jakne-hr","11":"pa_size-2xl-hr","12":"pa_size-3xl-hr","13":"pa_size-4xl-hr","14":"pa_size-l-hr","15":"pa_size-m-hr","16":"pa_size-s-hr","17":"pa_size-xl-hr","19":"first","20":"instock","21":"sale","22":"taxable","23":"shipping-taxable","24":"purchasable","25":"product-type-variable"},"acf":[],"_links":{"self":[{"href":"https:\/\/moto-oprema.com\/hr\/wp-json\/wp\/v2\/product\/203657","targetHints":{"allow":["GET"]}}],"collection":[{"href":"https:\/\/moto-oprema.com\/hr\/wp-json\/wp\/v2\/product"}],"about":[{"href":"https:\/\/moto-oprema.com\/hr\/wp-json\/wp\/v2\/types\/product"}],"replies":[{"embeddable":true,"href":"https:\/\/moto-oprema.com\/hr\/wp-json\/wp\/v2\/comments?post=203657"}],"wp:featuredmedia":[{"embeddable":true,"href":"https:\/\/moto-oprema.com\/hr\/wp-json\/wp\/v2\/media\/203539"}],"wp:attachment":[{"href":"https:\/\/moto-oprema.com\/hr\/wp-json\/wp\/v2\/media?parent=203657"}],"wp:term":[{"taxonomy":"brand","embeddable":true,"href":"https:\/\/moto-oprema.com\/hr\/wp-json\/wp\/v2\/brand?post=203657"},{"taxonomy":"gender","embeddable":true,"href":"https:\/\/moto-oprema.com\/hr\/wp-json\/wp\/v2\/gender?post=203657"},{"taxonomy":"product_brand","embeddable":true,"href":"https:\/\/moto-oprema.com\/hr\/wp-json\/wp\/v2\/product_brand?post=203657"},{"taxonomy":"product_cat","embeddable":true,"href":"https:\/\/moto-oprema.com\/hr\/wp-json\/wp\/v2\/product_cat?post=203657"},{"taxonomy":"product_tag","embeddable":true,"href":"https:\/\/moto-oprema.com\/hr\/wp-json\/wp\/v2\/product_tag?post=203657"}],"curies":[{"name":"wp","href":"https:\/\/api.w.org\/{rel}","templated":true}]}}