{"id":202051,"date":"2026-01-26T10:17:31","date_gmt":"2026-01-26T10:17:31","guid":{"rendered":"https:\/\/moto-oprema.com\/?post_type=product&#038;p=202051"},"modified":"2026-01-26T10:17:32","modified_gmt":"2026-01-26T10:17:32","slug":"shoei-hornet-adv6-mat-crna","status":"publish","type":"product","link":"https:\/\/moto-oprema.com\/hr\/Artikel\/shoei-hornet-adv6-mat-crna\/","title":{"rendered":"SHOEI HORNET ADV6 MAT CRNA"},"content":{"rendered":"<p>HORNET ADV 06 idealan je suputnik za motociklisti\u010dke avanture i putovanja, kako na cesti tako i izvan nje. Njegov \u0161titnik kacige nudi stabilnu i izdr\u017eljivu za\u0161titu od odsjaja. Zahvaljuju\u0107i aerodinami\u010dki optimiziranom obliku, ovaj vizir stvara minimalno podizanje \u010dak i pri ve\u0107im brzinama. Kaciga je savr\u0161eno uravnote\u017eena i rastere\u0107uje mi\u0161i\u0107e vrata voza\u010da \u010dak i na duljim vo\u017enjama ili na zahtjevnijem terenu.   <\/p>\n<p>Sigurnost:<\/p>\n<ul>\n<li>\u0160esteroslojni sastav staklenih vlakana, organskih vlakana i visokou\u010dinkovitih vlaknastih materijala \u010dini osnovu AIM+ (Advanced Integrated Matrix Plus) vanjske ljuske kacige SHOEI HORNET ADV 06. Zajedno s unutarnjom polistirenskom oblogom koja se sastoji od nekoliko elemenata s razli\u010ditim sposobnostima apsorpcije, ova vanjska ljuska nudi optimalnu za\u0161titu od udara uz relativno malu ukupnu te\u017einu kacige. <\/li>\n<li>Standardni prozirni vizir s velikim vidnim poljem nudi za\u0161titu od vremenskih uvjeta i pra\u0161ine. Mo\u017ee se zamijeniti bez alata zahvaljuju\u0107i mehanizmu za brzu zamjenu. Kao i svi SHOEI viziri za kacige s punim licem, smanjuje prodiranje vi\u0161e od 99% UV zra\u010denja u unutra\u0161njost kacige. Le\u0107a protiv zamagljivanja PINLOCK\u00aeEVO, koja dolazi s kacigom, osigurava jasan pogled \u010dak i u nepovoljnim vremenskim uvjetima.   <\/li>\n<li>Dvostruki D-lock remen za bradu lako se pode\u0161ava i \u010dvrsto dr\u017ei kacigu na mjestu.<\/li>\n<li>EQRS (Emergency Quick Release System) omogu\u0107uje jednostavno uklanjanje jastu\u010di\u0107a za obraze u hitnim slu\u010dajevima, omogu\u0107uju\u0107i nje\u017eno skidanje kacige.<\/li>\n<\/ul>\n<p>SHOEI HORNET ADV 06 ispunjava zahtjeve standarda za ispitivanje motociklisti\u010dkih kaciga ECE-R 22.06.<\/p>\n<p>Udobnost no\u0161enja<\/p>\n<ul>\n<li>4 razli\u010dite veli\u010dine \u0161koljke (XS-S | M | L | XL-XXL) \u010dine SHOEI HORNET ADV 06 kompaktnim suputnikom za motociklisti\u010dke avanture i omogu\u0107uju optimalan omjer izme\u0111u veli\u010dine kacige i veli\u010dine voza\u010da. Dobra ravnote\u017ea, relativno mala te\u017eina i jedva primjetno podizanje \u0161titnika kacige rastere\u0107uju mi\u0161i\u0107e vrata, kako na beskrajnim autocestama, tako i na pra\u0161njavim stazama. <\/li>\n<li>Sredi\u0161nji jastu\u010di\u0107, dizajniran za u\u010dinkovitu ventilaciju, kao i trodimenzionalni prethodno oblikovani jastu\u010di\u0107i za obraze i \u0161titnik za bradu, potpuno su uklonjivi i perivi. Jastu\u010di\u0107i za obraze i sredi\u0161nji jastu\u010di\u0107i dostupni su u razli\u010ditim debljinama za individualno pode\u0161avanje kacige. <\/li>\n<li>Uklonjivi jastu\u010di\u0107i za u\u0161i u\u010dinkovito doprinose smanjenju buke.<\/li>\n<li>Udubljenja u podru\u010dju uha omogu\u0107uju ugradnju interfonskog sustava.<\/li>\n<\/ul>\n<p>Ventilacija<\/p>\n<p>4 podesiva ulaza za zrak i 4 izlaza za zrak na SHOEI HORNET ADV 06 u\u010dinkovito doprinose izmjeni zraka, zna\u010dajno smanjuju\u0107i temperaturu i vla\u017enost unutar kacige. Rezultat je ugodna unutarnja klima, kako na autocesti tako i na stazi. <\/p>\n<p>Aerodinamika<\/p>\n<p>Integrirani spojler pobolj\u0161ava aerodinami\u010dka svojstva SHOEI HORNET ADV 06. Perforirani vizir kacige, integriran u aerodinami\u010dki koncept, nudi izvrsnu za\u0161titu od odsjaja, prljav\u0161tine i lete\u0107eg kamenja, a istovremeno smanjuje otpor zraka. <\/p>\n<p>Dodatna oprema<\/p>\n<p>SHOEI HORNET ADV 06 dostupan je s vizirima u raznim nijansama i zrcalnim premazima koji se mogu koristiti u skladu s ECE homologacijskim propisima. Kaciga je izvorno opremljena prozirnim vizirom tipa CNS-2, dostupnim u raznim nijansama. Svi viziri ovog tipa mogu se opremiti PINLOCK\u00aeEVO le\u0107ama protiv zamagljivanja, od kojih se jedna isporu\u010duje s kacigom.  <\/p>\n<p>SHOEI-jev asortiman rezervnih dijelova uklju\u010duje jastu\u010di\u0107e za obraze i sredi\u0161nje jastu\u010di\u0107e razli\u010ditih debljina i veli\u010dina za zamjenu originalnih jastu\u010di\u0107a ili za prilagodbu kacige. Dostupni su i navlake za remen za bradu, \u0161titnici za dah i \u0161titnici za bradu. <\/p>\n<p>Uklju\u010deno u dostavu<\/p>\n<p>SHOEI HORNET ADV 06 opremljena je PINLOCK\u00aeEVO le\u0107om za kori\u0161tenje s CNS-2 vizirom koji je originalno ugra\u0111en na kacigu, kao i zamjenskim monta\u017enim klinovima. Osim toga, originalna isporuka uklju\u010duje i za\u0161titu za disanje, \u0161titnik za bradu, naljepnicu s logotipom SHOEI, originalnu SHOEI torbu za sigurno spremanje kacige i silikonsko ulje za odr\u017eavanje vizira i mehanizma. <\/p>\n<p>Ciljna skupina: Terenska vo\u017enja, Putovanja<\/p>\n<p>Brada: Dvostruko D<\/p>\n<p>Standard za kacigu: ECE 22.06<\/p>\n<p>Boja: Crna<\/p>\n<p>Povr\u0161ina: Mat<\/p>\n","protected":false},"excerpt":{"rendered":"<p>Prve isporuke svibanj 2026.<\/p>\n","protected":false},"featured_media":202048,"comment_status":"open","ping_status":"closed","template":"","meta":{"_acf_changed":false},"brand":[2765],"gender":[2172],"product_brand":[],"product_cat":[1358,1356,1359],"product_tag":[],"class_list":{"0":"post-202051","1":"product","2":"type-product","3":"status-publish","4":"has-post-thumbnail","6":"brand-shoei-hr","7":"gender-unisex-hr","8":"product_cat-kacige","9":"product_cat-motociklisticka-oprema","10":"product_cat-sastavni","11":"pa_velikost-st-l-hr","12":"pa_velikost-st-m-hr","13":"pa_velikost-st-s-hr","14":"pa_velikost-st-xl-hr","15":"pa_velikost-st-xs-hr","16":"pa_velikost-st-xxl-hr","18":"first","19":"outofstock","20":"taxable","21":"shipping-taxable","22":"purchasable","23":"product-type-variable"},"acf":[],"_links":{"self":[{"href":"https:\/\/moto-oprema.com\/hr\/wp-json\/wp\/v2\/product\/202051","targetHints":{"allow":["GET"]}}],"collection":[{"href":"https:\/\/moto-oprema.com\/hr\/wp-json\/wp\/v2\/product"}],"about":[{"href":"https:\/\/moto-oprema.com\/hr\/wp-json\/wp\/v2\/types\/product"}],"replies":[{"embeddable":true,"href":"https:\/\/moto-oprema.com\/hr\/wp-json\/wp\/v2\/comments?post=202051"}],"wp:featuredmedia":[{"embeddable":true,"href":"https:\/\/moto-oprema.com\/hr\/wp-json\/wp\/v2\/media\/202048"}],"wp:attachment":[{"href":"https:\/\/moto-oprema.com\/hr\/wp-json\/wp\/v2\/media?parent=202051"}],"wp:term":[{"taxonomy":"brand","embeddable":true,"href":"https:\/\/moto-oprema.com\/hr\/wp-json\/wp\/v2\/brand?post=202051"},{"taxonomy":"gender","embeddable":true,"href":"https:\/\/moto-oprema.com\/hr\/wp-json\/wp\/v2\/gender?post=202051"},{"taxonomy":"product_brand","embeddable":true,"href":"https:\/\/moto-oprema.com\/hr\/wp-json\/wp\/v2\/product_brand?post=202051"},{"taxonomy":"product_cat","embeddable":true,"href":"https:\/\/moto-oprema.com\/hr\/wp-json\/wp\/v2\/product_cat?post=202051"},{"taxonomy":"product_tag","embeddable":true,"href":"https:\/\/moto-oprema.com\/hr\/wp-json\/wp\/v2\/product_tag?post=202051"}],"curies":[{"name":"wp","href":"https:\/\/api.w.org\/{rel}","templated":true}]}}