{"id":201902,"date":"2026-01-21T09:26:44","date_gmt":"2026-01-21T09:26:44","guid":{"rendered":"https:\/\/moto-oprema.com\/?post_type=product&#038;p=201902"},"modified":"2026-01-21T09:42:10","modified_gmt":"2026-01-21T09:42:10","slug":"fox-hoodie-shield-crna-kopija","status":"publish","type":"product","link":"https:\/\/moto-oprema.com\/hr\/Artikel\/fox-hoodie-shield-crna-kopija\/","title":{"rendered":"ALPINESTARS FORMULATION HOODIE CRNA"},"content":{"rendered":"<p>Alpinestars Formula majica s kapulja\u010dom<\/p>\n<p>opis<\/p>\n<ul>\n<li>Polyflis s kapulja\u010dom i prednjim patentnim zatvara\u010dem<\/li>\n<li>Alpinestars DNA stil majice s kapulja\u010dom i patentnim zatvara\u010dem<\/li>\n<li>Kapulja\u010da s mre\u017eastom podstavom i tehni\u010dkim vezicama, rebrastim man\u017eetama i rubom<\/li>\n<li>Veliki logo na prsima, logotipi na laktovima, natpis Alpiestars na podlaktici i otisnuti logotipi na le\u0111ima<\/li>\n<li>Unutarnja glavna etiketa i vanjska etiketa s robnom markom.<\/li>\n<li>100% poliester<\/li>\n<\/ul>\n<p>&nbsp;<\/p>\n<p>&nbsp;<\/p>\n","protected":false},"excerpt":{"rendered":"","protected":false},"featured_media":201936,"comment_status":"open","ping_status":"closed","template":"","meta":{"_acf_changed":false},"brand":[2748],"gender":[1313],"product_brand":[],"product_cat":[2905,2829],"product_tag":[],"class_list":{"0":"post-201902","1":"product","2":"type-product","3":"status-publish","4":"has-post-thumbnail","6":"brand-alpinestars-hr","7":"gender-moski","8":"product_cat-dzemperi-i-kardigani","9":"product_cat-lezerna-odjeca","10":"pa_velikost-st-l-hr","11":"pa_velikost-st-m-hr","12":"pa_velikost-st-xl-hr","13":"pa_velikost-st-xxl-hr","15":"first","16":"instock","17":"sale","18":"taxable","19":"shipping-taxable","20":"purchasable","21":"product-type-variable"},"acf":[],"_links":{"self":[{"href":"https:\/\/moto-oprema.com\/hr\/wp-json\/wp\/v2\/product\/201902","targetHints":{"allow":["GET"]}}],"collection":[{"href":"https:\/\/moto-oprema.com\/hr\/wp-json\/wp\/v2\/product"}],"about":[{"href":"https:\/\/moto-oprema.com\/hr\/wp-json\/wp\/v2\/types\/product"}],"replies":[{"embeddable":true,"href":"https:\/\/moto-oprema.com\/hr\/wp-json\/wp\/v2\/comments?post=201902"}],"wp:featuredmedia":[{"embeddable":true,"href":"https:\/\/moto-oprema.com\/hr\/wp-json\/wp\/v2\/media\/201936"}],"wp:attachment":[{"href":"https:\/\/moto-oprema.com\/hr\/wp-json\/wp\/v2\/media?parent=201902"}],"wp:term":[{"taxonomy":"brand","embeddable":true,"href":"https:\/\/moto-oprema.com\/hr\/wp-json\/wp\/v2\/brand?post=201902"},{"taxonomy":"gender","embeddable":true,"href":"https:\/\/moto-oprema.com\/hr\/wp-json\/wp\/v2\/gender?post=201902"},{"taxonomy":"product_brand","embeddable":true,"href":"https:\/\/moto-oprema.com\/hr\/wp-json\/wp\/v2\/product_brand?post=201902"},{"taxonomy":"product_cat","embeddable":true,"href":"https:\/\/moto-oprema.com\/hr\/wp-json\/wp\/v2\/product_cat?post=201902"},{"taxonomy":"product_tag","embeddable":true,"href":"https:\/\/moto-oprema.com\/hr\/wp-json\/wp\/v2\/product_tag?post=201902"}],"curies":[{"name":"wp","href":"https:\/\/api.w.org\/{rel}","templated":true}]}}