{"id":201602,"date":"2026-01-16T11:42:45","date_gmt":"2026-01-16T11:42:45","guid":{"rendered":"https:\/\/moto-oprema.com\/?post_type=product&#038;p=201602"},"modified":"2026-01-16T11:47:36","modified_gmt":"2026-01-16T11:47:36","slug":"alpinestars-djecje-rukavice-full-bore-v2-mx-youth-crno-bijele-kopija","status":"publish","type":"product","link":"https:\/\/moto-oprema.com\/hr\/Artikel\/alpinestars-djecje-rukavice-full-bore-v2-mx-youth-crno-bijele-kopija\/","title":{"rendered":"ALPINESTARS DJE\u010cJE RUKAVICE FULL BORE V2 MX YOUTH UCLA PLAVE"},"content":{"rendered":"<p>Alpinestars Full Bore V2 younty &#8211; dje\u010dje motokros rukavice<\/p>\n<p>Alpinestars Full Bore V2 juniorske motokros rukavice kombiniraju performanse, za\u0161titu i prozra\u010dnost u laganom, udobnom dizajnu &#8211; posebno razvijenom za mlade motokros i off-road voza\u010de. Prozra\u010dna rastezljiva tkanina u kombinaciji s ergonomskom TPR za\u0161titom za gle\u017enjeve osigurava slobodu kretanja, visoku udobnost no\u0161enja i pouzdanu izdr\u017eljivost pri intenzivnoj upotrebi. <\/p>\n<p>Zna\u010dajke:<\/p>\n<ul>\n<li>Gornji dio od prozra\u010dne rastezljive tkanine za visoku udobnost i optimalno pristajanje<\/li>\n<li>Novorazvijena, ergonomska TPR za\u0161tita za gle\u017enjeve \u2013 fleksibilna, prilagodljiva i za\u0161titna<\/li>\n<li>Ventilirani elasti\u010dni umetci za pobolj\u0161anu cirkulaciju zraka i fleksibilnost<\/li>\n<li>Neoprenska man\u017eeta s integriranom trakom za zglob za sigurno i prilago\u0111eno pristajanje<\/li>\n<li>Oja\u010dana sinteti\u010dka ko\u017ea za visoku izdr\u017eljivost i siguran hvat<\/li>\n<li>Perforirani, oja\u010dani umeci za palac za pove\u0107anu otpornost na habanje i optimalnu ventilaciju<\/li>\n<li>Silikonski otisak na ka\u017eiprstu i srednjem prstu za optimalno prianjanje na kontrolama<\/li>\n<li>Zatezna om\u010da sa silikonskom ru\u010dkom za jednostavno obla\u010denje i skidanje<\/li>\n<\/ul>\n<p>Tehni\u010dki podaci:<\/p>\n<ul>\n<li>Napredna TPR za\u0161tita gle\u017enja za otpornost na udarce i habanje<\/li>\n<li>Izdr\u017eljiva konstrukcija za intenzivnu motokros i terensku vo\u017enju<\/li>\n<li>Kompatibilnost sa zaslonom osjetljivim na dodir za jednostavno upravljanje digitalnim ure\u0111ajima<\/li>\n<\/ul>\n<p>Dodatne informacije o proizvodu<br \/>\n Materijal 83% poliamid, 14% poliuretan, 3% elastan<br \/>\n Funkcije<br \/>\n Mogu\u0107nost upravljanja zaslonom osjetljivim na dodir telefona<\/p>\n","protected":false},"excerpt":{"rendered":"","protected":false},"featured_media":201524,"comment_status":"open","ping_status":"closed","template":"","meta":{"_acf_changed":false},"brand":[2748],"gender":[],"product_brand":[],"product_cat":[3009,2733,2892],"product_tag":[],"class_list":{"0":"post-201602","1":"product","2":"type-product","3":"status-publish","4":"has-post-thumbnail","6":"brand-alpinestars-hr","7":"product_cat-mx-rukavice-hr","8":"product_cat-oprema-za-motokros","9":"product_cat-za-najmlade-hr","10":"pa_size-l-hr","11":"pa_size-m-hr","12":"pa_size-s-hr","13":"pa_size-xs-hr","14":"pa_size-xxs-hr","15":"pa_size-xxxs-hr","17":"first","18":"instock","19":"sale","20":"taxable","21":"shipping-taxable","22":"purchasable","23":"product-type-variable"},"acf":[],"_links":{"self":[{"href":"https:\/\/moto-oprema.com\/hr\/wp-json\/wp\/v2\/product\/201602","targetHints":{"allow":["GET"]}}],"collection":[{"href":"https:\/\/moto-oprema.com\/hr\/wp-json\/wp\/v2\/product"}],"about":[{"href":"https:\/\/moto-oprema.com\/hr\/wp-json\/wp\/v2\/types\/product"}],"replies":[{"embeddable":true,"href":"https:\/\/moto-oprema.com\/hr\/wp-json\/wp\/v2\/comments?post=201602"}],"wp:featuredmedia":[{"embeddable":true,"href":"https:\/\/moto-oprema.com\/hr\/wp-json\/wp\/v2\/media\/201524"}],"wp:attachment":[{"href":"https:\/\/moto-oprema.com\/hr\/wp-json\/wp\/v2\/media?parent=201602"}],"wp:term":[{"taxonomy":"brand","embeddable":true,"href":"https:\/\/moto-oprema.com\/hr\/wp-json\/wp\/v2\/brand?post=201602"},{"taxonomy":"gender","embeddable":true,"href":"https:\/\/moto-oprema.com\/hr\/wp-json\/wp\/v2\/gender?post=201602"},{"taxonomy":"product_brand","embeddable":true,"href":"https:\/\/moto-oprema.com\/hr\/wp-json\/wp\/v2\/product_brand?post=201602"},{"taxonomy":"product_cat","embeddable":true,"href":"https:\/\/moto-oprema.com\/hr\/wp-json\/wp\/v2\/product_cat?post=201602"},{"taxonomy":"product_tag","embeddable":true,"href":"https:\/\/moto-oprema.com\/hr\/wp-json\/wp\/v2\/product_tag?post=201602"}],"curies":[{"name":"wp","href":"https:\/\/api.w.org\/{rel}","templated":true}]}}