{"id":200615,"date":"2026-01-16T09:39:51","date_gmt":"2026-01-16T09:39:51","guid":{"rendered":"https:\/\/moto-oprema.com\/?post_type=product&#038;p=200615"},"modified":"2026-01-16T09:59:53","modified_gmt":"2026-01-16T09:59:53","slug":"alpinestars-tech-7-enduro-cizme-crne-sive-svijetlo-crvene-kopija","status":"publish","type":"product","link":"https:\/\/moto-oprema.com\/hr\/Artikel\/alpinestars-tech-7-enduro-cizme-crne-sive-svijetlo-crvene-kopija\/","title":{"rendered":"ALPINESTARS TECH 7 ENDURO DRAYSTAR \u010cIZME CRNE"},"content":{"rendered":"<div id=\"tab-product-description\" class=\"ui-tabs-panel ui-widget-content ui-corner-bottom\">\n<div class=\"description\">\n<div id=\"tw-target-text-container\" class=\"tw-ta-container tw-nfl\">\n<p>Alpinestars Tech 7 Enduro Drystar WP motokros \u010dizme 2026<\/p>\n<p>Tech 7 Enduro Drystar\u00ae kombinira vodootpornost s iznimnom za\u0161titom i udobno\u0161\u0107u vo\u017enje. Zahvaljuju\u0107i posebno razvijenom Enduro potplatu i integriranoj Drystar\u00ae membrani, \u010dizme pru\u017eaju pouzdane performanse u najnepovoljnijim uvjetima &#8211; na biciklu i izvan njega. <\/p>\n<p>Zna\u010dajke:<\/p>\n<ul>\n<li>Alpinestars Drystar\u00ae tehnologija u unutarnjoj \u010dizmi za prozra\u010dnost, upravljanje vlagom i 100% vodootpornost<\/li>\n<li>Dvostruki kompozitni potplat integriran u vi\u0161eslojnu strukturu potplata \u2013 za visoku izdr\u017eljivost, prianjanje i osje\u0107aj vo\u017enje te pobolj\u0161ane performanse mijenjanja brzina<\/li>\n<li>Robusni gornji materijal od mikrovlakana s PU oja\u010danjem &#8211; fleksibilan, otporan na habanje, vodoodbojan i jednostavan za odr\u017eavanje<\/li>\n<li>Fleksibilne zone u prednjem dijelu stopala za ve\u0107u pokretljivost tijekom tr\u010danja i hodanja<\/li>\n<li>Pro\u0161ireni raspon pode\u0161avanja gle\u017enja za precizno pristajanje<\/li>\n<li>Sustav brzog zatvaranja s polimernim kop\u010dama koje se same pode\u0161avaju na aluminijskoj podlozi &#8211; izdr\u017eljiv, lagan i jednostavan za kori\u0161tenje<\/li>\n<li>Produ\u017eena navlaka od mikrovlakana \u2013 pouzdano \u0161titi od vode i prljav\u0161tine<\/li>\n<li>Izra\u0111ena TPU-Grip-Pal s unutarnje strane za bolji kontakt s motociklom i pove\u0107anu otpornost na toplinu<\/li>\n<li>Progresivni fleksibilni dizajn s umetcima koji apsorbiraju udarce u podru\u010dju balona<\/li>\n<li>Lateralni i medijalni zglobni sustav \u2013 za optimalnu kontrolu fleksibilnosti i stabilnost<\/li>\n<\/ul>\n<p>Tehni\u010dki podaci:<\/p>\n<ul>\n<li>Za\u0161titne \u010dizme za motocikliste (EN 13634:2017)<\/li>\n<li>Sveobuhvatna za\u0161tita za prste, stopala, pete, gle\u017enjeve, metatarzalne kosti i potkoljenice<\/li>\n<li>Anatomski oblikovani TPU \u0161titnici za potkoljenicu i gle\u017enjeve \u2013 za otpornost na udarce i habanje<\/li>\n<li>Mekani umeci u gle\u017enju za pove\u0107anu udobnost i apsorpciju udaraca<\/li>\n<li>Ugra\u0111eni sustav dvostrukih \u0161arki za bolju kontrolu i stabilizaciju kretanja<\/li>\n<\/ul>\n<p>Dodatne informacije o proizvodu<\/p>\n<ul>\n<li>vodootporni model<\/li>\n<\/ul>\n<\/div>\n<\/div>\n<\/div>\n","protected":false},"excerpt":{"rendered":"<p>Boja: Crno-Sivo-Zlatna<\/p>\n","protected":false},"featured_media":200769,"comment_status":"open","ping_status":"closed","template":"","meta":{"_acf_changed":false},"brand":[2748],"gender":[2167],"product_brand":[],"product_cat":[2900,2733],"product_tag":[],"class_list":{"0":"post-200615","1":"product","2":"type-product","3":"status-publish","4":"has-post-thumbnail","6":"brand-alpinestars-hr","7":"gender-moski-en","8":"product_cat-motokros-cizme","9":"product_cat-oprema-za-motokros","10":"pa_size-10445-hr","11":"pa_size-11455-hr","12":"pa_size-1247-hr","13":"pa_size-1348-hr","14":"pa_size-14495-hr","15":"pa_size-1551-hr","16":"pa_size-1652-hr","17":"pa_size-538-hr","18":"pa_size-639-hr","19":"pa_size-7405-hr","20":"pa_size-842-hr","21":"pa_size-943-hr","23":"first","24":"instock","25":"sale","26":"taxable","27":"shipping-taxable","28":"purchasable","29":"product-type-variable"},"acf":[],"_links":{"self":[{"href":"https:\/\/moto-oprema.com\/hr\/wp-json\/wp\/v2\/product\/200615","targetHints":{"allow":["GET"]}}],"collection":[{"href":"https:\/\/moto-oprema.com\/hr\/wp-json\/wp\/v2\/product"}],"about":[{"href":"https:\/\/moto-oprema.com\/hr\/wp-json\/wp\/v2\/types\/product"}],"replies":[{"embeddable":true,"href":"https:\/\/moto-oprema.com\/hr\/wp-json\/wp\/v2\/comments?post=200615"}],"wp:featuredmedia":[{"embeddable":true,"href":"https:\/\/moto-oprema.com\/hr\/wp-json\/wp\/v2\/media\/200769"}],"wp:attachment":[{"href":"https:\/\/moto-oprema.com\/hr\/wp-json\/wp\/v2\/media?parent=200615"}],"wp:term":[{"taxonomy":"brand","embeddable":true,"href":"https:\/\/moto-oprema.com\/hr\/wp-json\/wp\/v2\/brand?post=200615"},{"taxonomy":"gender","embeddable":true,"href":"https:\/\/moto-oprema.com\/hr\/wp-json\/wp\/v2\/gender?post=200615"},{"taxonomy":"product_brand","embeddable":true,"href":"https:\/\/moto-oprema.com\/hr\/wp-json\/wp\/v2\/product_brand?post=200615"},{"taxonomy":"product_cat","embeddable":true,"href":"https:\/\/moto-oprema.com\/hr\/wp-json\/wp\/v2\/product_cat?post=200615"},{"taxonomy":"product_tag","embeddable":true,"href":"https:\/\/moto-oprema.com\/hr\/wp-json\/wp\/v2\/product_tag?post=200615"}],"curies":[{"name":"wp","href":"https:\/\/api.w.org\/{rel}","templated":true}]}}