{"id":200409,"date":"2026-01-16T09:20:21","date_gmt":"2026-01-16T09:20:21","guid":{"rendered":"https:\/\/moto-oprema.com\/?post_type=product&#038;p=200409"},"modified":"2026-01-16T09:29:56","modified_gmt":"2026-01-16T09:29:56","slug":"alpinestars-tech-7-enduro-cizme-crne-sive-narancaste-kopija","status":"publish","type":"product","link":"https:\/\/moto-oprema.com\/hr\/Artikel\/alpinestars-tech-7-enduro-cizme-crne-sive-narancaste-kopija\/","title":{"rendered":"ALPINESTARS TECH 7 ENDURO \u010cIZME CRNE SIVE SVIJETLO CRVENE"},"content":{"rendered":"<div id=\"tab-product-description\" class=\"ui-tabs-panel ui-widget-content ui-corner-bottom\">\n<div class=\"description\">\n<div id=\"tw-target-text-container\" class=\"tw-ta-container tw-nfl\">\n<p>Alpinestars Tech 7 Enduro motokros \u010dizme za 2026.<\/p>\n<p>Dizajnirane za najte\u017ei teren, \u010dizme Tech 7 Enduro kombiniraju naprednu za\u0161titu s inovativnim performansama. Potplat specifi\u010dan za enduro i promi\u0161ljena konstrukcija pru\u017eaju optimalnu kontrolu, udobnost i izdr\u017eljivost \u2013 na biciklu i izvan njega. <\/p>\n<p>Zna\u010dajke:<\/p>\n<ul>\n<li>Dvostruki kompozitni potplat integriran u vi\u0161eslojnu strukturu potplata \u2013 za visoku izdr\u017eljivost, prianjanje i osje\u0107aj vo\u017enje te pobolj\u0161ane performanse mijenjanja brzina<\/li>\n<li>Pro\u0161ireni raspon pode\u0161avanja gle\u017enja za optimalno pristajanje<\/li>\n<li>Mek\u0161a fleksibilna zona u prednjem dijelu stopala za pobolj\u0161anu pokretljivost<\/li>\n<li>Gornji dio od mikrovlakana oja\u010danih PU-om \u2013 fleksibilan, otporan na habanje, vodootporan i jednostavan za odr\u017eavanje<\/li>\n<li>Polimerne kop\u010de na bazi aluminija s brzim sustavom otpu\u0161tanja i automatskim pode\u0161avanjem \u2013 za precizno zatvaranje, izdr\u017eljivost i u\u0161tedu te\u017eine<\/li>\n<li>Produ\u017eena mikrovlaknasta navlaka protiv prodora vode i prljav\u0161tine<\/li>\n<li>Progresivni fleksibilni dizajn s umetcima koji apsorbiraju udarce u prednjem dijelu stopala<\/li>\n<li>TPU plo\u010da s oblikovanim dizajnom s unutarnje strane \u2013 za bolje prianjanje na biciklu i otpornost na toplinu i habanje<\/li>\n<\/ul>\n<p>Tehni\u010dki podaci:<\/p>\n<ul>\n<li>Za\u0161titne \u010dizme za motocikliste (EN 13634:2017)<\/li>\n<li>Medijalni i lateralni sustav dvostrukih zglobova \u2013 optimalno pozicioniran za fleksibilnost i kontrolu<\/li>\n<li>Opse\u017ena TPU za\u0161tita na prstima, stopalu, peti, gle\u017enju, metatarzalnoj kosti i potkoljenici s izuzetno izdr\u017eljivim zglobovima<\/li>\n<li>Podstavljeni \u0161titnici za potkoljenice i gle\u017enjeve \u2013 otporni na udarce i habanje<\/li>\n<li>Meka oja\u010danja na gle\u017enjevima za pove\u0107anu udobnost i apsorpciju udaraca<\/li>\n<\/ul>\n<p>&nbsp;<\/p>\n<\/div>\n<\/div>\n<\/div>\n","protected":false},"excerpt":{"rendered":"<p>Boja: Crno-Sivo-Zlatna<\/p>\n","protected":false},"featured_media":200455,"comment_status":"open","ping_status":"closed","template":"","meta":{"_acf_changed":false},"brand":[2748],"gender":[2168],"product_brand":[],"product_cat":[2900,2733],"product_tag":[],"class_list":{"0":"post-200409","1":"product","2":"type-product","3":"status-publish","4":"has-post-thumbnail","6":"brand-alpinestars-hr","7":"gender-moski-de","8":"product_cat-motokros-cizme","9":"product_cat-oprema-za-motokros","10":"pa_size-10445-hr","11":"pa_size-11455-hr","12":"pa_size-1247-hr","13":"pa_size-1348-hr","14":"pa_size-14495-hr","15":"pa_size-1551-hr","16":"pa_size-1652-hr","17":"pa_size-538-hr","18":"pa_size-639-hr","19":"pa_size-7405-hr","20":"pa_size-842-hr","21":"pa_size-943-hr","23":"first","24":"instock","25":"sale","26":"taxable","27":"shipping-taxable","28":"purchasable","29":"product-type-variable"},"acf":[],"_links":{"self":[{"href":"https:\/\/moto-oprema.com\/hr\/wp-json\/wp\/v2\/product\/200409","targetHints":{"allow":["GET"]}}],"collection":[{"href":"https:\/\/moto-oprema.com\/hr\/wp-json\/wp\/v2\/product"}],"about":[{"href":"https:\/\/moto-oprema.com\/hr\/wp-json\/wp\/v2\/types\/product"}],"replies":[{"embeddable":true,"href":"https:\/\/moto-oprema.com\/hr\/wp-json\/wp\/v2\/comments?post=200409"}],"wp:featuredmedia":[{"embeddable":true,"href":"https:\/\/moto-oprema.com\/hr\/wp-json\/wp\/v2\/media\/200455"}],"wp:attachment":[{"href":"https:\/\/moto-oprema.com\/hr\/wp-json\/wp\/v2\/media?parent=200409"}],"wp:term":[{"taxonomy":"brand","embeddable":true,"href":"https:\/\/moto-oprema.com\/hr\/wp-json\/wp\/v2\/brand?post=200409"},{"taxonomy":"gender","embeddable":true,"href":"https:\/\/moto-oprema.com\/hr\/wp-json\/wp\/v2\/gender?post=200409"},{"taxonomy":"product_brand","embeddable":true,"href":"https:\/\/moto-oprema.com\/hr\/wp-json\/wp\/v2\/product_brand?post=200409"},{"taxonomy":"product_cat","embeddable":true,"href":"https:\/\/moto-oprema.com\/hr\/wp-json\/wp\/v2\/product_cat?post=200409"},{"taxonomy":"product_tag","embeddable":true,"href":"https:\/\/moto-oprema.com\/hr\/wp-json\/wp\/v2\/product_tag?post=200409"}],"curies":[{"name":"wp","href":"https:\/\/api.w.org\/{rel}","templated":true}]}}