{"id":199731,"date":"2026-01-16T08:24:46","date_gmt":"2026-01-16T08:24:46","guid":{"rendered":"https:\/\/moto-oprema.com\/?post_type=product&#038;p=199731"},"modified":"2026-01-16T08:29:39","modified_gmt":"2026-01-16T08:29:39","slug":"alpinestars-moblast-vodootporna-jakna-crna-kopija","status":"publish","type":"product","link":"https:\/\/moto-oprema.com\/hr\/Artikel\/alpinestars-moblast-vodootporna-jakna-crna-kopija\/","title":{"rendered":"ALPINESTARS MOBLAST VODOOTPORNA JAKNA IRON SIVA"},"content":{"rendered":"<div id=\"tw-target-text-container\" class=\"tw-ta-container tw-nfl\">\n<p>Alpinestars Moblast WP vodootporna tekstilna jakna za motocikliste<\/p>\n<p>Mospher WP jakna je svestrana cjelogodi\u0161nja jakna za voza\u010de koji tra\u017ee funkcionalnost, stil i za\u0161titu od vremenskih uvjeta. Inspirirana takti\u010dkom, vojnom odje\u0107om, kombinira robusne materijale s modernim, urbanim dizajnom. Jakna nudi pouzdanu za\u0161titu u svim vremenskim uvjetima, visoku prilagodljivost i promi\u0161ljene detalje za svakodnevnu upotrebu na motociklu.  <\/p>\n<p>Zna\u010dajke:<\/p>\n<ul>\n<li>Robusna, oblo\u017eena ripstop tkanina s 300D oja\u010danjima na podru\u010djima koja se najvi\u0161e tro\u0161e poput laktova, rukava, kapulja\u010da i donjeg dijela le\u0111a<\/li>\n<li>Zatvorena, \u010dvrsto postavljena membrana za 100% za\u0161titu od vode po ki\u0161nom vremenu<\/li>\n<li>Veliki otvori za izravnu ventilaciju s patentnim zatvara\u010dima na rukavima i le\u0111ima osiguravaju u\u010dinkovitu cirkulaciju zraka u promjenjivim vremenskim uvjetima<\/li>\n<li>Uklonjiva termo podstava pru\u017ea dodatnu toplinu pri hladnijim temperaturama<\/li>\n<li>Sustav kop\u010danja kapulja\u010de s kop\u010dama sprje\u010dava lepr\u0161anje tijekom vo\u017enje i ima ugra\u0111eni unutarnji ovratnik za dodatnu za\u0161titu od vjetra.<\/li>\n<li>Podesiv kroj s podesivim rukavima, kapulja\u010dom, man\u017eetama i rubom \u2013 prilago\u0111en individualnim stilovima vo\u017enje.<\/li>\n<li>Prednji odvodni kanali i metalne petlje omogu\u0107uju brzo otjecanje vode tijekom vo\u017enje po ki\u0161i.<\/li>\n<li>Prostrani d\u017eepovi na prsima i rukama, uklju\u010duju\u0107i vodootporni vanjski d\u017eep i vodootporni unutarnji d\u017eep za sigurno pohranjivanje.<\/li>\n<li>Dr\u017ea\u010d za sun\u010dane nao\u010dale, reflektiraju\u0107i logotipi i prakti\u010dne ru\u010dke za patentni zatvara\u010d upotpunjuju funkcionalni dizajn.<\/li>\n<li>Elasti\u010dna spojna petlja s kop\u010dom za sigurno pri\u010dvr\u0161\u0107ivanje na Alpinestars hla\u010de.<\/li>\n<\/ul>\n<\/div>\n<div id=\"tw-target-text-container\" class=\"tw-ta-container tw-nfl\">\n<p>Tehni\u010dki podaci:<\/p>\n<ul>\n<li>Za\u0161titna odje\u0107a za motocikliste \u2013 EN 17092-4:2020 klasa A<\/li>\n<li>Ravni, vrlo fleksibilni i prozra\u010deni Nucleon Flex Plus \u0161titnici za ramena i laktove razine 1 pru\u017eaju u\u010dinkovitu za\u0161titu od udaraca uz visoku udobnost no\u0161enja.<\/li>\n<li>Dodatne informacije o proizvodu<\/li>\n<li>Materijal 100% poliester<\/li>\n<\/ul>\n<p>Funkcije<\/p>\n<ul>\n<li>\u0160titnici za laktove uklju\u010deni<\/li>\n<li>Uklju\u010deni \u0161titnici za ramena<\/li>\n<li>Vodootporno<\/li>\n<\/ul>\n<p>Klasa za\u0161tite A<\/p>\n<\/div>\n","protected":false},"excerpt":{"rendered":"","protected":false},"featured_media":199641,"comment_status":"open","ping_status":"closed","template":"","meta":{"_acf_changed":false},"brand":[2748],"gender":[1313],"product_brand":[],"product_cat":[2759,1356,2761],"product_tag":[],"class_list":{"0":"post-199731","1":"product","2":"type-product","3":"status-publish","4":"has-post-thumbnail","6":"brand-alpinestars-hr","7":"gender-moski","8":"product_cat-jakne-hr","9":"product_cat-motociklisticka-oprema","10":"product_cat-tekstilne-jakne-hr","11":"pa_size-3xl-hr","12":"pa_size-4xl-hr","13":"pa_size-l-hr","14":"pa_size-m-hr","15":"pa_size-s-hr","16":"pa_size-xl-hr","17":"pa_size-xxl-hr","19":"first","20":"instock","21":"sale","22":"taxable","23":"shipping-taxable","24":"purchasable","25":"product-type-variable"},"acf":[],"_links":{"self":[{"href":"https:\/\/moto-oprema.com\/hr\/wp-json\/wp\/v2\/product\/199731","targetHints":{"allow":["GET"]}}],"collection":[{"href":"https:\/\/moto-oprema.com\/hr\/wp-json\/wp\/v2\/product"}],"about":[{"href":"https:\/\/moto-oprema.com\/hr\/wp-json\/wp\/v2\/types\/product"}],"replies":[{"embeddable":true,"href":"https:\/\/moto-oprema.com\/hr\/wp-json\/wp\/v2\/comments?post=199731"}],"wp:featuredmedia":[{"embeddable":true,"href":"https:\/\/moto-oprema.com\/hr\/wp-json\/wp\/v2\/media\/199641"}],"wp:attachment":[{"href":"https:\/\/moto-oprema.com\/hr\/wp-json\/wp\/v2\/media?parent=199731"}],"wp:term":[{"taxonomy":"brand","embeddable":true,"href":"https:\/\/moto-oprema.com\/hr\/wp-json\/wp\/v2\/brand?post=199731"},{"taxonomy":"gender","embeddable":true,"href":"https:\/\/moto-oprema.com\/hr\/wp-json\/wp\/v2\/gender?post=199731"},{"taxonomy":"product_brand","embeddable":true,"href":"https:\/\/moto-oprema.com\/hr\/wp-json\/wp\/v2\/product_brand?post=199731"},{"taxonomy":"product_cat","embeddable":true,"href":"https:\/\/moto-oprema.com\/hr\/wp-json\/wp\/v2\/product_cat?post=199731"},{"taxonomy":"product_tag","embeddable":true,"href":"https:\/\/moto-oprema.com\/hr\/wp-json\/wp\/v2\/product_tag?post=199731"}],"curies":[{"name":"wp","href":"https:\/\/api.w.org\/{rel}","templated":true}]}}