{"id":198788,"date":"2026-01-14T10:52:12","date_gmt":"2026-01-14T10:52:12","guid":{"rendered":"https:\/\/moto-oprema.com\/?post_type=product&#038;p=198788"},"modified":"2026-01-14T11:13:25","modified_gmt":"2026-01-14T11:13:25","slug":"alpinestars-faster-4-crne-hladno-sive-bijele-kopija","status":"publish","type":"product","link":"https:\/\/moto-oprema.com\/hr\/Artikel\/alpinestars-faster-4-crne-hladno-sive-bijele-kopija\/","title":{"rendered":"ALPINESTARS STELLA FASTER 4 CRNE SREBRNE"},"content":{"rendered":"<p>Alpinestars Faster 4 Drystar \u017eenske vodootporne motociklisti\u010dke \u010dizme<\/p>\n<p>Stella Faster-4 kombinira sportski dizajn s vodootpornom Drystar\u00ae tehnologijom. Iznimno su lagane, prozra\u010dne i otporne na habanje &#8211; savr\u0161ene za vo\u017enju u svim vremenskim uvjetima. S podstavljenim potplatom, za\u0161titom za gle\u017enjeve i ergonomskim krojem nude visoku udobnost i pouzdanu sigurnost.  <\/p>\n<p>Zna\u010dajke:<\/p>\n<ul>\n<li>Gornji\u0161te od be\u0161avnih mikrovlakana s Drystar\u00ae membranom \u2013 100% vodootporno i prozra\u010dno<\/li>\n<li>Lagani, oja\u010dani gumeni potplat s potpornom valovitom strukturom za stabilnost i amortizaciju<\/li>\n<li>3D mre\u017easta podstava, podstavljeni jezik i ovratnik za udobnost i pristajanje<\/li>\n<li>Oja\u010dani TPU gle\u017eanj, unutarnja kapa i peta za za\u0161titu<\/li>\n<li>TPR kliza\u010d na kapici, asimetri\u010dni dizajn zone pomicanja<\/li>\n<li>Sustav vezanja s dodatnim \u010di\u010dkom za sigurno prianjanje<\/li>\n<li>Zamjenjivi EVA ulo\u017eak s Lycra povr\u0161inom<\/li>\n<\/ul>\n<p>Tehni\u010dki podaci:<\/p>\n<p>Za\u0161titne cipele za motocikliste EN 13634:2017<\/p>\n<p>Dodatne informacije o proizvodu<br \/>\n Karakteristike: vodootporni model<\/p>\n<p>Klasa za\u0161tite:<\/p>\n<ul>\n<li>Razina 1<\/li>\n<\/ul>\n","protected":false},"excerpt":{"rendered":"<p>Boja: Crno-fluorescentno \u017euta<\/p>\n","protected":false},"featured_media":198935,"comment_status":"open","ping_status":"closed","template":"","meta":{"_acf_changed":false},"brand":[2748],"gender":[2169],"product_brand":[],"product_cat":[2770,1356,2769],"product_tag":[],"class_list":{"0":"post-198788","1":"product","2":"type-product","3":"status-publish","4":"has-post-thumbnail","6":"brand-alpinestars-hr","7":"gender-zenska-en","8":"product_cat-gradska-obuca","9":"product_cat-motociklisticka-oprema","10":"product_cat-obuca","11":"pa_velikost-skornji-us-2784","12":"pa_velikost-skornji-us-1043-hr","13":"pa_velikost-skornji-us-1144-hr","14":"pa_velikost-skornji-us-2836","15":"pa_velikost-skornji-us-536-hr","16":"pa_velikost-skornji-us-2777","17":"pa_velikost-skornji-us-638-hr","18":"pa_velikost-skornji-us-2786","19":"pa_velikost-skornji-us-739-hr","20":"pa_velikost-skornji-us-2783","21":"pa_velikost-skornji-us-2780","22":"pa_velikost-skornji-us-2785","23":"pa_velikost-skornji-us-942-hr","25":"first","26":"instock","27":"sale","28":"taxable","29":"shipping-taxable","30":"purchasable","31":"product-type-variable"},"acf":[],"_links":{"self":[{"href":"https:\/\/moto-oprema.com\/hr\/wp-json\/wp\/v2\/product\/198788","targetHints":{"allow":["GET"]}}],"collection":[{"href":"https:\/\/moto-oprema.com\/hr\/wp-json\/wp\/v2\/product"}],"about":[{"href":"https:\/\/moto-oprema.com\/hr\/wp-json\/wp\/v2\/types\/product"}],"replies":[{"embeddable":true,"href":"https:\/\/moto-oprema.com\/hr\/wp-json\/wp\/v2\/comments?post=198788"}],"wp:featuredmedia":[{"embeddable":true,"href":"https:\/\/moto-oprema.com\/hr\/wp-json\/wp\/v2\/media\/198935"}],"wp:attachment":[{"href":"https:\/\/moto-oprema.com\/hr\/wp-json\/wp\/v2\/media?parent=198788"}],"wp:term":[{"taxonomy":"brand","embeddable":true,"href":"https:\/\/moto-oprema.com\/hr\/wp-json\/wp\/v2\/brand?post=198788"},{"taxonomy":"gender","embeddable":true,"href":"https:\/\/moto-oprema.com\/hr\/wp-json\/wp\/v2\/gender?post=198788"},{"taxonomy":"product_brand","embeddable":true,"href":"https:\/\/moto-oprema.com\/hr\/wp-json\/wp\/v2\/product_brand?post=198788"},{"taxonomy":"product_cat","embeddable":true,"href":"https:\/\/moto-oprema.com\/hr\/wp-json\/wp\/v2\/product_cat?post=198788"},{"taxonomy":"product_tag","embeddable":true,"href":"https:\/\/moto-oprema.com\/hr\/wp-json\/wp\/v2\/product_tag?post=198788"}],"curies":[{"name":"wp","href":"https:\/\/api.w.org\/{rel}","templated":true}]}}